{"id":798,"date":"2016-06-07T13:09:50","date_gmt":"2016-06-07T11:09:50","guid":{"rendered":"https:\/\/ratgeber-arzthaftung.de\/de\/?page_id=798"},"modified":"2019-11-28T16:57:20","modified_gmt":"2019-11-28T15:57:20","slug":"gesetzliche-grundlagen-zum-arzneimittelrecht","status":"publish","type":"page","link":"https:\/\/ratgeber-arzthaftung.de\/de\/rechtsgebiete\/anwalt-medizinrecht\/gesetzliche-grundlagen-zum-arzneimittelrecht\/","title":{"rendered":"Gesetzliche Grundlagen zum Arzneimittelrecht"},"content":{"rendered":"<h1>Gesetzliche Grundlagen zum Arzneimittelrecht<\/h1>\n<p>F\u00fcr das Arzneimittelrecht gelten eine Reihe gesetzlicher Grundlagen und Verordnungen, die Sie unter den folgenden Adressen nachschlagen k\u00f6nnen:<\/p>\n<ul>\n<li><a title=\"Arzneimittelgesetz (AMG)\" href=\"http:\/\/bundesrecht.juris.de\/amg_1976\/index.html\" target=\"_blank\" rel=\"nofollow noopener noreferrer\">Arzneimittelgesetz (AMG)<\/a><\/li>\n<li><a title=\"14. AMG-Novelle\" href=\"http:\/\/www.bmg.bund.de\/cln_041\/nn_603266\/SharedDocs\/Gesetzestexte\/Arzneimittel\/2-Vierzehntes-Gesetz-zur-aender-,templateId=raw,property=publicationFile.pdf\/2-Vierzehntes-Gesetz-zur-aender-.pdf\" target=\"_blank\" rel=\"nofollow noopener noreferrer\">14. AMG-Novelle<\/a><\/li>\n<li><a title=\"Arzneimittelverschreibungsverordnung\" href=\"http:\/\/www.gesetze-im-internet.de\/amvv\/index.html\" target=\"_blank\" rel=\"nofollow noopener noreferrer\">Verordnung \u00fcber die Verschreibungspflicht von Arzneimitteln (AMVV)<\/a><\/li>\n<li><a title=\"Heilmittel-Werbegesetz (HWG)\" href=\"http:\/\/www.gesetze-im-internet.de\/heilmwerbg\/index.html\" target=\"_blank\" rel=\"nofollow noopener noreferrer\">Heilmittel-Werbegesetz (HWG)<\/a><\/li>\n<li><a title=\"Kostenverordnung fuer die Zulassung von Arzneimitteln\" href=\"http:\/\/www.gesetze-im-internet.de\/amgkostv\/index.html\" target=\"_blank\" rel=\"nofollow noopener noreferrer\">AMG-Kostenverordnung<\/a><\/li>\n<li><a title=\"Erste Verordnung zur \u00c4nderung der AMG-KostV\" href=\"http:\/\/www.bmg.bund.de\/cln_040\/nn_603266\/SharedDocs\/Gesetzestexte\/Arzneimittel\/4-Erste-Verordnung-zur-aenderun-,templateId=raw,property=publicationFile.pdf\/4-Erste-Verordnung-zur-aenderun-.pdf\" target=\"_blank\" rel=\"nofollow noopener noreferrer\">Erste Verordnung zur \u00c4nderung der AMG-Kostenverordnung vom 21. Dezember 2004<\/a><\/li>\n<li><a title=\"GCP-Verordnung\" href=\"http:\/\/www.gesetze-im-internet.de\/gcp-v\/index.html\" target=\"_blank\" rel=\"nofollow noopener noreferrer\">Verordnung \u00fcber die Anwendung der Guten Klinischen Praxis bei der Durchf\u00fchrung von klinischen Pr\u00fcfungen mit Arzneimitteln zur Anwendung am Menschen (GCP-Verordnung)<\/a><\/li>\n<\/ul>\n","protected":false},"excerpt":{"rendered":"<p>Gesetzliche Grundlagen zum Arzneimittelrecht F\u00fcr das Arzneimittelrecht gelten eine Reihe gesetzlicher Grundlagen und Verordnungen, die Sie unter den folgenden Adressen nachschlagen k\u00f6nnen: Arzneimittelgesetz (AMG) 14. AMG-Novelle Verordnung \u00fcber die Verschreibungspflicht von Arzneimitteln (AMVV) Heilmittel-Werbegesetz (HWG) AMG-Kostenverordnung Erste Verordnung zur \u00c4nderung der AMG-Kostenverordnung vom 21. Dezember 2004 Verordnung \u00fcber die Anwendung der Guten Klinischen Praxis bei [&hellip;]<\/p>\n","protected":false},"author":1,"featured_media":0,"parent":32,"menu_order":0,"comment_status":"closed","ping_status":"closed","template":"","meta":{"_acf_changed":false,"footnotes":""},"class_list":["post-798","page","type-page","status-publish","hentry"],"acf":[],"yoast_head":"<!-- This site is optimized with the Yoast SEO plugin v26.2 - https:\/\/yoast.com\/wordpress\/plugins\/seo\/ -->\n<title>Anwalt Medizinprodukthaftung &gt; Gesetzliche Grundlagen zum Arzneimittelrecht | Schultze-Zeu \u2022 Manthei &amp; Kollegen<\/title>\n<meta name=\"description\" content=\"Fachanw\u00e4lte f\u00fcr Arzthaftung Behandlungsfehler Medizinrecht Geburtssch\u00e4den. Als Patientenanw\u00e4lte vertreten wir bundesweit, gerichtlich und au\u00dfergerichtlich.\" \/>\n<meta name=\"robots\" content=\"index, follow, max-snippet:-1, max-image-preview:large, max-video-preview:-1\" \/>\n<link rel=\"canonical\" href=\"https:\/\/ratgeber-arzthaftung.de\/de\/rechtsgebiete\/anwalt-medizinrecht\/gesetzliche-grundlagen-zum-arzneimittelrecht\/\" \/>\n<meta property=\"og:locale\" content=\"de_DE\" \/>\n<meta property=\"og:type\" content=\"article\" \/>\n<meta property=\"og:title\" content=\"Anwalt Medizinprodukthaftung &gt; Gesetzliche Grundlagen zum Arzneimittelrecht | Schultze-Zeu \u2022 Manthei &amp; Kollegen\" \/>\n<meta property=\"og:description\" content=\"Fachanw\u00e4lte f\u00fcr Arzthaftung Behandlungsfehler Medizinrecht Geburtssch\u00e4den. Als Patientenanw\u00e4lte vertreten wir bundesweit, gerichtlich und au\u00dfergerichtlich.\" \/>\n<meta property=\"og:url\" content=\"https:\/\/ratgeber-arzthaftung.de\/de\/rechtsgebiete\/anwalt-medizinrecht\/gesetzliche-grundlagen-zum-arzneimittelrecht\/\" \/>\n<meta property=\"og:site_name\" content=\"DE - Rechtsanw\u00e4lte Dr. Schultze-Zeu \u2022 Manthei &amp; Kollegen\" \/>\n<meta property=\"article:modified_time\" content=\"2019-11-28T15:57:20+00:00\" \/>\n<meta name=\"twitter:card\" content=\"summary_large_image\" \/>\n<script type=\"application\/ld+json\" class=\"yoast-schema-graph\">{\"@context\":\"https:\/\/schema.org\",\"@graph\":[{\"@type\":\"WebPage\",\"@id\":\"https:\/\/ratgeber-arzthaftung.de\/de\/rechtsgebiete\/anwalt-medizinrecht\/gesetzliche-grundlagen-zum-arzneimittelrecht\/\",\"url\":\"https:\/\/ratgeber-arzthaftung.de\/de\/rechtsgebiete\/anwalt-medizinrecht\/gesetzliche-grundlagen-zum-arzneimittelrecht\/\",\"name\":\"Anwalt Medizinprodukthaftung > Gesetzliche Grundlagen zum Arzneimittelrecht | Schultze-Zeu \u2022 Manthei & Kollegen\",\"isPartOf\":{\"@id\":\"https:\/\/ratgeber-arzthaftung.de\/de\/#website\"},\"datePublished\":\"2016-06-07T11:09:50+00:00\",\"dateModified\":\"2019-11-28T15:57:20+00:00\",\"description\":\"Fachanw\u00e4lte f\u00fcr Arzthaftung Behandlungsfehler Medizinrecht Geburtssch\u00e4den. Als Patientenanw\u00e4lte vertreten wir bundesweit, gerichtlich und au\u00dfergerichtlich.\",\"breadcrumb\":{\"@id\":\"https:\/\/ratgeber-arzthaftung.de\/de\/rechtsgebiete\/anwalt-medizinrecht\/gesetzliche-grundlagen-zum-arzneimittelrecht\/#breadcrumb\"},\"inLanguage\":\"de\",\"potentialAction\":[{\"@type\":\"ReadAction\",\"target\":[\"https:\/\/ratgeber-arzthaftung.de\/de\/rechtsgebiete\/anwalt-medizinrecht\/gesetzliche-grundlagen-zum-arzneimittelrecht\/\"]}]},{\"@type\":\"BreadcrumbList\",\"@id\":\"https:\/\/ratgeber-arzthaftung.de\/de\/rechtsgebiete\/anwalt-medizinrecht\/gesetzliche-grundlagen-zum-arzneimittelrecht\/#breadcrumb\",\"itemListElement\":[{\"@type\":\"ListItem\",\"position\":1,\"name\":\"Startseite\",\"item\":\"https:\/\/ratgeber-arzthaftung.de\/de\/\"},{\"@type\":\"ListItem\",\"position\":2,\"name\":\"Rechtsgebiete\",\"item\":\"https:\/\/ratgeber-arzthaftung.de\/de\/rechtsgebiete\/\"},{\"@type\":\"ListItem\",\"position\":3,\"name\":\"Medizinproduktehaftung\",\"item\":\"https:\/\/ratgeber-arzthaftung.de\/de\/rechtsgebiete\/anwalt-medizinrecht\/\"},{\"@type\":\"ListItem\",\"position\":4,\"name\":\"Gesetzliche Grundlagen zum Arzneimittelrecht\"}]},{\"@type\":\"WebSite\",\"@id\":\"https:\/\/ratgeber-arzthaftung.de\/de\/#website\",\"url\":\"https:\/\/ratgeber-arzthaftung.de\/de\/\",\"name\":\"DE -Geburtsschaden-Arzthaftung Rechtsanw\u00e4lte Dr. Schultze-Zeu \u2022 Manthei &amp; Kollegen\",\"description\":\"Anw\u00e4lte f\u00fcr Arzthaftung, Geburtssch\u00e4den, Medizinrecht und Medizinprodukthaftung. Wir sind bundesweit t\u00e4tig!\",\"publisher\":{\"@id\":\"https:\/\/ratgeber-arzthaftung.de\/de\/#organization\"},\"potentialAction\":[{\"@type\":\"SearchAction\",\"target\":{\"@type\":\"EntryPoint\",\"urlTemplate\":\"https:\/\/ratgeber-arzthaftung.de\/de\/?s={search_term_string}\"},\"query-input\":{\"@type\":\"PropertyValueSpecification\",\"valueRequired\":true,\"valueName\":\"search_term_string\"}}],\"inLanguage\":\"de\"},{\"@type\":\"Organization\",\"@id\":\"https:\/\/ratgeber-arzthaftung.de\/de\/#organization\",\"name\":\"Anwaltskanzlei Berlin Dr. Schultze-Zeu Manthei & Kollegen\",\"url\":\"https:\/\/ratgeber-arzthaftung.de\/de\/\",\"logo\":{\"@type\":\"ImageObject\",\"inLanguage\":\"de\",\"@id\":\"https:\/\/ratgeber-arzthaftung.de\/de\/#\/schema\/logo\/image\/\",\"url\":\"https:\/\/ratgeber-arzthaftung.de\/de\/wp-content\/uploads\/sites\/2\/2016\/06\/smk-logo_mobile.png\",\"contentUrl\":\"https:\/\/ratgeber-arzthaftung.de\/de\/wp-content\/uploads\/sites\/2\/2016\/06\/smk-logo_mobile.png\",\"width\":206,\"height\":61,\"caption\":\"Anwaltskanzlei Berlin Dr. Schultze-Zeu Manthei & Kollegen\"},\"image\":{\"@id\":\"https:\/\/ratgeber-arzthaftung.de\/de\/#\/schema\/logo\/image\/\"}}]}<\/script>\n<!-- \/ Yoast SEO plugin. -->","yoast_head_json":{"title":"Anwalt Medizinprodukthaftung > Gesetzliche Grundlagen zum Arzneimittelrecht | Schultze-Zeu \u2022 Manthei & Kollegen","description":"Fachanw\u00e4lte f\u00fcr Arzthaftung Behandlungsfehler Medizinrecht Geburtssch\u00e4den. Als Patientenanw\u00e4lte vertreten wir bundesweit, gerichtlich und au\u00dfergerichtlich.","robots":{"index":"index","follow":"follow","max-snippet":"max-snippet:-1","max-image-preview":"max-image-preview:large","max-video-preview":"max-video-preview:-1"},"canonical":"https:\/\/ratgeber-arzthaftung.de\/de\/rechtsgebiete\/anwalt-medizinrecht\/gesetzliche-grundlagen-zum-arzneimittelrecht\/","og_locale":"de_DE","og_type":"article","og_title":"Anwalt Medizinprodukthaftung > Gesetzliche Grundlagen zum Arzneimittelrecht | Schultze-Zeu \u2022 Manthei & Kollegen","og_description":"Fachanw\u00e4lte f\u00fcr Arzthaftung Behandlungsfehler Medizinrecht Geburtssch\u00e4den. Als Patientenanw\u00e4lte vertreten wir bundesweit, gerichtlich und au\u00dfergerichtlich.","og_url":"https:\/\/ratgeber-arzthaftung.de\/de\/rechtsgebiete\/anwalt-medizinrecht\/gesetzliche-grundlagen-zum-arzneimittelrecht\/","og_site_name":"DE - Rechtsanw\u00e4lte Dr. Schultze-Zeu \u2022 Manthei &amp; Kollegen","article_modified_time":"2019-11-28T15:57:20+00:00","twitter_card":"summary_large_image","schema":{"@context":"https:\/\/schema.org","@graph":[{"@type":"WebPage","@id":"https:\/\/ratgeber-arzthaftung.de\/de\/rechtsgebiete\/anwalt-medizinrecht\/gesetzliche-grundlagen-zum-arzneimittelrecht\/","url":"https:\/\/ratgeber-arzthaftung.de\/de\/rechtsgebiete\/anwalt-medizinrecht\/gesetzliche-grundlagen-zum-arzneimittelrecht\/","name":"Anwalt Medizinprodukthaftung > Gesetzliche Grundlagen zum Arzneimittelrecht | Schultze-Zeu \u2022 Manthei & Kollegen","isPartOf":{"@id":"https:\/\/ratgeber-arzthaftung.de\/de\/#website"},"datePublished":"2016-06-07T11:09:50+00:00","dateModified":"2019-11-28T15:57:20+00:00","description":"Fachanw\u00e4lte f\u00fcr Arzthaftung Behandlungsfehler Medizinrecht Geburtssch\u00e4den. Als Patientenanw\u00e4lte vertreten wir bundesweit, gerichtlich und au\u00dfergerichtlich.","breadcrumb":{"@id":"https:\/\/ratgeber-arzthaftung.de\/de\/rechtsgebiete\/anwalt-medizinrecht\/gesetzliche-grundlagen-zum-arzneimittelrecht\/#breadcrumb"},"inLanguage":"de","potentialAction":[{"@type":"ReadAction","target":["https:\/\/ratgeber-arzthaftung.de\/de\/rechtsgebiete\/anwalt-medizinrecht\/gesetzliche-grundlagen-zum-arzneimittelrecht\/"]}]},{"@type":"BreadcrumbList","@id":"https:\/\/ratgeber-arzthaftung.de\/de\/rechtsgebiete\/anwalt-medizinrecht\/gesetzliche-grundlagen-zum-arzneimittelrecht\/#breadcrumb","itemListElement":[{"@type":"ListItem","position":1,"name":"Startseite","item":"https:\/\/ratgeber-arzthaftung.de\/de\/"},{"@type":"ListItem","position":2,"name":"Rechtsgebiete","item":"https:\/\/ratgeber-arzthaftung.de\/de\/rechtsgebiete\/"},{"@type":"ListItem","position":3,"name":"Medizinproduktehaftung","item":"https:\/\/ratgeber-arzthaftung.de\/de\/rechtsgebiete\/anwalt-medizinrecht\/"},{"@type":"ListItem","position":4,"name":"Gesetzliche Grundlagen zum Arzneimittelrecht"}]},{"@type":"WebSite","@id":"https:\/\/ratgeber-arzthaftung.de\/de\/#website","url":"https:\/\/ratgeber-arzthaftung.de\/de\/","name":"DE -Geburtsschaden-Arzthaftung Rechtsanw\u00e4lte Dr. Schultze-Zeu \u2022 Manthei &amp; Kollegen","description":"Anw\u00e4lte f\u00fcr Arzthaftung, Geburtssch\u00e4den, Medizinrecht und Medizinprodukthaftung. Wir sind bundesweit t\u00e4tig!","publisher":{"@id":"https:\/\/ratgeber-arzthaftung.de\/de\/#organization"},"potentialAction":[{"@type":"SearchAction","target":{"@type":"EntryPoint","urlTemplate":"https:\/\/ratgeber-arzthaftung.de\/de\/?s={search_term_string}"},"query-input":{"@type":"PropertyValueSpecification","valueRequired":true,"valueName":"search_term_string"}}],"inLanguage":"de"},{"@type":"Organization","@id":"https:\/\/ratgeber-arzthaftung.de\/de\/#organization","name":"Anwaltskanzlei Berlin Dr. Schultze-Zeu Manthei & Kollegen","url":"https:\/\/ratgeber-arzthaftung.de\/de\/","logo":{"@type":"ImageObject","inLanguage":"de","@id":"https:\/\/ratgeber-arzthaftung.de\/de\/#\/schema\/logo\/image\/","url":"https:\/\/ratgeber-arzthaftung.de\/de\/wp-content\/uploads\/sites\/2\/2016\/06\/smk-logo_mobile.png","contentUrl":"https:\/\/ratgeber-arzthaftung.de\/de\/wp-content\/uploads\/sites\/2\/2016\/06\/smk-logo_mobile.png","width":206,"height":61,"caption":"Anwaltskanzlei Berlin Dr. Schultze-Zeu Manthei & Kollegen"},"image":{"@id":"https:\/\/ratgeber-arzthaftung.de\/de\/#\/schema\/logo\/image\/"}}]}},"_links":{"self":[{"href":"https:\/\/ratgeber-arzthaftung.de\/de\/wp-json\/wp\/v2\/pages\/798","targetHints":{"allow":["GET"]}}],"collection":[{"href":"https:\/\/ratgeber-arzthaftung.de\/de\/wp-json\/wp\/v2\/pages"}],"about":[{"href":"https:\/\/ratgeber-arzthaftung.de\/de\/wp-json\/wp\/v2\/types\/page"}],"author":[{"embeddable":true,"href":"https:\/\/ratgeber-arzthaftung.de\/de\/wp-json\/wp\/v2\/users\/1"}],"replies":[{"embeddable":true,"href":"https:\/\/ratgeber-arzthaftung.de\/de\/wp-json\/wp\/v2\/comments?post=798"}],"version-history":[{"count":0,"href":"https:\/\/ratgeber-arzthaftung.de\/de\/wp-json\/wp\/v2\/pages\/798\/revisions"}],"up":[{"embeddable":true,"href":"https:\/\/ratgeber-arzthaftung.de\/de\/wp-json\/wp\/v2\/pages\/32"}],"wp:attachment":[{"href":"https:\/\/ratgeber-arzthaftung.de\/de\/wp-json\/wp\/v2\/media?parent=798"}],"curies":[{"name":"wp","href":"https:\/\/api.w.org\/{rel}","templated":true}]}}