{"id":796,"date":"2016-06-07T13:08:06","date_gmt":"2016-06-07T11:08:06","guid":{"rendered":"https:\/\/ratgeber-arzthaftung.de\/de\/?page_id=796"},"modified":"2019-11-28T16:57:35","modified_gmt":"2019-11-28T15:57:35","slug":"gesetzliche-grundlagen-des-medizinprodukthaftungsrechts","status":"publish","type":"page","link":"https:\/\/ratgeber-arzthaftung.de\/de\/rechtsgebiete\/anwalt-medizinrecht\/gesetzliche-grundlagen-des-medizinprodukthaftungsrechts\/","title":{"rendered":"Gesetzliche Grundlagen des Medizinprodukthaftungsrechts"},"content":{"rendered":"<h1>Gesetzliche Grundlagen des Medizinprodukthaftungsrechts<\/h1>\n<p>F\u00fcr Medizinprodukte gelten eine Reihe gesetzlicher Grundlagen und Verordnungen, die Sie unter den folgenden Adressen nachschlagen k\u00f6nnen:<\/p>\n<ul>\n<li><a title=\"Medizinproduktegesetz\" href=\"http:\/\/bundesrecht.juris.de\/mpg\/index.html\" target=\"_blank\" rel=\"nofollow noopener noreferrer\">Medizinproduktegesetz<\/a><\/li>\n<li><a title=\"Medizinprodukte-Verordnung (MPV)\" href=\"http:\/\/www.gesetze-im-internet.de\/mpv_2002\/index.html\" target=\"_blank\" rel=\"nofollow noopener noreferrer\">Medizinprodukte-Verordnung (MPV)<\/a><\/li>\n<li><a title=\"Medizinprodukte-Geb\u00fchrenverordnung\" href=\"http:\/\/www.gesetze-im-internet.de\/bkostv-mpg\/index.html\" target=\"_blank\" rel=\"nofollow noopener noreferrer\">Geb\u00fchrenverordnung zum Medizinproduktegesetz und den zu seiner Durchf\u00fchrung ergangenen Rechtsverordnungen (Medizinprodukte-Geb\u00fchrenverordnung)<\/a><\/li>\n<li><a title=\"Medizinprodukte-Sicherheitsplanverordnung (MPSV)\" href=\"http:\/\/www.gesetze-im-internet.de\/mpsv\/index.html\" target=\"_blank\" rel=\"nofollow noopener noreferrer\">Medizinprodukte-Sicherheitsplanverordnung (MPSV)<\/a><\/li>\n<li><a title=\"Medizinprodukte-Betreiberverordnung (MPBetreibV)\" href=\"http:\/\/www.gesetze-im-internet.de\/mpbetreibv\/index.html\" target=\"_blank\" rel=\"nofollow noopener noreferrer\">Medizinprodukte-Betreiberverordnung (MPBetreibV)<\/a><\/li>\n<li><a title=\"Verordnung \u00fcber die Verschreibungspflicht von Medizinprodukten (MPVerschrV)\" href=\"http:\/\/www.gmp-compliance.org\/guidemgr\/files\/MPVERSCHV.PDF\" target=\"_blank\" rel=\"nofollow noopener noreferrer\">Verordnung \u00fcber die Verschreibungspflicht von Medizinprodukten (MPVerschrV)<\/a><\/li>\n<li><a title=\"Verordnung \u00fcber Vertriebswege f\u00fcr Medizinprodukte (MPVertV)\" href=\"http:\/\/www.tuev-nord.de\/cps\/rde\/xbcr\/tng_de\/MPVertrV.pdf\" target=\"_blank\" rel=\"nofollow noopener noreferrer\">Verordnung \u00fcber Vertriebswege f\u00fcr Medizinprodukte (MPVertV)<\/a><\/li>\n<li><a title=\"DIMDI-Verordnung (DIMDIV)\" href=\"http:\/\/bundesrecht.juris.de\/dimdiv\/index.html\" target=\"_blank\" rel=\"nofollow noopener noreferrer\">DIMDI-Verordnung (DIMDIV)<\/a><\/li>\n<\/ul>\n","protected":false},"excerpt":{"rendered":"<p>Gesetzliche Grundlagen des Medizinprodukthaftungsrechts F\u00fcr Medizinprodukte gelten eine Reihe gesetzlicher Grundlagen und Verordnungen, die Sie unter den folgenden Adressen nachschlagen k\u00f6nnen: Medizinproduktegesetz Medizinprodukte-Verordnung (MPV) Geb\u00fchrenverordnung zum Medizinproduktegesetz und den zu seiner Durchf\u00fchrung ergangenen Rechtsverordnungen (Medizinprodukte-Geb\u00fchrenverordnung) Medizinprodukte-Sicherheitsplanverordnung (MPSV) Medizinprodukte-Betreiberverordnung (MPBetreibV) Verordnung \u00fcber die Verschreibungspflicht von Medizinprodukten (MPVerschrV) Verordnung \u00fcber Vertriebswege f\u00fcr Medizinprodukte (MPVertV) DIMDI-Verordnung (DIMDIV)<\/p>\n","protected":false},"author":1,"featured_media":0,"parent":32,"menu_order":0,"comment_status":"closed","ping_status":"closed","template":"","meta":{"_acf_changed":false,"footnotes":""},"class_list":["post-796","page","type-page","status-publish","hentry"],"acf":[],"yoast_head":"<!-- This site is optimized with the Yoast SEO plugin v26.2 - https:\/\/yoast.com\/wordpress\/plugins\/seo\/ -->\n<title>Anwalt Medizinprodukthaftung &gt; Gesetzliche Grundlagen | Schultze-Zeu \u2022 Manthei &amp; Kollegen<\/title>\n<meta name=\"description\" content=\"Fachanw\u00e4lte f\u00fcr Arzthaftung Behandlungsfehler Medizinrecht Geburtssch\u00e4den. Als Patientenanw\u00e4lte vertreten wir bundesweit, gerichtlich und au\u00dfergerichtlich.\" \/>\n<meta name=\"robots\" content=\"index, follow, max-snippet:-1, max-image-preview:large, max-video-preview:-1\" \/>\n<link rel=\"canonical\" href=\"https:\/\/ratgeber-arzthaftung.de\/de\/rechtsgebiete\/anwalt-medizinrecht\/gesetzliche-grundlagen-des-medizinprodukthaftungsrechts\/\" \/>\n<meta property=\"og:locale\" content=\"de_DE\" \/>\n<meta property=\"og:type\" content=\"article\" \/>\n<meta property=\"og:title\" content=\"Anwalt Medizinprodukthaftung &gt; Gesetzliche Grundlagen | Schultze-Zeu \u2022 Manthei &amp; Kollegen\" \/>\n<meta property=\"og:description\" content=\"Fachanw\u00e4lte f\u00fcr Arzthaftung Behandlungsfehler Medizinrecht Geburtssch\u00e4den. Als Patientenanw\u00e4lte vertreten wir bundesweit, gerichtlich und au\u00dfergerichtlich.\" \/>\n<meta property=\"og:url\" content=\"https:\/\/ratgeber-arzthaftung.de\/de\/rechtsgebiete\/anwalt-medizinrecht\/gesetzliche-grundlagen-des-medizinprodukthaftungsrechts\/\" \/>\n<meta property=\"og:site_name\" content=\"DE - Rechtsanw\u00e4lte Dr. Schultze-Zeu \u2022 Manthei &amp; Kollegen\" \/>\n<meta property=\"article:modified_time\" content=\"2019-11-28T15:57:35+00:00\" \/>\n<meta name=\"twitter:card\" content=\"summary_large_image\" \/>\n<script type=\"application\/ld+json\" class=\"yoast-schema-graph\">{\"@context\":\"https:\/\/schema.org\",\"@graph\":[{\"@type\":\"WebPage\",\"@id\":\"https:\/\/ratgeber-arzthaftung.de\/de\/rechtsgebiete\/anwalt-medizinrecht\/gesetzliche-grundlagen-des-medizinprodukthaftungsrechts\/\",\"url\":\"https:\/\/ratgeber-arzthaftung.de\/de\/rechtsgebiete\/anwalt-medizinrecht\/gesetzliche-grundlagen-des-medizinprodukthaftungsrechts\/\",\"name\":\"Anwalt Medizinprodukthaftung > Gesetzliche Grundlagen | Schultze-Zeu \u2022 Manthei & Kollegen\",\"isPartOf\":{\"@id\":\"https:\/\/ratgeber-arzthaftung.de\/de\/#website\"},\"datePublished\":\"2016-06-07T11:08:06+00:00\",\"dateModified\":\"2019-11-28T15:57:35+00:00\",\"description\":\"Fachanw\u00e4lte f\u00fcr Arzthaftung Behandlungsfehler Medizinrecht Geburtssch\u00e4den. Als Patientenanw\u00e4lte vertreten wir bundesweit, gerichtlich und au\u00dfergerichtlich.\",\"breadcrumb\":{\"@id\":\"https:\/\/ratgeber-arzthaftung.de\/de\/rechtsgebiete\/anwalt-medizinrecht\/gesetzliche-grundlagen-des-medizinprodukthaftungsrechts\/#breadcrumb\"},\"inLanguage\":\"de\",\"potentialAction\":[{\"@type\":\"ReadAction\",\"target\":[\"https:\/\/ratgeber-arzthaftung.de\/de\/rechtsgebiete\/anwalt-medizinrecht\/gesetzliche-grundlagen-des-medizinprodukthaftungsrechts\/\"]}]},{\"@type\":\"BreadcrumbList\",\"@id\":\"https:\/\/ratgeber-arzthaftung.de\/de\/rechtsgebiete\/anwalt-medizinrecht\/gesetzliche-grundlagen-des-medizinprodukthaftungsrechts\/#breadcrumb\",\"itemListElement\":[{\"@type\":\"ListItem\",\"position\":1,\"name\":\"Startseite\",\"item\":\"https:\/\/ratgeber-arzthaftung.de\/de\/\"},{\"@type\":\"ListItem\",\"position\":2,\"name\":\"Rechtsgebiete\",\"item\":\"https:\/\/ratgeber-arzthaftung.de\/de\/rechtsgebiete\/\"},{\"@type\":\"ListItem\",\"position\":3,\"name\":\"Medizinproduktehaftung\",\"item\":\"https:\/\/ratgeber-arzthaftung.de\/de\/rechtsgebiete\/anwalt-medizinrecht\/\"},{\"@type\":\"ListItem\",\"position\":4,\"name\":\"Gesetzliche Grundlagen des Medizinprodukthaftungsrechts\"}]},{\"@type\":\"WebSite\",\"@id\":\"https:\/\/ratgeber-arzthaftung.de\/de\/#website\",\"url\":\"https:\/\/ratgeber-arzthaftung.de\/de\/\",\"name\":\"DE -Geburtsschaden-Arzthaftung Rechtsanw\u00e4lte Dr. Schultze-Zeu \u2022 Manthei &amp; Kollegen\",\"description\":\"Anw\u00e4lte f\u00fcr Arzthaftung, Geburtssch\u00e4den, Medizinrecht und Medizinprodukthaftung. Wir sind bundesweit t\u00e4tig!\",\"publisher\":{\"@id\":\"https:\/\/ratgeber-arzthaftung.de\/de\/#organization\"},\"potentialAction\":[{\"@type\":\"SearchAction\",\"target\":{\"@type\":\"EntryPoint\",\"urlTemplate\":\"https:\/\/ratgeber-arzthaftung.de\/de\/?s={search_term_string}\"},\"query-input\":{\"@type\":\"PropertyValueSpecification\",\"valueRequired\":true,\"valueName\":\"search_term_string\"}}],\"inLanguage\":\"de\"},{\"@type\":\"Organization\",\"@id\":\"https:\/\/ratgeber-arzthaftung.de\/de\/#organization\",\"name\":\"Anwaltskanzlei Berlin Dr. Schultze-Zeu Manthei & Kollegen\",\"url\":\"https:\/\/ratgeber-arzthaftung.de\/de\/\",\"logo\":{\"@type\":\"ImageObject\",\"inLanguage\":\"de\",\"@id\":\"https:\/\/ratgeber-arzthaftung.de\/de\/#\/schema\/logo\/image\/\",\"url\":\"https:\/\/ratgeber-arzthaftung.de\/de\/wp-content\/uploads\/sites\/2\/2016\/06\/smk-logo_mobile.png\",\"contentUrl\":\"https:\/\/ratgeber-arzthaftung.de\/de\/wp-content\/uploads\/sites\/2\/2016\/06\/smk-logo_mobile.png\",\"width\":206,\"height\":61,\"caption\":\"Anwaltskanzlei Berlin Dr. Schultze-Zeu Manthei & Kollegen\"},\"image\":{\"@id\":\"https:\/\/ratgeber-arzthaftung.de\/de\/#\/schema\/logo\/image\/\"}}]}<\/script>\n<!-- \/ Yoast SEO plugin. -->","yoast_head_json":{"title":"Anwalt Medizinprodukthaftung > Gesetzliche Grundlagen | Schultze-Zeu \u2022 Manthei & Kollegen","description":"Fachanw\u00e4lte f\u00fcr Arzthaftung Behandlungsfehler Medizinrecht Geburtssch\u00e4den. Als Patientenanw\u00e4lte vertreten wir bundesweit, gerichtlich und au\u00dfergerichtlich.","robots":{"index":"index","follow":"follow","max-snippet":"max-snippet:-1","max-image-preview":"max-image-preview:large","max-video-preview":"max-video-preview:-1"},"canonical":"https:\/\/ratgeber-arzthaftung.de\/de\/rechtsgebiete\/anwalt-medizinrecht\/gesetzliche-grundlagen-des-medizinprodukthaftungsrechts\/","og_locale":"de_DE","og_type":"article","og_title":"Anwalt Medizinprodukthaftung > Gesetzliche Grundlagen | Schultze-Zeu \u2022 Manthei & Kollegen","og_description":"Fachanw\u00e4lte f\u00fcr Arzthaftung Behandlungsfehler Medizinrecht Geburtssch\u00e4den. Als Patientenanw\u00e4lte vertreten wir bundesweit, gerichtlich und au\u00dfergerichtlich.","og_url":"https:\/\/ratgeber-arzthaftung.de\/de\/rechtsgebiete\/anwalt-medizinrecht\/gesetzliche-grundlagen-des-medizinprodukthaftungsrechts\/","og_site_name":"DE - Rechtsanw\u00e4lte Dr. Schultze-Zeu \u2022 Manthei &amp; Kollegen","article_modified_time":"2019-11-28T15:57:35+00:00","twitter_card":"summary_large_image","schema":{"@context":"https:\/\/schema.org","@graph":[{"@type":"WebPage","@id":"https:\/\/ratgeber-arzthaftung.de\/de\/rechtsgebiete\/anwalt-medizinrecht\/gesetzliche-grundlagen-des-medizinprodukthaftungsrechts\/","url":"https:\/\/ratgeber-arzthaftung.de\/de\/rechtsgebiete\/anwalt-medizinrecht\/gesetzliche-grundlagen-des-medizinprodukthaftungsrechts\/","name":"Anwalt Medizinprodukthaftung > Gesetzliche Grundlagen | Schultze-Zeu \u2022 Manthei & Kollegen","isPartOf":{"@id":"https:\/\/ratgeber-arzthaftung.de\/de\/#website"},"datePublished":"2016-06-07T11:08:06+00:00","dateModified":"2019-11-28T15:57:35+00:00","description":"Fachanw\u00e4lte f\u00fcr Arzthaftung Behandlungsfehler Medizinrecht Geburtssch\u00e4den. Als Patientenanw\u00e4lte vertreten wir bundesweit, gerichtlich und au\u00dfergerichtlich.","breadcrumb":{"@id":"https:\/\/ratgeber-arzthaftung.de\/de\/rechtsgebiete\/anwalt-medizinrecht\/gesetzliche-grundlagen-des-medizinprodukthaftungsrechts\/#breadcrumb"},"inLanguage":"de","potentialAction":[{"@type":"ReadAction","target":["https:\/\/ratgeber-arzthaftung.de\/de\/rechtsgebiete\/anwalt-medizinrecht\/gesetzliche-grundlagen-des-medizinprodukthaftungsrechts\/"]}]},{"@type":"BreadcrumbList","@id":"https:\/\/ratgeber-arzthaftung.de\/de\/rechtsgebiete\/anwalt-medizinrecht\/gesetzliche-grundlagen-des-medizinprodukthaftungsrechts\/#breadcrumb","itemListElement":[{"@type":"ListItem","position":1,"name":"Startseite","item":"https:\/\/ratgeber-arzthaftung.de\/de\/"},{"@type":"ListItem","position":2,"name":"Rechtsgebiete","item":"https:\/\/ratgeber-arzthaftung.de\/de\/rechtsgebiete\/"},{"@type":"ListItem","position":3,"name":"Medizinproduktehaftung","item":"https:\/\/ratgeber-arzthaftung.de\/de\/rechtsgebiete\/anwalt-medizinrecht\/"},{"@type":"ListItem","position":4,"name":"Gesetzliche Grundlagen des Medizinprodukthaftungsrechts"}]},{"@type":"WebSite","@id":"https:\/\/ratgeber-arzthaftung.de\/de\/#website","url":"https:\/\/ratgeber-arzthaftung.de\/de\/","name":"DE -Geburtsschaden-Arzthaftung Rechtsanw\u00e4lte Dr. Schultze-Zeu \u2022 Manthei &amp; Kollegen","description":"Anw\u00e4lte f\u00fcr Arzthaftung, Geburtssch\u00e4den, Medizinrecht und Medizinprodukthaftung. Wir sind bundesweit t\u00e4tig!","publisher":{"@id":"https:\/\/ratgeber-arzthaftung.de\/de\/#organization"},"potentialAction":[{"@type":"SearchAction","target":{"@type":"EntryPoint","urlTemplate":"https:\/\/ratgeber-arzthaftung.de\/de\/?s={search_term_string}"},"query-input":{"@type":"PropertyValueSpecification","valueRequired":true,"valueName":"search_term_string"}}],"inLanguage":"de"},{"@type":"Organization","@id":"https:\/\/ratgeber-arzthaftung.de\/de\/#organization","name":"Anwaltskanzlei Berlin Dr. Schultze-Zeu Manthei & Kollegen","url":"https:\/\/ratgeber-arzthaftung.de\/de\/","logo":{"@type":"ImageObject","inLanguage":"de","@id":"https:\/\/ratgeber-arzthaftung.de\/de\/#\/schema\/logo\/image\/","url":"https:\/\/ratgeber-arzthaftung.de\/de\/wp-content\/uploads\/sites\/2\/2016\/06\/smk-logo_mobile.png","contentUrl":"https:\/\/ratgeber-arzthaftung.de\/de\/wp-content\/uploads\/sites\/2\/2016\/06\/smk-logo_mobile.png","width":206,"height":61,"caption":"Anwaltskanzlei Berlin Dr. Schultze-Zeu Manthei & Kollegen"},"image":{"@id":"https:\/\/ratgeber-arzthaftung.de\/de\/#\/schema\/logo\/image\/"}}]}},"_links":{"self":[{"href":"https:\/\/ratgeber-arzthaftung.de\/de\/wp-json\/wp\/v2\/pages\/796","targetHints":{"allow":["GET"]}}],"collection":[{"href":"https:\/\/ratgeber-arzthaftung.de\/de\/wp-json\/wp\/v2\/pages"}],"about":[{"href":"https:\/\/ratgeber-arzthaftung.de\/de\/wp-json\/wp\/v2\/types\/page"}],"author":[{"embeddable":true,"href":"https:\/\/ratgeber-arzthaftung.de\/de\/wp-json\/wp\/v2\/users\/1"}],"replies":[{"embeddable":true,"href":"https:\/\/ratgeber-arzthaftung.de\/de\/wp-json\/wp\/v2\/comments?post=796"}],"version-history":[{"count":0,"href":"https:\/\/ratgeber-arzthaftung.de\/de\/wp-json\/wp\/v2\/pages\/796\/revisions"}],"up":[{"embeddable":true,"href":"https:\/\/ratgeber-arzthaftung.de\/de\/wp-json\/wp\/v2\/pages\/32"}],"wp:attachment":[{"href":"https:\/\/ratgeber-arzthaftung.de\/de\/wp-json\/wp\/v2\/media?parent=796"}],"curies":[{"name":"wp","href":"https:\/\/api.w.org\/{rel}","templated":true}]}}