{"id":781,"date":"2024-06-07T12:43:06","date_gmt":"2024-06-07T10:43:06","guid":{"rendered":"https:\/\/ratgeber-arzthaftung.de\/de\/?page_id=781"},"modified":"2024-09-19T19:11:08","modified_gmt":"2024-09-19T17:11:08","slug":"schadensersatzansprueche-der-hinterbliebenen-wenn-der-geschaedigte-stirbt","status":"publish","type":"page","link":"https:\/\/ratgeber-arzthaftung.de\/de\/rechtsgebiete\/anwalt-arzthaftung\/schadensersatzansprueche-der-hinterbliebenen-wenn-der-geschaedigte-stirbt\/","title":{"rendered":"Schadensersatzanspr\u00fcche der Hinterbliebenen, wenn der Gesch\u00e4digte stirbt"},"content":{"rendered":"<h1>Schadensersatzanspr\u00fcche der Hinterbliebenen, wenn der Gesch\u00e4digte stirbt<\/h1>\n<h2>Wir beraten Sie umfassend bei Schadensersatzanspr\u00fcchen und im Arzthaftungsrecht<\/h2>\n<p>F\u00fcr den Fall, dass der Gesch\u00e4digte eines Arzthaftungsschadens stirbt, kann der oder die Hinterbliebene folgende Schadensersatzanspr\u00fcche geltend machen:<\/p>\n<ul>\n<li>Ersatz der Beerdigungskosten<\/li>\n<li>Ersatz der Unterhaltssch\u00e4den<\/li>\n<li>Eigene Schmerzensgeldanspr\u00fcche<\/li>\n<li>\u00dcbergang des Schmerzensgeldanspruchs des Verstorbenen auf die Erben<\/li>\n<\/ul>\n","protected":false},"excerpt":{"rendered":"<p>Schadensersatzanspr\u00fcche der Hinterbliebenen, wenn der Gesch\u00e4digte stirbt Wir beraten Sie umfassend bei Schadensersatzanspr\u00fcchen und im Arzthaftungsrecht F\u00fcr den Fall, dass der Gesch\u00e4digte eines Arzthaftungsschadens stirbt, kann der oder die Hinterbliebene folgende Schadensersatzanspr\u00fcche geltend machen: Ersatz der Beerdigungskosten Ersatz der Unterhaltssch\u00e4den Eigene Schmerzensgeldanspr\u00fcche \u00dcbergang des Schmerzensgeldanspruchs des Verstorbenen auf die Erben<\/p>\n","protected":false},"author":1,"featured_media":0,"parent":24,"menu_order":0,"comment_status":"closed","ping_status":"closed","template":"","meta":{"_acf_changed":false,"footnotes":""},"class_list":["post-781","page","type-page","status-publish","hentry"],"acf":[],"yoast_head":"<!-- This site is optimized with the Yoast SEO plugin v26.2 - https:\/\/yoast.com\/wordpress\/plugins\/seo\/ -->\n<title>Anwalt f\u00fcr Arzthaftungsrecht &gt; Schadenersatzanspr\u00fcche | Schultze-Zeu \u2022 Manthei &amp; Kollegen<\/title>\n<meta name=\"description\" content=\"Fachanw\u00e4lte f\u00fcr Arzthaftung Behandlungsfehler Medizinrecht Geburtssch\u00e4den. Als Patientenanw\u00e4lte vertreten wir bundesweit, gerichtlich und au\u00dfergerichtlich.\" \/>\n<meta name=\"robots\" content=\"index, follow, max-snippet:-1, max-image-preview:large, max-video-preview:-1\" \/>\n<link rel=\"canonical\" href=\"https:\/\/ratgeber-arzthaftung.de\/de\/rechtsgebiete\/anwalt-arzthaftung\/schadensersatzansprueche-der-hinterbliebenen-wenn-der-geschaedigte-stirbt\/\" \/>\n<meta property=\"og:locale\" content=\"de_DE\" \/>\n<meta property=\"og:type\" content=\"article\" \/>\n<meta property=\"og:title\" content=\"Anwalt f\u00fcr Arzthaftungsrecht &gt; Schadenersatzanspr\u00fcche | Schultze-Zeu \u2022 Manthei &amp; Kollegen\" \/>\n<meta property=\"og:description\" content=\"Fachanw\u00e4lte f\u00fcr Arzthaftung Behandlungsfehler Medizinrecht Geburtssch\u00e4den. Als Patientenanw\u00e4lte vertreten wir bundesweit, gerichtlich und au\u00dfergerichtlich.\" \/>\n<meta property=\"og:url\" content=\"https:\/\/ratgeber-arzthaftung.de\/de\/rechtsgebiete\/anwalt-arzthaftung\/schadensersatzansprueche-der-hinterbliebenen-wenn-der-geschaedigte-stirbt\/\" \/>\n<meta property=\"og:site_name\" content=\"DE - Rechtsanw\u00e4lte Dr. Schultze-Zeu \u2022 Manthei &amp; Kollegen\" \/>\n<meta property=\"article:modified_time\" content=\"2024-09-19T17:11:08+00:00\" \/>\n<meta name=\"twitter:card\" content=\"summary_large_image\" \/>\n<meta name=\"twitter:label1\" content=\"Gesch\u00e4tzte Lesezeit\" \/>\n\t<meta name=\"twitter:data1\" content=\"1\u00a0Minute\" \/>\n<script type=\"application\/ld+json\" class=\"yoast-schema-graph\">{\"@context\":\"https:\/\/schema.org\",\"@graph\":[{\"@type\":\"WebPage\",\"@id\":\"https:\/\/ratgeber-arzthaftung.de\/de\/rechtsgebiete\/anwalt-arzthaftung\/schadensersatzansprueche-der-hinterbliebenen-wenn-der-geschaedigte-stirbt\/\",\"url\":\"https:\/\/ratgeber-arzthaftung.de\/de\/rechtsgebiete\/anwalt-arzthaftung\/schadensersatzansprueche-der-hinterbliebenen-wenn-der-geschaedigte-stirbt\/\",\"name\":\"Anwalt f\u00fcr Arzthaftungsrecht > Schadenersatzanspr\u00fcche | Schultze-Zeu \u2022 Manthei & Kollegen\",\"isPartOf\":{\"@id\":\"https:\/\/ratgeber-arzthaftung.de\/de\/#website\"},\"datePublished\":\"2024-06-07T10:43:06+00:00\",\"dateModified\":\"2024-09-19T17:11:08+00:00\",\"description\":\"Fachanw\u00e4lte f\u00fcr Arzthaftung Behandlungsfehler Medizinrecht Geburtssch\u00e4den. Als Patientenanw\u00e4lte vertreten wir bundesweit, gerichtlich und au\u00dfergerichtlich.\",\"breadcrumb\":{\"@id\":\"https:\/\/ratgeber-arzthaftung.de\/de\/rechtsgebiete\/anwalt-arzthaftung\/schadensersatzansprueche-der-hinterbliebenen-wenn-der-geschaedigte-stirbt\/#breadcrumb\"},\"inLanguage\":\"de\",\"potentialAction\":[{\"@type\":\"ReadAction\",\"target\":[\"https:\/\/ratgeber-arzthaftung.de\/de\/rechtsgebiete\/anwalt-arzthaftung\/schadensersatzansprueche-der-hinterbliebenen-wenn-der-geschaedigte-stirbt\/\"]}]},{\"@type\":\"BreadcrumbList\",\"@id\":\"https:\/\/ratgeber-arzthaftung.de\/de\/rechtsgebiete\/anwalt-arzthaftung\/schadensersatzansprueche-der-hinterbliebenen-wenn-der-geschaedigte-stirbt\/#breadcrumb\",\"itemListElement\":[{\"@type\":\"ListItem\",\"position\":1,\"name\":\"Startseite\",\"item\":\"https:\/\/ratgeber-arzthaftung.de\/de\/\"},{\"@type\":\"ListItem\",\"position\":2,\"name\":\"Rechtsgebiete\",\"item\":\"https:\/\/ratgeber-arzthaftung.de\/de\/rechtsgebiete\/\"},{\"@type\":\"ListItem\",\"position\":3,\"name\":\"Arzthaftungsrecht\",\"item\":\"https:\/\/ratgeber-arzthaftung.de\/de\/rechtsgebiete\/anwalt-arzthaftung\/\"},{\"@type\":\"ListItem\",\"position\":4,\"name\":\"Schadensersatzanspr\u00fcche der Hinterbliebenen, wenn der Gesch\u00e4digte stirbt\"}]},{\"@type\":\"WebSite\",\"@id\":\"https:\/\/ratgeber-arzthaftung.de\/de\/#website\",\"url\":\"https:\/\/ratgeber-arzthaftung.de\/de\/\",\"name\":\"DE -Geburtsschaden-Arzthaftung Rechtsanw\u00e4lte Dr. Schultze-Zeu \u2022 Manthei &amp; Kollegen\",\"description\":\"Anw\u00e4lte f\u00fcr Arzthaftung, Geburtssch\u00e4den, Medizinrecht und Medizinprodukthaftung. Wir sind bundesweit t\u00e4tig!\",\"publisher\":{\"@id\":\"https:\/\/ratgeber-arzthaftung.de\/de\/#organization\"},\"potentialAction\":[{\"@type\":\"SearchAction\",\"target\":{\"@type\":\"EntryPoint\",\"urlTemplate\":\"https:\/\/ratgeber-arzthaftung.de\/de\/?s={search_term_string}\"},\"query-input\":{\"@type\":\"PropertyValueSpecification\",\"valueRequired\":true,\"valueName\":\"search_term_string\"}}],\"inLanguage\":\"de\"},{\"@type\":\"Organization\",\"@id\":\"https:\/\/ratgeber-arzthaftung.de\/de\/#organization\",\"name\":\"Anwaltskanzlei Berlin Dr. Schultze-Zeu Manthei & Kollegen\",\"url\":\"https:\/\/ratgeber-arzthaftung.de\/de\/\",\"logo\":{\"@type\":\"ImageObject\",\"inLanguage\":\"de\",\"@id\":\"https:\/\/ratgeber-arzthaftung.de\/de\/#\/schema\/logo\/image\/\",\"url\":\"https:\/\/ratgeber-arzthaftung.de\/de\/wp-content\/uploads\/sites\/2\/2016\/06\/smk-logo_mobile.png\",\"contentUrl\":\"https:\/\/ratgeber-arzthaftung.de\/de\/wp-content\/uploads\/sites\/2\/2016\/06\/smk-logo_mobile.png\",\"width\":206,\"height\":61,\"caption\":\"Anwaltskanzlei Berlin Dr. Schultze-Zeu Manthei & Kollegen\"},\"image\":{\"@id\":\"https:\/\/ratgeber-arzthaftung.de\/de\/#\/schema\/logo\/image\/\"}}]}<\/script>\n<!-- \/ Yoast SEO plugin. -->","yoast_head_json":{"title":"Anwalt f\u00fcr Arzthaftungsrecht > Schadenersatzanspr\u00fcche | Schultze-Zeu \u2022 Manthei & Kollegen","description":"Fachanw\u00e4lte f\u00fcr Arzthaftung Behandlungsfehler Medizinrecht Geburtssch\u00e4den. Als Patientenanw\u00e4lte vertreten wir bundesweit, gerichtlich und au\u00dfergerichtlich.","robots":{"index":"index","follow":"follow","max-snippet":"max-snippet:-1","max-image-preview":"max-image-preview:large","max-video-preview":"max-video-preview:-1"},"canonical":"https:\/\/ratgeber-arzthaftung.de\/de\/rechtsgebiete\/anwalt-arzthaftung\/schadensersatzansprueche-der-hinterbliebenen-wenn-der-geschaedigte-stirbt\/","og_locale":"de_DE","og_type":"article","og_title":"Anwalt f\u00fcr Arzthaftungsrecht > Schadenersatzanspr\u00fcche | Schultze-Zeu \u2022 Manthei & Kollegen","og_description":"Fachanw\u00e4lte f\u00fcr Arzthaftung Behandlungsfehler Medizinrecht Geburtssch\u00e4den. Als Patientenanw\u00e4lte vertreten wir bundesweit, gerichtlich und au\u00dfergerichtlich.","og_url":"https:\/\/ratgeber-arzthaftung.de\/de\/rechtsgebiete\/anwalt-arzthaftung\/schadensersatzansprueche-der-hinterbliebenen-wenn-der-geschaedigte-stirbt\/","og_site_name":"DE - Rechtsanw\u00e4lte Dr. Schultze-Zeu \u2022 Manthei &amp; Kollegen","article_modified_time":"2024-09-19T17:11:08+00:00","twitter_card":"summary_large_image","twitter_misc":{"Gesch\u00e4tzte Lesezeit":"1\u00a0Minute"},"schema":{"@context":"https:\/\/schema.org","@graph":[{"@type":"WebPage","@id":"https:\/\/ratgeber-arzthaftung.de\/de\/rechtsgebiete\/anwalt-arzthaftung\/schadensersatzansprueche-der-hinterbliebenen-wenn-der-geschaedigte-stirbt\/","url":"https:\/\/ratgeber-arzthaftung.de\/de\/rechtsgebiete\/anwalt-arzthaftung\/schadensersatzansprueche-der-hinterbliebenen-wenn-der-geschaedigte-stirbt\/","name":"Anwalt f\u00fcr Arzthaftungsrecht > Schadenersatzanspr\u00fcche | Schultze-Zeu \u2022 Manthei & Kollegen","isPartOf":{"@id":"https:\/\/ratgeber-arzthaftung.de\/de\/#website"},"datePublished":"2024-06-07T10:43:06+00:00","dateModified":"2024-09-19T17:11:08+00:00","description":"Fachanw\u00e4lte f\u00fcr Arzthaftung Behandlungsfehler Medizinrecht Geburtssch\u00e4den. Als Patientenanw\u00e4lte vertreten wir bundesweit, gerichtlich und au\u00dfergerichtlich.","breadcrumb":{"@id":"https:\/\/ratgeber-arzthaftung.de\/de\/rechtsgebiete\/anwalt-arzthaftung\/schadensersatzansprueche-der-hinterbliebenen-wenn-der-geschaedigte-stirbt\/#breadcrumb"},"inLanguage":"de","potentialAction":[{"@type":"ReadAction","target":["https:\/\/ratgeber-arzthaftung.de\/de\/rechtsgebiete\/anwalt-arzthaftung\/schadensersatzansprueche-der-hinterbliebenen-wenn-der-geschaedigte-stirbt\/"]}]},{"@type":"BreadcrumbList","@id":"https:\/\/ratgeber-arzthaftung.de\/de\/rechtsgebiete\/anwalt-arzthaftung\/schadensersatzansprueche-der-hinterbliebenen-wenn-der-geschaedigte-stirbt\/#breadcrumb","itemListElement":[{"@type":"ListItem","position":1,"name":"Startseite","item":"https:\/\/ratgeber-arzthaftung.de\/de\/"},{"@type":"ListItem","position":2,"name":"Rechtsgebiete","item":"https:\/\/ratgeber-arzthaftung.de\/de\/rechtsgebiete\/"},{"@type":"ListItem","position":3,"name":"Arzthaftungsrecht","item":"https:\/\/ratgeber-arzthaftung.de\/de\/rechtsgebiete\/anwalt-arzthaftung\/"},{"@type":"ListItem","position":4,"name":"Schadensersatzanspr\u00fcche der Hinterbliebenen, wenn der Gesch\u00e4digte stirbt"}]},{"@type":"WebSite","@id":"https:\/\/ratgeber-arzthaftung.de\/de\/#website","url":"https:\/\/ratgeber-arzthaftung.de\/de\/","name":"DE -Geburtsschaden-Arzthaftung Rechtsanw\u00e4lte Dr. Schultze-Zeu \u2022 Manthei &amp; Kollegen","description":"Anw\u00e4lte f\u00fcr Arzthaftung, Geburtssch\u00e4den, Medizinrecht und Medizinprodukthaftung. Wir sind bundesweit t\u00e4tig!","publisher":{"@id":"https:\/\/ratgeber-arzthaftung.de\/de\/#organization"},"potentialAction":[{"@type":"SearchAction","target":{"@type":"EntryPoint","urlTemplate":"https:\/\/ratgeber-arzthaftung.de\/de\/?s={search_term_string}"},"query-input":{"@type":"PropertyValueSpecification","valueRequired":true,"valueName":"search_term_string"}}],"inLanguage":"de"},{"@type":"Organization","@id":"https:\/\/ratgeber-arzthaftung.de\/de\/#organization","name":"Anwaltskanzlei Berlin Dr. Schultze-Zeu Manthei & Kollegen","url":"https:\/\/ratgeber-arzthaftung.de\/de\/","logo":{"@type":"ImageObject","inLanguage":"de","@id":"https:\/\/ratgeber-arzthaftung.de\/de\/#\/schema\/logo\/image\/","url":"https:\/\/ratgeber-arzthaftung.de\/de\/wp-content\/uploads\/sites\/2\/2016\/06\/smk-logo_mobile.png","contentUrl":"https:\/\/ratgeber-arzthaftung.de\/de\/wp-content\/uploads\/sites\/2\/2016\/06\/smk-logo_mobile.png","width":206,"height":61,"caption":"Anwaltskanzlei Berlin Dr. Schultze-Zeu Manthei & Kollegen"},"image":{"@id":"https:\/\/ratgeber-arzthaftung.de\/de\/#\/schema\/logo\/image\/"}}]}},"_links":{"self":[{"href":"https:\/\/ratgeber-arzthaftung.de\/de\/wp-json\/wp\/v2\/pages\/781","targetHints":{"allow":["GET"]}}],"collection":[{"href":"https:\/\/ratgeber-arzthaftung.de\/de\/wp-json\/wp\/v2\/pages"}],"about":[{"href":"https:\/\/ratgeber-arzthaftung.de\/de\/wp-json\/wp\/v2\/types\/page"}],"author":[{"embeddable":true,"href":"https:\/\/ratgeber-arzthaftung.de\/de\/wp-json\/wp\/v2\/users\/1"}],"replies":[{"embeddable":true,"href":"https:\/\/ratgeber-arzthaftung.de\/de\/wp-json\/wp\/v2\/comments?post=781"}],"version-history":[{"count":0,"href":"https:\/\/ratgeber-arzthaftung.de\/de\/wp-json\/wp\/v2\/pages\/781\/revisions"}],"up":[{"embeddable":true,"href":"https:\/\/ratgeber-arzthaftung.de\/de\/wp-json\/wp\/v2\/pages\/24"}],"wp:attachment":[{"href":"https:\/\/ratgeber-arzthaftung.de\/de\/wp-json\/wp\/v2\/media?parent=781"}],"curies":[{"name":"wp","href":"https:\/\/api.w.org\/{rel}","templated":true}]}}