{"id":46,"date":"2024-08-24T02:40:59","date_gmt":"2024-08-24T00:40:59","guid":{"rendered":"https:\/\/ratgeber-arzthaftung.de\/de\/?page_id=46"},"modified":"2025-07-29T22:08:37","modified_gmt":"2025-07-29T20:08:37","slug":"simone-neumann-anwaeltin-zahnarzthaftung","status":"publish","type":"page","link":"https:\/\/ratgeber-arzthaftung.de\/de\/kanzlei\/simone-neumann-anwaeltin-zahnarzthaftung\/","title":{"rendered":"Rechtsanw\u00e4ltin Simone Neumann"},"content":{"rendered":"<h1>Rechtsanw\u00e4ltin<br \/>\nSimone Neumann<\/h1>\n<p><img decoding=\"async\" class=\"circle alignleft wp-image-279 size-medium\" src=\"https:\/\/ratgeber-arzthaftung.de\/de\/wp-content\/uploads\/sites\/2\/2016\/05\/rechtsanwalt_medizinrecht_simone-neumann-300x300.jpg\" alt=\"Rechtsanw\u00e4ltin Medizinrecht Simone Neumann\" width=\"300\" height=\"300\" srcset=\"https:\/\/ratgeber-arzthaftung.de\/de\/wp-content\/uploads\/sites\/2\/2016\/05\/rechtsanwalt_medizinrecht_simone-neumann-300x300.jpg 300w, https:\/\/ratgeber-arzthaftung.de\/de\/wp-content\/uploads\/sites\/2\/2016\/05\/rechtsanwalt_medizinrecht_simone-neumann-150x150.jpg 150w, https:\/\/ratgeber-arzthaftung.de\/de\/wp-content\/uploads\/sites\/2\/2016\/05\/rechtsanwalt_medizinrecht_simone-neumann.jpg 600w\" sizes=\"(max-width: 300px) 100vw, 300px\" \/><br \/>\nRechtsanw\u00e4ltin<\/p>\n<p><strong>SPEZIALISIERUNGEN:<\/strong><\/p>\n<ul>\n<li><a title=\"Arzthaftung Anwalt\" href=\"https:\/\/ratgeber-arzthaftung.de\/de\/rechtsgebiete\/anwalt-arzthaftung\/\">Arzthaftungsrecht<\/a><\/li>\n<li>Zahnarzthaftungsrecht<\/li>\n<\/ul>\n<p><strong>FREMDSPRACHEN:<\/strong><\/p>\n<ul>\n<li>Englisch<\/li>\n<\/ul>\n<p>&nbsp;<\/p>\n<p>&nbsp;<\/p>\n<hr \/>\n<p>Rechtsanw\u00e4ltin Simone Neumann wurde 1962 geboren, ist verheiratet und hat zwei Kinder. Von 1981 bis 1987 hat sie Rechtswissenschaften an der FU Berlin studiert. Ihrem Studium folgte ein Referendariat beim Kammergericht in Berlin und 1991 die Zulassung als Rechtsanw\u00e4ltin. Seit 1996 ist sie beim Kammergericht Berlin zugelassen. Rechtsanw\u00e4ltin Neumann hat sich auf das <a title=\"Medizinrecht Anwalt\" href=\"https:\/\/ratgeber-arzthaftung.de\/de\/rechtsgebiete\/anwalt-medizinrecht\/\"><strong>Medizin<\/strong><\/a>&#8211; und <a title=\"Arzthaftung Anwalt\" href=\"https:\/\/ratgeber-arzthaftung.de\/de\/rechtsgebiete\/anwalt-arzthaftung\/\"><strong>Arzthaftungsrecht<\/strong><\/a> spezialisiert. Sie h\u00e4lt Vortr\u00e4ge zu medizinrechtlichen und <a title=\"Anwalt Familienrecht\" href=\"https:\/\/ratgeber-arzthaftung.de\/de\/rechtsgebiete\/anwalt-familienrecht\/\">familienrechtlichen<\/a> Themen und nimmt regelm\u00e4\u00dfig am Wirtschaftshof Spandau, Berlin, teil.<\/p>\n<p>Neben ihrer Muttersprache Deutsch spricht Simone Neumann Englisch.<\/p>\n","protected":false},"excerpt":{"rendered":"<p>Rechtsanw\u00e4ltin Simone Neumann Rechtsanw\u00e4ltin SPEZIALISIERUNGEN: Arzthaftungsrecht Zahnarzthaftungsrecht FREMDSPRACHEN: Englisch &nbsp; &nbsp; Rechtsanw\u00e4ltin Simone Neumann wurde 1962 geboren, ist verheiratet und hat zwei Kinder. Von 1981 bis 1987 hat sie Rechtswissenschaften an der FU Berlin studiert. Ihrem Studium folgte ein Referendariat beim Kammergericht in Berlin und 1991 die Zulassung als Rechtsanw\u00e4ltin. Seit 1996 ist sie beim [&hellip;]<\/p>\n","protected":false},"author":1,"featured_media":0,"parent":14,"menu_order":2,"comment_status":"closed","ping_status":"closed","template":"","meta":{"_acf_changed":false,"footnotes":""},"class_list":["post-46","page","type-page","status-publish","hentry"],"acf":[],"yoast_head":"<!-- This site is optimized with the Yoast SEO plugin v26.2 - https:\/\/yoast.com\/wordpress\/plugins\/seo\/ -->\n<title>Rechtsanw\u00e4ltin Arzthaftung - Zahnarzthaftung | Kanzlei Medizinrecht<\/title>\n<meta name=\"description\" content=\"Suchen Sie einen Anwalt f\u00fcr Zahnarzthaftung? Erfahrene Anw\u00e4ltin Berlin f\u00fcr Medizinrecht &amp; Arzthaftungsrecht hilft bei Behandlungsfehlern, Schmerzensgeld.\" \/>\n<meta name=\"robots\" content=\"index, follow, max-snippet:-1, max-image-preview:large, max-video-preview:-1\" \/>\n<link rel=\"canonical\" href=\"https:\/\/ratgeber-arzthaftung.de\/de\/kanzlei\/simone-neumann-anwaeltin-zahnarzthaftung\/\" \/>\n<meta property=\"og:locale\" content=\"de_DE\" \/>\n<meta property=\"og:type\" content=\"article\" \/>\n<meta property=\"og:title\" content=\"Rechtsanw\u00e4ltin Arzthaftung - Zahnarzthaftung | Kanzlei Medizinrecht\" \/>\n<meta property=\"og:description\" content=\"Suchen Sie einen Anwalt f\u00fcr Zahnarzthaftung? Erfahrene Anw\u00e4ltin Berlin f\u00fcr Medizinrecht &amp; Arzthaftungsrecht hilft bei Behandlungsfehlern, Schmerzensgeld.\" \/>\n<meta property=\"og:url\" content=\"https:\/\/ratgeber-arzthaftung.de\/de\/kanzlei\/simone-neumann-anwaeltin-zahnarzthaftung\/\" \/>\n<meta property=\"og:site_name\" content=\"DE - Rechtsanw\u00e4lte Dr. Schultze-Zeu \u2022 Manthei &amp; Kollegen\" \/>\n<meta property=\"article:modified_time\" content=\"2025-07-29T20:08:37+00:00\" \/>\n<meta property=\"og:image\" content=\"https:\/\/ratgeber-arzthaftung.de\/de\/wp-content\/uploads\/sites\/2\/2016\/05\/rechtsanwalt_medizinrecht_simone-neumann.jpg\" \/>\n\t<meta property=\"og:image:width\" content=\"600\" \/>\n\t<meta property=\"og:image:height\" content=\"600\" \/>\n\t<meta property=\"og:image:type\" content=\"image\/jpeg\" \/>\n<meta name=\"twitter:card\" content=\"summary_large_image\" \/>\n<meta name=\"twitter:label1\" content=\"Gesch\u00e4tzte Lesezeit\" \/>\n\t<meta name=\"twitter:data1\" content=\"1\u00a0Minute\" \/>\n<script type=\"application\/ld+json\" class=\"yoast-schema-graph\">{\"@context\":\"https:\/\/schema.org\",\"@graph\":[{\"@type\":\"WebPage\",\"@id\":\"https:\/\/ratgeber-arzthaftung.de\/de\/kanzlei\/simone-neumann-anwaeltin-zahnarzthaftung\/\",\"url\":\"https:\/\/ratgeber-arzthaftung.de\/de\/kanzlei\/simone-neumann-anwaeltin-zahnarzthaftung\/\",\"name\":\"Rechtsanw\u00e4ltin Arzthaftung - Zahnarzthaftung | Kanzlei Medizinrecht\",\"isPartOf\":{\"@id\":\"https:\/\/ratgeber-arzthaftung.de\/de\/#website\"},\"primaryImageOfPage\":{\"@id\":\"https:\/\/ratgeber-arzthaftung.de\/de\/kanzlei\/simone-neumann-anwaeltin-zahnarzthaftung\/#primaryimage\"},\"image\":{\"@id\":\"https:\/\/ratgeber-arzthaftung.de\/de\/kanzlei\/simone-neumann-anwaeltin-zahnarzthaftung\/#primaryimage\"},\"thumbnailUrl\":\"https:\/\/ratgeber-arzthaftung.de\/de\/wp-content\/uploads\/sites\/2\/2016\/05\/rechtsanwalt_medizinrecht_simone-neumann-300x300.jpg\",\"datePublished\":\"2024-08-24T00:40:59+00:00\",\"dateModified\":\"2025-07-29T20:08:37+00:00\",\"description\":\"Suchen Sie einen Anwalt f\u00fcr Zahnarzthaftung? Erfahrene Anw\u00e4ltin Berlin f\u00fcr Medizinrecht & Arzthaftungsrecht hilft bei Behandlungsfehlern, Schmerzensgeld.\",\"breadcrumb\":{\"@id\":\"https:\/\/ratgeber-arzthaftung.de\/de\/kanzlei\/simone-neumann-anwaeltin-zahnarzthaftung\/#breadcrumb\"},\"inLanguage\":\"de\",\"potentialAction\":[{\"@type\":\"ReadAction\",\"target\":[\"https:\/\/ratgeber-arzthaftung.de\/de\/kanzlei\/simone-neumann-anwaeltin-zahnarzthaftung\/\"]}]},{\"@type\":\"ImageObject\",\"inLanguage\":\"de\",\"@id\":\"https:\/\/ratgeber-arzthaftung.de\/de\/kanzlei\/simone-neumann-anwaeltin-zahnarzthaftung\/#primaryimage\",\"url\":\"https:\/\/ratgeber-arzthaftung.de\/de\/wp-content\/uploads\/sites\/2\/2016\/05\/rechtsanwalt_medizinrecht_simone-neumann.jpg\",\"contentUrl\":\"https:\/\/ratgeber-arzthaftung.de\/de\/wp-content\/uploads\/sites\/2\/2016\/05\/rechtsanwalt_medizinrecht_simone-neumann.jpg\",\"width\":600,\"height\":600,\"caption\":\"Fachanw\u00e4ltin f\u00fcr Medizinrecht Simone Neumann\"},{\"@type\":\"BreadcrumbList\",\"@id\":\"https:\/\/ratgeber-arzthaftung.de\/de\/kanzlei\/simone-neumann-anwaeltin-zahnarzthaftung\/#breadcrumb\",\"itemListElement\":[{\"@type\":\"ListItem\",\"position\":1,\"name\":\"Startseite\",\"item\":\"https:\/\/ratgeber-arzthaftung.de\/de\/\"},{\"@type\":\"ListItem\",\"position\":2,\"name\":\"Kanzlei\",\"item\":\"https:\/\/ratgeber-arzthaftung.de\/de\/kanzlei\/\"},{\"@type\":\"ListItem\",\"position\":3,\"name\":\"Rechtsanw\u00e4ltin Simone Neumann\"}]},{\"@type\":\"WebSite\",\"@id\":\"https:\/\/ratgeber-arzthaftung.de\/de\/#website\",\"url\":\"https:\/\/ratgeber-arzthaftung.de\/de\/\",\"name\":\"DE -Geburtsschaden-Arzthaftung Rechtsanw\u00e4lte Dr. Schultze-Zeu \u2022 Manthei &amp; Kollegen\",\"description\":\"Anw\u00e4lte f\u00fcr Arzthaftung, Geburtssch\u00e4den, Medizinrecht und Medizinprodukthaftung. Wir sind bundesweit t\u00e4tig!\",\"publisher\":{\"@id\":\"https:\/\/ratgeber-arzthaftung.de\/de\/#organization\"},\"potentialAction\":[{\"@type\":\"SearchAction\",\"target\":{\"@type\":\"EntryPoint\",\"urlTemplate\":\"https:\/\/ratgeber-arzthaftung.de\/de\/?s={search_term_string}\"},\"query-input\":{\"@type\":\"PropertyValueSpecification\",\"valueRequired\":true,\"valueName\":\"search_term_string\"}}],\"inLanguage\":\"de\"},{\"@type\":\"Organization\",\"@id\":\"https:\/\/ratgeber-arzthaftung.de\/de\/#organization\",\"name\":\"Anwaltskanzlei Berlin Dr. Schultze-Zeu Manthei & Kollegen\",\"url\":\"https:\/\/ratgeber-arzthaftung.de\/de\/\",\"logo\":{\"@type\":\"ImageObject\",\"inLanguage\":\"de\",\"@id\":\"https:\/\/ratgeber-arzthaftung.de\/de\/#\/schema\/logo\/image\/\",\"url\":\"https:\/\/ratgeber-arzthaftung.de\/de\/wp-content\/uploads\/sites\/2\/2016\/06\/smk-logo_mobile.png\",\"contentUrl\":\"https:\/\/ratgeber-arzthaftung.de\/de\/wp-content\/uploads\/sites\/2\/2016\/06\/smk-logo_mobile.png\",\"width\":206,\"height\":61,\"caption\":\"Anwaltskanzlei Berlin Dr. Schultze-Zeu Manthei & Kollegen\"},\"image\":{\"@id\":\"https:\/\/ratgeber-arzthaftung.de\/de\/#\/schema\/logo\/image\/\"}}]}<\/script>\n<!-- \/ Yoast SEO plugin. -->","yoast_head_json":{"title":"Rechtsanw\u00e4ltin Arzthaftung - Zahnarzthaftung | Kanzlei Medizinrecht","description":"Suchen Sie einen Anwalt f\u00fcr Zahnarzthaftung? Erfahrene Anw\u00e4ltin Berlin f\u00fcr Medizinrecht & Arzthaftungsrecht hilft bei Behandlungsfehlern, Schmerzensgeld.","robots":{"index":"index","follow":"follow","max-snippet":"max-snippet:-1","max-image-preview":"max-image-preview:large","max-video-preview":"max-video-preview:-1"},"canonical":"https:\/\/ratgeber-arzthaftung.de\/de\/kanzlei\/simone-neumann-anwaeltin-zahnarzthaftung\/","og_locale":"de_DE","og_type":"article","og_title":"Rechtsanw\u00e4ltin Arzthaftung - Zahnarzthaftung | Kanzlei Medizinrecht","og_description":"Suchen Sie einen Anwalt f\u00fcr Zahnarzthaftung? Erfahrene Anw\u00e4ltin Berlin f\u00fcr Medizinrecht & Arzthaftungsrecht hilft bei Behandlungsfehlern, Schmerzensgeld.","og_url":"https:\/\/ratgeber-arzthaftung.de\/de\/kanzlei\/simone-neumann-anwaeltin-zahnarzthaftung\/","og_site_name":"DE - Rechtsanw\u00e4lte Dr. Schultze-Zeu \u2022 Manthei &amp; Kollegen","article_modified_time":"2025-07-29T20:08:37+00:00","og_image":[{"width":600,"height":600,"url":"https:\/\/ratgeber-arzthaftung.de\/de\/wp-content\/uploads\/sites\/2\/2016\/05\/rechtsanwalt_medizinrecht_simone-neumann.jpg","type":"image\/jpeg"}],"twitter_card":"summary_large_image","twitter_misc":{"Gesch\u00e4tzte Lesezeit":"1\u00a0Minute"},"schema":{"@context":"https:\/\/schema.org","@graph":[{"@type":"WebPage","@id":"https:\/\/ratgeber-arzthaftung.de\/de\/kanzlei\/simone-neumann-anwaeltin-zahnarzthaftung\/","url":"https:\/\/ratgeber-arzthaftung.de\/de\/kanzlei\/simone-neumann-anwaeltin-zahnarzthaftung\/","name":"Rechtsanw\u00e4ltin Arzthaftung - Zahnarzthaftung | Kanzlei Medizinrecht","isPartOf":{"@id":"https:\/\/ratgeber-arzthaftung.de\/de\/#website"},"primaryImageOfPage":{"@id":"https:\/\/ratgeber-arzthaftung.de\/de\/kanzlei\/simone-neumann-anwaeltin-zahnarzthaftung\/#primaryimage"},"image":{"@id":"https:\/\/ratgeber-arzthaftung.de\/de\/kanzlei\/simone-neumann-anwaeltin-zahnarzthaftung\/#primaryimage"},"thumbnailUrl":"https:\/\/ratgeber-arzthaftung.de\/de\/wp-content\/uploads\/sites\/2\/2016\/05\/rechtsanwalt_medizinrecht_simone-neumann-300x300.jpg","datePublished":"2024-08-24T00:40:59+00:00","dateModified":"2025-07-29T20:08:37+00:00","description":"Suchen Sie einen Anwalt f\u00fcr Zahnarzthaftung? Erfahrene Anw\u00e4ltin Berlin f\u00fcr Medizinrecht & Arzthaftungsrecht hilft bei Behandlungsfehlern, Schmerzensgeld.","breadcrumb":{"@id":"https:\/\/ratgeber-arzthaftung.de\/de\/kanzlei\/simone-neumann-anwaeltin-zahnarzthaftung\/#breadcrumb"},"inLanguage":"de","potentialAction":[{"@type":"ReadAction","target":["https:\/\/ratgeber-arzthaftung.de\/de\/kanzlei\/simone-neumann-anwaeltin-zahnarzthaftung\/"]}]},{"@type":"ImageObject","inLanguage":"de","@id":"https:\/\/ratgeber-arzthaftung.de\/de\/kanzlei\/simone-neumann-anwaeltin-zahnarzthaftung\/#primaryimage","url":"https:\/\/ratgeber-arzthaftung.de\/de\/wp-content\/uploads\/sites\/2\/2016\/05\/rechtsanwalt_medizinrecht_simone-neumann.jpg","contentUrl":"https:\/\/ratgeber-arzthaftung.de\/de\/wp-content\/uploads\/sites\/2\/2016\/05\/rechtsanwalt_medizinrecht_simone-neumann.jpg","width":600,"height":600,"caption":"Fachanw\u00e4ltin f\u00fcr Medizinrecht Simone Neumann"},{"@type":"BreadcrumbList","@id":"https:\/\/ratgeber-arzthaftung.de\/de\/kanzlei\/simone-neumann-anwaeltin-zahnarzthaftung\/#breadcrumb","itemListElement":[{"@type":"ListItem","position":1,"name":"Startseite","item":"https:\/\/ratgeber-arzthaftung.de\/de\/"},{"@type":"ListItem","position":2,"name":"Kanzlei","item":"https:\/\/ratgeber-arzthaftung.de\/de\/kanzlei\/"},{"@type":"ListItem","position":3,"name":"Rechtsanw\u00e4ltin Simone Neumann"}]},{"@type":"WebSite","@id":"https:\/\/ratgeber-arzthaftung.de\/de\/#website","url":"https:\/\/ratgeber-arzthaftung.de\/de\/","name":"DE -Geburtsschaden-Arzthaftung Rechtsanw\u00e4lte Dr. Schultze-Zeu \u2022 Manthei &amp; Kollegen","description":"Anw\u00e4lte f\u00fcr Arzthaftung, Geburtssch\u00e4den, Medizinrecht und Medizinprodukthaftung. Wir sind bundesweit t\u00e4tig!","publisher":{"@id":"https:\/\/ratgeber-arzthaftung.de\/de\/#organization"},"potentialAction":[{"@type":"SearchAction","target":{"@type":"EntryPoint","urlTemplate":"https:\/\/ratgeber-arzthaftung.de\/de\/?s={search_term_string}"},"query-input":{"@type":"PropertyValueSpecification","valueRequired":true,"valueName":"search_term_string"}}],"inLanguage":"de"},{"@type":"Organization","@id":"https:\/\/ratgeber-arzthaftung.de\/de\/#organization","name":"Anwaltskanzlei Berlin Dr. Schultze-Zeu Manthei & Kollegen","url":"https:\/\/ratgeber-arzthaftung.de\/de\/","logo":{"@type":"ImageObject","inLanguage":"de","@id":"https:\/\/ratgeber-arzthaftung.de\/de\/#\/schema\/logo\/image\/","url":"https:\/\/ratgeber-arzthaftung.de\/de\/wp-content\/uploads\/sites\/2\/2016\/06\/smk-logo_mobile.png","contentUrl":"https:\/\/ratgeber-arzthaftung.de\/de\/wp-content\/uploads\/sites\/2\/2016\/06\/smk-logo_mobile.png","width":206,"height":61,"caption":"Anwaltskanzlei Berlin Dr. Schultze-Zeu Manthei & Kollegen"},"image":{"@id":"https:\/\/ratgeber-arzthaftung.de\/de\/#\/schema\/logo\/image\/"}}]}},"_links":{"self":[{"href":"https:\/\/ratgeber-arzthaftung.de\/de\/wp-json\/wp\/v2\/pages\/46","targetHints":{"allow":["GET"]}}],"collection":[{"href":"https:\/\/ratgeber-arzthaftung.de\/de\/wp-json\/wp\/v2\/pages"}],"about":[{"href":"https:\/\/ratgeber-arzthaftung.de\/de\/wp-json\/wp\/v2\/types\/page"}],"author":[{"embeddable":true,"href":"https:\/\/ratgeber-arzthaftung.de\/de\/wp-json\/wp\/v2\/users\/1"}],"replies":[{"embeddable":true,"href":"https:\/\/ratgeber-arzthaftung.de\/de\/wp-json\/wp\/v2\/comments?post=46"}],"version-history":[{"count":0,"href":"https:\/\/ratgeber-arzthaftung.de\/de\/wp-json\/wp\/v2\/pages\/46\/revisions"}],"up":[{"embeddable":true,"href":"https:\/\/ratgeber-arzthaftung.de\/de\/wp-json\/wp\/v2\/pages\/14"}],"wp:attachment":[{"href":"https:\/\/ratgeber-arzthaftung.de\/de\/wp-json\/wp\/v2\/media?parent=46"}],"curies":[{"name":"wp","href":"https:\/\/api.w.org\/{rel}","templated":true}]}}