{"id":44,"date":"2024-08-01T12:00:46","date_gmt":"2024-08-01T10:00:46","guid":{"rendered":"https:\/\/ratgeber-arzthaftung.de\/de\/?page_id=44"},"modified":"2025-07-29T22:14:53","modified_gmt":"2025-07-29T20:14:53","slug":"christoph-manthei-anwalt-medizinrecht","status":"publish","type":"page","link":"https:\/\/ratgeber-arzthaftung.de\/de\/kanzlei\/christoph-manthei-anwalt-medizinrecht\/","title":{"rendered":"Rechtsanwalt Christoph Manthei"},"content":{"rendered":"<h1>Rechtsanwalt<br \/>\nChristoph Manthei<\/h1>\n<p><img decoding=\"async\" class=\"circle alignleft wp-image-236 size-medium\" src=\"https:\/\/ratgeber-arzthaftung.de\/de\/wp-content\/uploads\/sites\/2\/2016\/05\/rechtsanwalt_arzthaftung_christoph-manthei-300x300.jpg\" alt=\"Christoph Manthei Fachanwalt Medizinrecht\" width=\"300\" height=\"300\" srcset=\"https:\/\/ratgeber-arzthaftung.de\/de\/wp-content\/uploads\/sites\/2\/2016\/05\/rechtsanwalt_arzthaftung_christoph-manthei-300x300.jpg 300w, https:\/\/ratgeber-arzthaftung.de\/de\/wp-content\/uploads\/sites\/2\/2016\/05\/rechtsanwalt_arzthaftung_christoph-manthei-150x150.jpg 150w, https:\/\/ratgeber-arzthaftung.de\/de\/wp-content\/uploads\/sites\/2\/2016\/05\/rechtsanwalt_arzthaftung_christoph-manthei.jpg 600w\" sizes=\"(max-width: 300px) 100vw, 300px\" \/><br \/>\n<strong><a title=\"Anwalt Medizinrecht\" href=\"https:\/\/ratgeber-arzthaftung.de\/de\/rechtsgebiete\/anwalt-medizinrecht\/\">Fachanwalt\u00a0f\u00fcr Medizinrecht<\/a><\/strong><\/p>\n<p><strong>SPEZIALISIERUNGEN:<\/strong><\/p>\n<ul>\n<li><a title=\"Anwalt Arzthaftung\" href=\"https:\/\/ratgeber-arzthaftung.de\/de\/rechtsgebiete\/anwalt-arzthaftung\/\">Arzthaftungsrecht<\/a><\/li>\n<li>Personenschadensrecht<\/li>\n<li><a title=\"Anwalt Verkehrsrecht\" href=\"https:\/\/ratgeber-arzthaftung.de\/de\/rechtsgebiete\/anwalt-verkehrsrecht\/\">Verkehrsrecht<\/a><\/li>\n<\/ul>\n<p><strong>FREMDSPRACHEN:<\/strong><\/p>\n<ul>\n<li>Englisch<\/li>\n<\/ul>\n<p>&nbsp;<\/p>\n<hr \/>\n<p>Christoph Manthei ist seit 2004 als Rechtsanwalt zugelassen. Er wurde 1975 geboren und hat das Studium der Rechtswissenschaften in Konstanz und Berlin abgeschlossen.\u00a0Danach absolvierte er sein Referendariat in Berlin und San Francisco. Im Jahr 2008 wurde Christoph Manthei der Titel <a title=\"Anwalt Medizinrecht\" href=\"https:\/\/ratgeber-arzthaftung.de\/de\/rechtsgebiete\/anwalt-medizinrecht\/\">Fachanwalt f\u00fcr Medizinrecht<\/a> durch die Rechtsanwaltskammer Berlin verliehen. Rechtsanwalt Manthei ist Spezialist f\u00fcr <a title=\"Anwalt Arzthaftung\" href=\"https:\/\/ratgeber-arzthaftung.de\/de\/rechtsgebiete\/anwalt-arzthaftung\/\">Arzthaftungsrecht<\/a> und hat als weitere Schwerpunkte Personenschadensrecht und <a title=\"Anwalt Verkehrsrecht\" href=\"https:\/\/ratgeber-arzthaftung.de\/de\/rechtsgebiete\/anwalt-verkehrsrecht\/\">Verkehrsrecht<\/a>.<\/p>\n<p>Neben seiner Muttersprache Deutsch spricht er Englisch.<\/p>\n<p>Rechtsanwalt Manthei\u00a0unterrichtet regelm\u00e4\u00dfig als Dozent im Rahmen von Fachanwaltslehrg\u00e4ngen\u00a0f\u00fcr Medizinrecht.<\/p>\n","protected":false},"excerpt":{"rendered":"<p>Rechtsanwalt Christoph Manthei Fachanwalt\u00a0f\u00fcr Medizinrecht SPEZIALISIERUNGEN: Arzthaftungsrecht Personenschadensrecht Verkehrsrecht FREMDSPRACHEN: Englisch &nbsp; Christoph Manthei ist seit 2004 als Rechtsanwalt zugelassen. Er wurde 1975 geboren und hat das Studium der Rechtswissenschaften in Konstanz und Berlin abgeschlossen.\u00a0Danach absolvierte er sein Referendariat in Berlin und San Francisco. Im Jahr 2008 wurde Christoph Manthei der Titel Fachanwalt f\u00fcr Medizinrecht [&hellip;]<\/p>\n","protected":false},"author":1,"featured_media":0,"parent":14,"menu_order":1,"comment_status":"closed","ping_status":"closed","template":"","meta":{"_acf_changed":false,"footnotes":""},"class_list":["post-44","page","type-page","status-publish","hentry"],"acf":[],"yoast_head":"<!-- This site is optimized with the Yoast SEO plugin v26.2 - https:\/\/yoast.com\/wordpress\/plugins\/seo\/ -->\n<title>Fachanwalt Arzthaftung &amp; Medizinrecht Berlin | Kanzlei Manthei<\/title>\n<meta name=\"description\" content=\"Erfahrener Anwalt Arzthaftungsrecht, Medizinrecht, f\u00fcr Schmerzensgeld nach Verkehrsunfall oder Behandlungsfehler in Berlin &amp; ganz Deutschland.\" \/>\n<meta name=\"robots\" content=\"index, follow, max-snippet:-1, max-image-preview:large, max-video-preview:-1\" \/>\n<link rel=\"canonical\" href=\"https:\/\/ratgeber-arzthaftung.de\/de\/kanzlei\/christoph-manthei-anwalt-medizinrecht\/\" \/>\n<meta property=\"og:locale\" content=\"de_DE\" \/>\n<meta property=\"og:type\" content=\"article\" \/>\n<meta property=\"og:title\" content=\"Fachanwalt Arzthaftung &amp; Medizinrecht Berlin | Kanzlei Manthei\" \/>\n<meta property=\"og:description\" content=\"Erfahrener Anwalt Arzthaftungsrecht, Medizinrecht, f\u00fcr Schmerzensgeld nach Verkehrsunfall oder Behandlungsfehler in Berlin &amp; ganz Deutschland.\" \/>\n<meta property=\"og:url\" content=\"https:\/\/ratgeber-arzthaftung.de\/de\/kanzlei\/christoph-manthei-anwalt-medizinrecht\/\" \/>\n<meta property=\"og:site_name\" content=\"DE - Rechtsanw\u00e4lte Dr. Schultze-Zeu \u2022 Manthei &amp; Kollegen\" \/>\n<meta property=\"article:modified_time\" content=\"2025-07-29T20:14:53+00:00\" \/>\n<meta property=\"og:image\" content=\"https:\/\/ratgeber-arzthaftung.de\/de\/wp-content\/uploads\/sites\/2\/2016\/05\/rechtsanwalt_arzthaftung_christoph-manthei.jpg\" \/>\n\t<meta property=\"og:image:width\" content=\"600\" \/>\n\t<meta property=\"og:image:height\" content=\"600\" \/>\n\t<meta property=\"og:image:type\" content=\"image\/jpeg\" \/>\n<meta name=\"twitter:card\" content=\"summary_large_image\" \/>\n<meta name=\"twitter:label1\" content=\"Gesch\u00e4tzte Lesezeit\" \/>\n\t<meta name=\"twitter:data1\" content=\"1\u00a0Minute\" \/>\n<script type=\"application\/ld+json\" class=\"yoast-schema-graph\">{\"@context\":\"https:\/\/schema.org\",\"@graph\":[{\"@type\":\"WebPage\",\"@id\":\"https:\/\/ratgeber-arzthaftung.de\/de\/kanzlei\/christoph-manthei-anwalt-medizinrecht\/\",\"url\":\"https:\/\/ratgeber-arzthaftung.de\/de\/kanzlei\/christoph-manthei-anwalt-medizinrecht\/\",\"name\":\"Fachanwalt Arzthaftung & Medizinrecht Berlin | Kanzlei Manthei\",\"isPartOf\":{\"@id\":\"https:\/\/ratgeber-arzthaftung.de\/de\/#website\"},\"primaryImageOfPage\":{\"@id\":\"https:\/\/ratgeber-arzthaftung.de\/de\/kanzlei\/christoph-manthei-anwalt-medizinrecht\/#primaryimage\"},\"image\":{\"@id\":\"https:\/\/ratgeber-arzthaftung.de\/de\/kanzlei\/christoph-manthei-anwalt-medizinrecht\/#primaryimage\"},\"thumbnailUrl\":\"https:\/\/ratgeber-arzthaftung.de\/de\/wp-content\/uploads\/sites\/2\/2016\/05\/rechtsanwalt_arzthaftung_christoph-manthei-300x300.jpg\",\"datePublished\":\"2024-08-01T10:00:46+00:00\",\"dateModified\":\"2025-07-29T20:14:53+00:00\",\"description\":\"Erfahrener Anwalt Arzthaftungsrecht, Medizinrecht, f\u00fcr Schmerzensgeld nach Verkehrsunfall oder Behandlungsfehler in Berlin & ganz Deutschland.\",\"breadcrumb\":{\"@id\":\"https:\/\/ratgeber-arzthaftung.de\/de\/kanzlei\/christoph-manthei-anwalt-medizinrecht\/#breadcrumb\"},\"inLanguage\":\"de\",\"potentialAction\":[{\"@type\":\"ReadAction\",\"target\":[\"https:\/\/ratgeber-arzthaftung.de\/de\/kanzlei\/christoph-manthei-anwalt-medizinrecht\/\"]}]},{\"@type\":\"ImageObject\",\"inLanguage\":\"de\",\"@id\":\"https:\/\/ratgeber-arzthaftung.de\/de\/kanzlei\/christoph-manthei-anwalt-medizinrecht\/#primaryimage\",\"url\":\"https:\/\/ratgeber-arzthaftung.de\/de\/wp-content\/uploads\/sites\/2\/2016\/05\/rechtsanwalt_arzthaftung_christoph-manthei.jpg\",\"contentUrl\":\"https:\/\/ratgeber-arzthaftung.de\/de\/wp-content\/uploads\/sites\/2\/2016\/05\/rechtsanwalt_arzthaftung_christoph-manthei.jpg\",\"width\":600,\"height\":600,\"caption\":\"Fachanwalt Medizinrecht Arzthaftung Christoph Manthei\"},{\"@type\":\"BreadcrumbList\",\"@id\":\"https:\/\/ratgeber-arzthaftung.de\/de\/kanzlei\/christoph-manthei-anwalt-medizinrecht\/#breadcrumb\",\"itemListElement\":[{\"@type\":\"ListItem\",\"position\":1,\"name\":\"Startseite\",\"item\":\"https:\/\/ratgeber-arzthaftung.de\/de\/\"},{\"@type\":\"ListItem\",\"position\":2,\"name\":\"Kanzlei\",\"item\":\"https:\/\/ratgeber-arzthaftung.de\/de\/kanzlei\/\"},{\"@type\":\"ListItem\",\"position\":3,\"name\":\"Rechtsanwalt Christoph Manthei\"}]},{\"@type\":\"WebSite\",\"@id\":\"https:\/\/ratgeber-arzthaftung.de\/de\/#website\",\"url\":\"https:\/\/ratgeber-arzthaftung.de\/de\/\",\"name\":\"DE -Geburtsschaden-Arzthaftung Rechtsanw\u00e4lte Dr. Schultze-Zeu \u2022 Manthei &amp; Kollegen\",\"description\":\"Anw\u00e4lte f\u00fcr Arzthaftung, Geburtssch\u00e4den, Medizinrecht und Medizinprodukthaftung. Wir sind bundesweit t\u00e4tig!\",\"publisher\":{\"@id\":\"https:\/\/ratgeber-arzthaftung.de\/de\/#organization\"},\"potentialAction\":[{\"@type\":\"SearchAction\",\"target\":{\"@type\":\"EntryPoint\",\"urlTemplate\":\"https:\/\/ratgeber-arzthaftung.de\/de\/?s={search_term_string}\"},\"query-input\":{\"@type\":\"PropertyValueSpecification\",\"valueRequired\":true,\"valueName\":\"search_term_string\"}}],\"inLanguage\":\"de\"},{\"@type\":\"Organization\",\"@id\":\"https:\/\/ratgeber-arzthaftung.de\/de\/#organization\",\"name\":\"Anwaltskanzlei Berlin Dr. Schultze-Zeu Manthei & Kollegen\",\"url\":\"https:\/\/ratgeber-arzthaftung.de\/de\/\",\"logo\":{\"@type\":\"ImageObject\",\"inLanguage\":\"de\",\"@id\":\"https:\/\/ratgeber-arzthaftung.de\/de\/#\/schema\/logo\/image\/\",\"url\":\"https:\/\/ratgeber-arzthaftung.de\/de\/wp-content\/uploads\/sites\/2\/2016\/06\/smk-logo_mobile.png\",\"contentUrl\":\"https:\/\/ratgeber-arzthaftung.de\/de\/wp-content\/uploads\/sites\/2\/2016\/06\/smk-logo_mobile.png\",\"width\":206,\"height\":61,\"caption\":\"Anwaltskanzlei Berlin Dr. Schultze-Zeu Manthei & Kollegen\"},\"image\":{\"@id\":\"https:\/\/ratgeber-arzthaftung.de\/de\/#\/schema\/logo\/image\/\"}}]}<\/script>\n<!-- \/ Yoast SEO plugin. -->","yoast_head_json":{"title":"Fachanwalt Arzthaftung & Medizinrecht Berlin | Kanzlei Manthei","description":"Erfahrener Anwalt Arzthaftungsrecht, Medizinrecht, f\u00fcr Schmerzensgeld nach Verkehrsunfall oder Behandlungsfehler in Berlin & ganz Deutschland.","robots":{"index":"index","follow":"follow","max-snippet":"max-snippet:-1","max-image-preview":"max-image-preview:large","max-video-preview":"max-video-preview:-1"},"canonical":"https:\/\/ratgeber-arzthaftung.de\/de\/kanzlei\/christoph-manthei-anwalt-medizinrecht\/","og_locale":"de_DE","og_type":"article","og_title":"Fachanwalt Arzthaftung & Medizinrecht Berlin | Kanzlei Manthei","og_description":"Erfahrener Anwalt Arzthaftungsrecht, Medizinrecht, f\u00fcr Schmerzensgeld nach Verkehrsunfall oder Behandlungsfehler in Berlin & ganz Deutschland.","og_url":"https:\/\/ratgeber-arzthaftung.de\/de\/kanzlei\/christoph-manthei-anwalt-medizinrecht\/","og_site_name":"DE - Rechtsanw\u00e4lte Dr. Schultze-Zeu \u2022 Manthei &amp; Kollegen","article_modified_time":"2025-07-29T20:14:53+00:00","og_image":[{"width":600,"height":600,"url":"https:\/\/ratgeber-arzthaftung.de\/de\/wp-content\/uploads\/sites\/2\/2016\/05\/rechtsanwalt_arzthaftung_christoph-manthei.jpg","type":"image\/jpeg"}],"twitter_card":"summary_large_image","twitter_misc":{"Gesch\u00e4tzte Lesezeit":"1\u00a0Minute"},"schema":{"@context":"https:\/\/schema.org","@graph":[{"@type":"WebPage","@id":"https:\/\/ratgeber-arzthaftung.de\/de\/kanzlei\/christoph-manthei-anwalt-medizinrecht\/","url":"https:\/\/ratgeber-arzthaftung.de\/de\/kanzlei\/christoph-manthei-anwalt-medizinrecht\/","name":"Fachanwalt Arzthaftung & Medizinrecht Berlin | Kanzlei Manthei","isPartOf":{"@id":"https:\/\/ratgeber-arzthaftung.de\/de\/#website"},"primaryImageOfPage":{"@id":"https:\/\/ratgeber-arzthaftung.de\/de\/kanzlei\/christoph-manthei-anwalt-medizinrecht\/#primaryimage"},"image":{"@id":"https:\/\/ratgeber-arzthaftung.de\/de\/kanzlei\/christoph-manthei-anwalt-medizinrecht\/#primaryimage"},"thumbnailUrl":"https:\/\/ratgeber-arzthaftung.de\/de\/wp-content\/uploads\/sites\/2\/2016\/05\/rechtsanwalt_arzthaftung_christoph-manthei-300x300.jpg","datePublished":"2024-08-01T10:00:46+00:00","dateModified":"2025-07-29T20:14:53+00:00","description":"Erfahrener Anwalt Arzthaftungsrecht, Medizinrecht, f\u00fcr Schmerzensgeld nach Verkehrsunfall oder Behandlungsfehler in Berlin & ganz Deutschland.","breadcrumb":{"@id":"https:\/\/ratgeber-arzthaftung.de\/de\/kanzlei\/christoph-manthei-anwalt-medizinrecht\/#breadcrumb"},"inLanguage":"de","potentialAction":[{"@type":"ReadAction","target":["https:\/\/ratgeber-arzthaftung.de\/de\/kanzlei\/christoph-manthei-anwalt-medizinrecht\/"]}]},{"@type":"ImageObject","inLanguage":"de","@id":"https:\/\/ratgeber-arzthaftung.de\/de\/kanzlei\/christoph-manthei-anwalt-medizinrecht\/#primaryimage","url":"https:\/\/ratgeber-arzthaftung.de\/de\/wp-content\/uploads\/sites\/2\/2016\/05\/rechtsanwalt_arzthaftung_christoph-manthei.jpg","contentUrl":"https:\/\/ratgeber-arzthaftung.de\/de\/wp-content\/uploads\/sites\/2\/2016\/05\/rechtsanwalt_arzthaftung_christoph-manthei.jpg","width":600,"height":600,"caption":"Fachanwalt Medizinrecht Arzthaftung Christoph Manthei"},{"@type":"BreadcrumbList","@id":"https:\/\/ratgeber-arzthaftung.de\/de\/kanzlei\/christoph-manthei-anwalt-medizinrecht\/#breadcrumb","itemListElement":[{"@type":"ListItem","position":1,"name":"Startseite","item":"https:\/\/ratgeber-arzthaftung.de\/de\/"},{"@type":"ListItem","position":2,"name":"Kanzlei","item":"https:\/\/ratgeber-arzthaftung.de\/de\/kanzlei\/"},{"@type":"ListItem","position":3,"name":"Rechtsanwalt Christoph Manthei"}]},{"@type":"WebSite","@id":"https:\/\/ratgeber-arzthaftung.de\/de\/#website","url":"https:\/\/ratgeber-arzthaftung.de\/de\/","name":"DE -Geburtsschaden-Arzthaftung Rechtsanw\u00e4lte Dr. Schultze-Zeu \u2022 Manthei &amp; Kollegen","description":"Anw\u00e4lte f\u00fcr Arzthaftung, Geburtssch\u00e4den, Medizinrecht und Medizinprodukthaftung. Wir sind bundesweit t\u00e4tig!","publisher":{"@id":"https:\/\/ratgeber-arzthaftung.de\/de\/#organization"},"potentialAction":[{"@type":"SearchAction","target":{"@type":"EntryPoint","urlTemplate":"https:\/\/ratgeber-arzthaftung.de\/de\/?s={search_term_string}"},"query-input":{"@type":"PropertyValueSpecification","valueRequired":true,"valueName":"search_term_string"}}],"inLanguage":"de"},{"@type":"Organization","@id":"https:\/\/ratgeber-arzthaftung.de\/de\/#organization","name":"Anwaltskanzlei Berlin Dr. Schultze-Zeu Manthei & Kollegen","url":"https:\/\/ratgeber-arzthaftung.de\/de\/","logo":{"@type":"ImageObject","inLanguage":"de","@id":"https:\/\/ratgeber-arzthaftung.de\/de\/#\/schema\/logo\/image\/","url":"https:\/\/ratgeber-arzthaftung.de\/de\/wp-content\/uploads\/sites\/2\/2016\/06\/smk-logo_mobile.png","contentUrl":"https:\/\/ratgeber-arzthaftung.de\/de\/wp-content\/uploads\/sites\/2\/2016\/06\/smk-logo_mobile.png","width":206,"height":61,"caption":"Anwaltskanzlei Berlin Dr. Schultze-Zeu Manthei & Kollegen"},"image":{"@id":"https:\/\/ratgeber-arzthaftung.de\/de\/#\/schema\/logo\/image\/"}}]}},"_links":{"self":[{"href":"https:\/\/ratgeber-arzthaftung.de\/de\/wp-json\/wp\/v2\/pages\/44","targetHints":{"allow":["GET"]}}],"collection":[{"href":"https:\/\/ratgeber-arzthaftung.de\/de\/wp-json\/wp\/v2\/pages"}],"about":[{"href":"https:\/\/ratgeber-arzthaftung.de\/de\/wp-json\/wp\/v2\/types\/page"}],"author":[{"embeddable":true,"href":"https:\/\/ratgeber-arzthaftung.de\/de\/wp-json\/wp\/v2\/users\/1"}],"replies":[{"embeddable":true,"href":"https:\/\/ratgeber-arzthaftung.de\/de\/wp-json\/wp\/v2\/comments?post=44"}],"version-history":[{"count":0,"href":"https:\/\/ratgeber-arzthaftung.de\/de\/wp-json\/wp\/v2\/pages\/44\/revisions"}],"up":[{"embeddable":true,"href":"https:\/\/ratgeber-arzthaftung.de\/de\/wp-json\/wp\/v2\/pages\/14"}],"wp:attachment":[{"href":"https:\/\/ratgeber-arzthaftung.de\/de\/wp-json\/wp\/v2\/media?parent=44"}],"curies":[{"name":"wp","href":"https:\/\/api.w.org\/{rel}","templated":true}]}}