{"id":2433,"date":"2024-08-25T18:01:21","date_gmt":"2024-08-25T16:01:21","guid":{"rendered":"https:\/\/ratgeber-arzthaftung.de\/de\/?page_id=2433"},"modified":"2025-07-29T22:12:30","modified_gmt":"2025-07-29T20:12:30","slug":"rain-kathrin-vass","status":"publish","type":"page","link":"https:\/\/ratgeber-arzthaftung.de\/de\/kanzlei\/rain-kathrin-vass\/","title":{"rendered":"Rechtsanw\u00e4ltin Katrin Bihari Vass"},"content":{"rendered":"<h2>Rechtsanw\u00e4ltin<br \/>\nKatrin Bihari Vass<\/h2>\n<p><img decoding=\"async\" class=\" wp-image-295 circle\" src=\"https:\/\/ratgeber-arzthaftung.de\/de\/wp-content\/uploads\/sites\/2\/2016\/05\/rechtsanwalt_familienrecht_katrin-bihari-vass-300x300.jpg\" alt=\"Anw\u00e4ltin Familienrecht und Sozialrecht Katrin Bihari Vass\" width=\"267\" height=\"267\" srcset=\"https:\/\/ratgeber-arzthaftung.de\/de\/wp-content\/uploads\/sites\/2\/2016\/05\/rechtsanwalt_familienrecht_katrin-bihari-vass-300x300.jpg 300w, https:\/\/ratgeber-arzthaftung.de\/de\/wp-content\/uploads\/sites\/2\/2016\/05\/rechtsanwalt_familienrecht_katrin-bihari-vass-150x150.jpg 150w, https:\/\/ratgeber-arzthaftung.de\/de\/wp-content\/uploads\/sites\/2\/2016\/05\/rechtsanwalt_familienrecht_katrin-bihari-vass.jpg 600w\" sizes=\"(max-width: 267px) 100vw, 267px\" \/><\/p>\n<p><strong>SPEZIALISIERUNGEN:<\/strong><\/p>\n<ul>\n<li>Fachanw\u00e4ltin f\u00fcr Sozialrecht<\/li>\n<li>Fachanw\u00e4ltin f\u00fcr Familienrecht<\/li>\n<li>Arbeitsrecht<\/li>\n<\/ul>\n<p><strong>Fremdsprachen:<\/strong><\/p>\n<ul>\n<li>Englisch<\/li>\n<li>Russisch<\/li>\n<\/ul>\n<hr \/>\n<p>Rechtsanw\u00e4ltin Katrin Bihari Vass ist seit 1997 als Anw\u00e4ltin zugelassen. Seit 2004 f\u00fchrt sie den Titel Fachanw\u00e4ltin f\u00fcr Sozialrecht. Seit 2008 ist Frau Rechtsanw\u00e4ltin Bihari Vass ferner Fachanw\u00e4ltin f\u00fcr Familienrecht. Ihr weiterer, langj\u00e4hriger T\u00e4tigkeitsschwerpunkt ist das Arbeitsrecht.<\/p>\n<p>Rechtsanw\u00e4ltin Bihari Vass arbeitet seit 2011 in enger Kooperation mit der Anwaltskanzlei Schultze-Zeu, Manthei und Kollegen.<\/p>\n<p>Weitere Informationen zu Rechtsanw\u00e4ltin Katrin Bihari Vass finden Sie auf ihrer\u00a0<a href=\"http:\/\/www.biharivass.de\"><u>Website<\/u><\/a>.<\/p>\n<p>&nbsp;<\/p>\n","protected":false},"excerpt":{"rendered":"<p>Rechtsanw\u00e4ltin Katrin Bihari Vass SPEZIALISIERUNGEN: Fachanw\u00e4ltin f\u00fcr Sozialrecht Fachanw\u00e4ltin f\u00fcr Familienrecht Arbeitsrecht Fremdsprachen: Englisch Russisch Rechtsanw\u00e4ltin Katrin Bihari Vass ist seit 1997 als Anw\u00e4ltin zugelassen. Seit 2004 f\u00fchrt sie den Titel Fachanw\u00e4ltin f\u00fcr Sozialrecht. Seit 2008 ist Frau Rechtsanw\u00e4ltin Bihari Vass ferner Fachanw\u00e4ltin f\u00fcr Familienrecht. Ihr weiterer, langj\u00e4hriger T\u00e4tigkeitsschwerpunkt ist das Arbeitsrecht. Rechtsanw\u00e4ltin Bihari Vass [&hellip;]<\/p>\n","protected":false},"author":3,"featured_media":0,"parent":14,"menu_order":6,"comment_status":"closed","ping_status":"closed","template":"","meta":{"_acf_changed":false,"footnotes":""},"class_list":["post-2433","page","type-page","status-publish","hentry"],"acf":[],"yoast_head":"<!-- This site is optimized with the Yoast SEO plugin v26.2 - https:\/\/yoast.com\/wordpress\/plugins\/seo\/ -->\n<title>Kanzlei Rechtsanw\u00e4ltin Katrin Bihari Vass | Anwaltskanzlei Medizinrecht Dr. Schultze-Zeu Manthei &amp; Kollegen<\/title>\n<meta name=\"description\" content=\"Fachanw\u00e4lte f\u00fcr Arzthaftung Behandlungsfehler Medizinrecht Geburtssch\u00e4den. Als Patientenanw\u00e4lte vertreten wir bundesweit, gerichtlich und au\u00dfergerichtlich.\" \/>\n<meta name=\"robots\" content=\"index, follow, max-snippet:-1, max-image-preview:large, max-video-preview:-1\" \/>\n<link rel=\"canonical\" href=\"https:\/\/ratgeber-arzthaftung.de\/de\/kanzlei\/rain-kathrin-vass\/\" \/>\n<meta property=\"og:locale\" content=\"de_DE\" \/>\n<meta property=\"og:type\" content=\"article\" \/>\n<meta property=\"og:title\" content=\"Kanzlei Rechtsanw\u00e4ltin Katrin Bihari Vass | Anwaltskanzlei Medizinrecht Dr. Schultze-Zeu Manthei &amp; Kollegen\" \/>\n<meta property=\"og:description\" content=\"Fachanw\u00e4lte f\u00fcr Arzthaftung Behandlungsfehler Medizinrecht Geburtssch\u00e4den. Als Patientenanw\u00e4lte vertreten wir bundesweit, gerichtlich und au\u00dfergerichtlich.\" \/>\n<meta property=\"og:url\" content=\"https:\/\/ratgeber-arzthaftung.de\/de\/kanzlei\/rain-kathrin-vass\/\" \/>\n<meta property=\"og:site_name\" content=\"DE - Rechtsanw\u00e4lte Dr. Schultze-Zeu \u2022 Manthei &amp; Kollegen\" \/>\n<meta property=\"article:modified_time\" content=\"2025-07-29T20:12:30+00:00\" \/>\n<meta property=\"og:image\" content=\"https:\/\/ratgeber-arzthaftung.de\/de\/wp-content\/uploads\/sites\/2\/2016\/05\/rechtsanwalt_familienrecht_katrin-bihari-vass.jpg\" \/>\n\t<meta property=\"og:image:width\" content=\"600\" \/>\n\t<meta property=\"og:image:height\" content=\"600\" \/>\n\t<meta property=\"og:image:type\" content=\"image\/jpeg\" \/>\n<meta name=\"twitter:card\" content=\"summary_large_image\" \/>\n<meta name=\"twitter:label1\" content=\"Gesch\u00e4tzte Lesezeit\" \/>\n\t<meta name=\"twitter:data1\" content=\"1\u00a0Minute\" \/>\n<script type=\"application\/ld+json\" class=\"yoast-schema-graph\">{\"@context\":\"https:\/\/schema.org\",\"@graph\":[{\"@type\":\"WebPage\",\"@id\":\"https:\/\/ratgeber-arzthaftung.de\/de\/kanzlei\/rain-kathrin-vass\/\",\"url\":\"https:\/\/ratgeber-arzthaftung.de\/de\/kanzlei\/rain-kathrin-vass\/\",\"name\":\"Kanzlei Rechtsanw\u00e4ltin Katrin Bihari Vass | Anwaltskanzlei Medizinrecht Dr. Schultze-Zeu Manthei & Kollegen\",\"isPartOf\":{\"@id\":\"https:\/\/ratgeber-arzthaftung.de\/de\/#website\"},\"primaryImageOfPage\":{\"@id\":\"https:\/\/ratgeber-arzthaftung.de\/de\/kanzlei\/rain-kathrin-vass\/#primaryimage\"},\"image\":{\"@id\":\"https:\/\/ratgeber-arzthaftung.de\/de\/kanzlei\/rain-kathrin-vass\/#primaryimage\"},\"thumbnailUrl\":\"https:\/\/ratgeber-arzthaftung.de\/de\/wp-content\/uploads\/sites\/2\/2016\/05\/rechtsanwalt_familienrecht_katrin-bihari-vass-300x300.jpg\",\"datePublished\":\"2024-08-25T16:01:21+00:00\",\"dateModified\":\"2025-07-29T20:12:30+00:00\",\"description\":\"Fachanw\u00e4lte f\u00fcr Arzthaftung Behandlungsfehler Medizinrecht Geburtssch\u00e4den. Als Patientenanw\u00e4lte vertreten wir bundesweit, gerichtlich und au\u00dfergerichtlich.\",\"breadcrumb\":{\"@id\":\"https:\/\/ratgeber-arzthaftung.de\/de\/kanzlei\/rain-kathrin-vass\/#breadcrumb\"},\"inLanguage\":\"de\",\"potentialAction\":[{\"@type\":\"ReadAction\",\"target\":[\"https:\/\/ratgeber-arzthaftung.de\/de\/kanzlei\/rain-kathrin-vass\/\"]}]},{\"@type\":\"ImageObject\",\"inLanguage\":\"de\",\"@id\":\"https:\/\/ratgeber-arzthaftung.de\/de\/kanzlei\/rain-kathrin-vass\/#primaryimage\",\"url\":\"https:\/\/ratgeber-arzthaftung.de\/de\/wp-content\/uploads\/sites\/2\/2016\/05\/rechtsanwalt_familienrecht_katrin-bihari-vass.jpg\",\"contentUrl\":\"https:\/\/ratgeber-arzthaftung.de\/de\/wp-content\/uploads\/sites\/2\/2016\/05\/rechtsanwalt_familienrecht_katrin-bihari-vass.jpg\",\"width\":600,\"height\":600,\"caption\":\"Anwalt Familienrecht Katrin Bihari Vass\"},{\"@type\":\"BreadcrumbList\",\"@id\":\"https:\/\/ratgeber-arzthaftung.de\/de\/kanzlei\/rain-kathrin-vass\/#breadcrumb\",\"itemListElement\":[{\"@type\":\"ListItem\",\"position\":1,\"name\":\"Startseite\",\"item\":\"https:\/\/ratgeber-arzthaftung.de\/de\/\"},{\"@type\":\"ListItem\",\"position\":2,\"name\":\"Kanzlei\",\"item\":\"https:\/\/ratgeber-arzthaftung.de\/de\/kanzlei\/\"},{\"@type\":\"ListItem\",\"position\":3,\"name\":\"Rechtsanw\u00e4ltin Katrin Bihari Vass\"}]},{\"@type\":\"WebSite\",\"@id\":\"https:\/\/ratgeber-arzthaftung.de\/de\/#website\",\"url\":\"https:\/\/ratgeber-arzthaftung.de\/de\/\",\"name\":\"DE -Geburtsschaden-Arzthaftung Rechtsanw\u00e4lte Dr. Schultze-Zeu \u2022 Manthei &amp; Kollegen\",\"description\":\"Anw\u00e4lte f\u00fcr Arzthaftung, Geburtssch\u00e4den, Medizinrecht und Medizinprodukthaftung. Wir sind bundesweit t\u00e4tig!\",\"publisher\":{\"@id\":\"https:\/\/ratgeber-arzthaftung.de\/de\/#organization\"},\"potentialAction\":[{\"@type\":\"SearchAction\",\"target\":{\"@type\":\"EntryPoint\",\"urlTemplate\":\"https:\/\/ratgeber-arzthaftung.de\/de\/?s={search_term_string}\"},\"query-input\":{\"@type\":\"PropertyValueSpecification\",\"valueRequired\":true,\"valueName\":\"search_term_string\"}}],\"inLanguage\":\"de\"},{\"@type\":\"Organization\",\"@id\":\"https:\/\/ratgeber-arzthaftung.de\/de\/#organization\",\"name\":\"Anwaltskanzlei Berlin Dr. Schultze-Zeu Manthei & Kollegen\",\"url\":\"https:\/\/ratgeber-arzthaftung.de\/de\/\",\"logo\":{\"@type\":\"ImageObject\",\"inLanguage\":\"de\",\"@id\":\"https:\/\/ratgeber-arzthaftung.de\/de\/#\/schema\/logo\/image\/\",\"url\":\"https:\/\/ratgeber-arzthaftung.de\/de\/wp-content\/uploads\/sites\/2\/2016\/06\/smk-logo_mobile.png\",\"contentUrl\":\"https:\/\/ratgeber-arzthaftung.de\/de\/wp-content\/uploads\/sites\/2\/2016\/06\/smk-logo_mobile.png\",\"width\":206,\"height\":61,\"caption\":\"Anwaltskanzlei Berlin Dr. Schultze-Zeu Manthei & Kollegen\"},\"image\":{\"@id\":\"https:\/\/ratgeber-arzthaftung.de\/de\/#\/schema\/logo\/image\/\"}}]}<\/script>\n<!-- \/ Yoast SEO plugin. -->","yoast_head_json":{"title":"Kanzlei Rechtsanw\u00e4ltin Katrin Bihari Vass | Anwaltskanzlei Medizinrecht Dr. Schultze-Zeu Manthei & Kollegen","description":"Fachanw\u00e4lte f\u00fcr Arzthaftung Behandlungsfehler Medizinrecht Geburtssch\u00e4den. Als Patientenanw\u00e4lte vertreten wir bundesweit, gerichtlich und au\u00dfergerichtlich.","robots":{"index":"index","follow":"follow","max-snippet":"max-snippet:-1","max-image-preview":"max-image-preview:large","max-video-preview":"max-video-preview:-1"},"canonical":"https:\/\/ratgeber-arzthaftung.de\/de\/kanzlei\/rain-kathrin-vass\/","og_locale":"de_DE","og_type":"article","og_title":"Kanzlei Rechtsanw\u00e4ltin Katrin Bihari Vass | Anwaltskanzlei Medizinrecht Dr. Schultze-Zeu Manthei & Kollegen","og_description":"Fachanw\u00e4lte f\u00fcr Arzthaftung Behandlungsfehler Medizinrecht Geburtssch\u00e4den. Als Patientenanw\u00e4lte vertreten wir bundesweit, gerichtlich und au\u00dfergerichtlich.","og_url":"https:\/\/ratgeber-arzthaftung.de\/de\/kanzlei\/rain-kathrin-vass\/","og_site_name":"DE - Rechtsanw\u00e4lte Dr. Schultze-Zeu \u2022 Manthei &amp; Kollegen","article_modified_time":"2025-07-29T20:12:30+00:00","og_image":[{"width":600,"height":600,"url":"https:\/\/ratgeber-arzthaftung.de\/de\/wp-content\/uploads\/sites\/2\/2016\/05\/rechtsanwalt_familienrecht_katrin-bihari-vass.jpg","type":"image\/jpeg"}],"twitter_card":"summary_large_image","twitter_misc":{"Gesch\u00e4tzte Lesezeit":"1\u00a0Minute"},"schema":{"@context":"https:\/\/schema.org","@graph":[{"@type":"WebPage","@id":"https:\/\/ratgeber-arzthaftung.de\/de\/kanzlei\/rain-kathrin-vass\/","url":"https:\/\/ratgeber-arzthaftung.de\/de\/kanzlei\/rain-kathrin-vass\/","name":"Kanzlei Rechtsanw\u00e4ltin Katrin Bihari Vass | Anwaltskanzlei Medizinrecht Dr. Schultze-Zeu Manthei & Kollegen","isPartOf":{"@id":"https:\/\/ratgeber-arzthaftung.de\/de\/#website"},"primaryImageOfPage":{"@id":"https:\/\/ratgeber-arzthaftung.de\/de\/kanzlei\/rain-kathrin-vass\/#primaryimage"},"image":{"@id":"https:\/\/ratgeber-arzthaftung.de\/de\/kanzlei\/rain-kathrin-vass\/#primaryimage"},"thumbnailUrl":"https:\/\/ratgeber-arzthaftung.de\/de\/wp-content\/uploads\/sites\/2\/2016\/05\/rechtsanwalt_familienrecht_katrin-bihari-vass-300x300.jpg","datePublished":"2024-08-25T16:01:21+00:00","dateModified":"2025-07-29T20:12:30+00:00","description":"Fachanw\u00e4lte f\u00fcr Arzthaftung Behandlungsfehler Medizinrecht Geburtssch\u00e4den. Als Patientenanw\u00e4lte vertreten wir bundesweit, gerichtlich und au\u00dfergerichtlich.","breadcrumb":{"@id":"https:\/\/ratgeber-arzthaftung.de\/de\/kanzlei\/rain-kathrin-vass\/#breadcrumb"},"inLanguage":"de","potentialAction":[{"@type":"ReadAction","target":["https:\/\/ratgeber-arzthaftung.de\/de\/kanzlei\/rain-kathrin-vass\/"]}]},{"@type":"ImageObject","inLanguage":"de","@id":"https:\/\/ratgeber-arzthaftung.de\/de\/kanzlei\/rain-kathrin-vass\/#primaryimage","url":"https:\/\/ratgeber-arzthaftung.de\/de\/wp-content\/uploads\/sites\/2\/2016\/05\/rechtsanwalt_familienrecht_katrin-bihari-vass.jpg","contentUrl":"https:\/\/ratgeber-arzthaftung.de\/de\/wp-content\/uploads\/sites\/2\/2016\/05\/rechtsanwalt_familienrecht_katrin-bihari-vass.jpg","width":600,"height":600,"caption":"Anwalt Familienrecht Katrin Bihari Vass"},{"@type":"BreadcrumbList","@id":"https:\/\/ratgeber-arzthaftung.de\/de\/kanzlei\/rain-kathrin-vass\/#breadcrumb","itemListElement":[{"@type":"ListItem","position":1,"name":"Startseite","item":"https:\/\/ratgeber-arzthaftung.de\/de\/"},{"@type":"ListItem","position":2,"name":"Kanzlei","item":"https:\/\/ratgeber-arzthaftung.de\/de\/kanzlei\/"},{"@type":"ListItem","position":3,"name":"Rechtsanw\u00e4ltin Katrin Bihari Vass"}]},{"@type":"WebSite","@id":"https:\/\/ratgeber-arzthaftung.de\/de\/#website","url":"https:\/\/ratgeber-arzthaftung.de\/de\/","name":"DE -Geburtsschaden-Arzthaftung Rechtsanw\u00e4lte Dr. Schultze-Zeu \u2022 Manthei &amp; Kollegen","description":"Anw\u00e4lte f\u00fcr Arzthaftung, Geburtssch\u00e4den, Medizinrecht und Medizinprodukthaftung. Wir sind bundesweit t\u00e4tig!","publisher":{"@id":"https:\/\/ratgeber-arzthaftung.de\/de\/#organization"},"potentialAction":[{"@type":"SearchAction","target":{"@type":"EntryPoint","urlTemplate":"https:\/\/ratgeber-arzthaftung.de\/de\/?s={search_term_string}"},"query-input":{"@type":"PropertyValueSpecification","valueRequired":true,"valueName":"search_term_string"}}],"inLanguage":"de"},{"@type":"Organization","@id":"https:\/\/ratgeber-arzthaftung.de\/de\/#organization","name":"Anwaltskanzlei Berlin Dr. Schultze-Zeu Manthei & Kollegen","url":"https:\/\/ratgeber-arzthaftung.de\/de\/","logo":{"@type":"ImageObject","inLanguage":"de","@id":"https:\/\/ratgeber-arzthaftung.de\/de\/#\/schema\/logo\/image\/","url":"https:\/\/ratgeber-arzthaftung.de\/de\/wp-content\/uploads\/sites\/2\/2016\/06\/smk-logo_mobile.png","contentUrl":"https:\/\/ratgeber-arzthaftung.de\/de\/wp-content\/uploads\/sites\/2\/2016\/06\/smk-logo_mobile.png","width":206,"height":61,"caption":"Anwaltskanzlei Berlin Dr. Schultze-Zeu Manthei & Kollegen"},"image":{"@id":"https:\/\/ratgeber-arzthaftung.de\/de\/#\/schema\/logo\/image\/"}}]}},"_links":{"self":[{"href":"https:\/\/ratgeber-arzthaftung.de\/de\/wp-json\/wp\/v2\/pages\/2433","targetHints":{"allow":["GET"]}}],"collection":[{"href":"https:\/\/ratgeber-arzthaftung.de\/de\/wp-json\/wp\/v2\/pages"}],"about":[{"href":"https:\/\/ratgeber-arzthaftung.de\/de\/wp-json\/wp\/v2\/types\/page"}],"author":[{"embeddable":true,"href":"https:\/\/ratgeber-arzthaftung.de\/de\/wp-json\/wp\/v2\/users\/3"}],"replies":[{"embeddable":true,"href":"https:\/\/ratgeber-arzthaftung.de\/de\/wp-json\/wp\/v2\/comments?post=2433"}],"version-history":[{"count":0,"href":"https:\/\/ratgeber-arzthaftung.de\/de\/wp-json\/wp\/v2\/pages\/2433\/revisions"}],"up":[{"embeddable":true,"href":"https:\/\/ratgeber-arzthaftung.de\/de\/wp-json\/wp\/v2\/pages\/14"}],"wp:attachment":[{"href":"https:\/\/ratgeber-arzthaftung.de\/de\/wp-json\/wp\/v2\/media?parent=2433"}],"curies":[{"name":"wp","href":"https:\/\/api.w.org\/{rel}","templated":true}]}}