{"id":2014,"date":"2024-08-24T11:34:00","date_gmt":"2024-08-24T09:34:00","guid":{"rendered":"https:\/\/ratgeber-arzthaftung.de\/de\/?page_id=2014"},"modified":"2025-07-29T22:12:18","modified_gmt":"2025-07-29T20:12:18","slug":"rain-sybille-meier","status":"publish","type":"page","link":"https:\/\/ratgeber-arzthaftung.de\/de\/kanzlei\/rain-sybille-meier\/","title":{"rendered":"Rechtsanw\u00e4ltin Sybille Meier"},"content":{"rendered":"<h1>Rechtsanw\u00e4ltin<br \/>\nSybille Meier<\/h1>\n<p><img decoding=\"async\" class=\"circle alignleft size-full\" src=\"https:\/\/ratgeber-arzthaftung.de\/de\/wp-content\/uploads\/sites\/2\/2020\/02\/rechtsanwalt_arzthaftung_sybille-meier-300x300-1.jpg\" alt=\"Rechtsanw\u00e4ltin Erbrecht Sozialrecht Sybille Meier\" width=\"300\" height=\"300\" \/><\/p>\n<p>Rechtsanw\u00e4ltin<\/p>\n<p><strong>SPEZIALISIERUNGEN:<\/strong><\/p>\n<ul>\n<li>Fachanw\u00e4ltin f\u00fcr Erbrecht<\/li>\n<li>Fachanw\u00e4ltin f\u00fcr Sozialrecht<\/li>\n<li>Spezialistin f\u00fcr Betreuungsrecht<\/li>\n<\/ul>\n<p>&nbsp;<\/p>\n<p>&nbsp;<\/p>\n<p>&nbsp;<\/p>\n<hr \/>\n<p>Rechtsanw\u00e4ltin Sybille M. Meier hat Rechtswissenschaften an der Freien Universit\u00e4t Berlin studiert und im Anschluss ein Referendariat beim Hanseatischen Oberlandesgericht Bremen absolviert. Im Jahr 1982 erfolgte ihre Zulassung zur Rechtsanwaltschaft. 1992 erwarb RAin Meier die Zusatzbezeichnung Fachanw\u00e4ltin f\u00fcr Sozialrecht. In den Jahren 2012 und 2013 absolvierte Sybille M. Meier den Fachanwaltslehrgang Fachanwalt f\u00fcr Erbrecht. Sie war von 2004 bis 2010 Mitglied des Vorstandes des Vormundschaftsgerichtstages e.V. (jetzt Betreuungsgerichtstag e.V.) und von 2005 bis 2009 stellvertretendes Mitglied des Zulassungsauschusses Fachanwaltsausschuss f\u00fcr Sozialrecht der Rechtsanwaltskammer Berlin. Im Jahr 2017 erwarb Frau Meier die Zusatzbezeichnung Fachanw\u00e4ltin f\u00fcr Erbrecht. Weitere Fortbildungen umfassen die Teilnahme an den Lehrg\u00e4ngen &#8222;Zertifizierter Testamentsvollstrecker&#8220; AGT im Jahr 2017 sowie die Teilnahme am Lehrgang &#8222;Testamentsvollstrecker&#8220; der DVEV im Jahr 2019.<\/p>\n<p>RAin Sybille Meier arbeitet seit 2013 in enger Kooperation in B\u00fcrogemeinschaft mit der Anwaltskanzlei Schultze-Zeu, Manthei &amp; Kollegen.<\/p>\n<p>Weitere Informationen zur Rechtsanw\u00e4ltin Sybille Meier finden Sie auf ihrer <a href=\"https:\/\/www.rechtsanwalt-betreuungsrecht.de\/\" target=\"_blank\" rel=\"noopener noreferrer\">Website<\/a>.<\/p>\n","protected":false},"excerpt":{"rendered":"<p>Rechtsanw\u00e4ltin Sybille Meier Rechtsanw\u00e4ltin SPEZIALISIERUNGEN: Fachanw\u00e4ltin f\u00fcr Erbrecht Fachanw\u00e4ltin f\u00fcr Sozialrecht Spezialistin f\u00fcr Betreuungsrecht &nbsp; &nbsp; &nbsp; Rechtsanw\u00e4ltin Sybille M. Meier hat Rechtswissenschaften an der Freien Universit\u00e4t Berlin studiert und im Anschluss ein Referendariat beim Hanseatischen Oberlandesgericht Bremen absolviert. Im Jahr 1982 erfolgte ihre Zulassung zur Rechtsanwaltschaft. 1992 erwarb RAin Meier die Zusatzbezeichnung Fachanw\u00e4ltin f\u00fcr [&hellip;]<\/p>\n","protected":false},"author":1,"featured_media":0,"parent":14,"menu_order":5,"comment_status":"closed","ping_status":"closed","template":"","meta":{"_acf_changed":false,"footnotes":""},"class_list":["post-2014","page","type-page","status-publish","hentry"],"acf":[],"yoast_head":"<!-- This site is optimized with the Yoast SEO plugin v26.2 - https:\/\/yoast.com\/wordpress\/plugins\/seo\/ -->\n<title>Kanzlei Rechtsanw\u00e4ltin Sybille Meier | Anwaltskanzlei Medizinrecht Dr. Schultze-Zeu Manthei &amp; Kollegen<\/title>\n<meta name=\"description\" content=\"Fachanw\u00e4lte f\u00fcr Arzthaftung Behandlungsfehler Medizinrecht Geburtssch\u00e4den. Als Patientenanw\u00e4lte vertreten wir bundesweit, gerichtlich und au\u00dfergerichtlich.\" \/>\n<meta name=\"robots\" content=\"index, follow, max-snippet:-1, max-image-preview:large, max-video-preview:-1\" \/>\n<link rel=\"canonical\" href=\"https:\/\/ratgeber-arzthaftung.de\/de\/kanzlei\/rain-sybille-meier\/\" \/>\n<meta property=\"og:locale\" content=\"de_DE\" \/>\n<meta property=\"og:type\" content=\"article\" \/>\n<meta property=\"og:title\" content=\"Kanzlei Rechtsanw\u00e4ltin Sybille Meier | Anwaltskanzlei Medizinrecht Dr. Schultze-Zeu Manthei &amp; Kollegen\" \/>\n<meta property=\"og:description\" content=\"Fachanw\u00e4lte f\u00fcr Arzthaftung Behandlungsfehler Medizinrecht Geburtssch\u00e4den. Als Patientenanw\u00e4lte vertreten wir bundesweit, gerichtlich und au\u00dfergerichtlich.\" \/>\n<meta property=\"og:url\" content=\"https:\/\/ratgeber-arzthaftung.de\/de\/kanzlei\/rain-sybille-meier\/\" \/>\n<meta property=\"og:site_name\" content=\"DE - Rechtsanw\u00e4lte Dr. Schultze-Zeu \u2022 Manthei &amp; Kollegen\" \/>\n<meta property=\"article:modified_time\" content=\"2025-07-29T20:12:18+00:00\" \/>\n<meta property=\"og:image\" content=\"https:\/\/ratgeber-arzthaftung.de\/de\/wp-content\/uploads\/sites\/2\/2020\/02\/rechtsanwalt_arzthaftung_sybille-meier-300x300-1.jpg\" \/>\n<meta name=\"twitter:card\" content=\"summary_large_image\" \/>\n<meta name=\"twitter:label1\" content=\"Gesch\u00e4tzte Lesezeit\" \/>\n\t<meta name=\"twitter:data1\" content=\"2\u00a0Minuten\" \/>\n<script type=\"application\/ld+json\" class=\"yoast-schema-graph\">{\"@context\":\"https:\/\/schema.org\",\"@graph\":[{\"@type\":\"WebPage\",\"@id\":\"https:\/\/ratgeber-arzthaftung.de\/de\/kanzlei\/rain-sybille-meier\/\",\"url\":\"https:\/\/ratgeber-arzthaftung.de\/de\/kanzlei\/rain-sybille-meier\/\",\"name\":\"Kanzlei Rechtsanw\u00e4ltin Sybille Meier | Anwaltskanzlei Medizinrecht Dr. Schultze-Zeu Manthei & Kollegen\",\"isPartOf\":{\"@id\":\"https:\/\/ratgeber-arzthaftung.de\/de\/#website\"},\"primaryImageOfPage\":{\"@id\":\"https:\/\/ratgeber-arzthaftung.de\/de\/kanzlei\/rain-sybille-meier\/#primaryimage\"},\"image\":{\"@id\":\"https:\/\/ratgeber-arzthaftung.de\/de\/kanzlei\/rain-sybille-meier\/#primaryimage\"},\"thumbnailUrl\":\"https:\/\/ratgeber-arzthaftung.de\/de\/wp-content\/uploads\/sites\/2\/2020\/02\/rechtsanwalt_arzthaftung_sybille-meier-300x300-1.jpg\",\"datePublished\":\"2024-08-24T09:34:00+00:00\",\"dateModified\":\"2025-07-29T20:12:18+00:00\",\"description\":\"Fachanw\u00e4lte f\u00fcr Arzthaftung Behandlungsfehler Medizinrecht Geburtssch\u00e4den. Als Patientenanw\u00e4lte vertreten wir bundesweit, gerichtlich und au\u00dfergerichtlich.\",\"breadcrumb\":{\"@id\":\"https:\/\/ratgeber-arzthaftung.de\/de\/kanzlei\/rain-sybille-meier\/#breadcrumb\"},\"inLanguage\":\"de\",\"potentialAction\":[{\"@type\":\"ReadAction\",\"target\":[\"https:\/\/ratgeber-arzthaftung.de\/de\/kanzlei\/rain-sybille-meier\/\"]}]},{\"@type\":\"ImageObject\",\"inLanguage\":\"de\",\"@id\":\"https:\/\/ratgeber-arzthaftung.de\/de\/kanzlei\/rain-sybille-meier\/#primaryimage\",\"url\":\"https:\/\/ratgeber-arzthaftung.de\/de\/wp-content\/uploads\/sites\/2\/2020\/02\/rechtsanwalt_arzthaftung_sybille-meier-300x300-1.jpg\",\"contentUrl\":\"https:\/\/ratgeber-arzthaftung.de\/de\/wp-content\/uploads\/sites\/2\/2020\/02\/rechtsanwalt_arzthaftung_sybille-meier-300x300-1.jpg\",\"width\":300,\"height\":300,\"caption\":\"Rechtsanw\u00e4ltin Erbrecht Sozialrecht Sybille Meier\"},{\"@type\":\"BreadcrumbList\",\"@id\":\"https:\/\/ratgeber-arzthaftung.de\/de\/kanzlei\/rain-sybille-meier\/#breadcrumb\",\"itemListElement\":[{\"@type\":\"ListItem\",\"position\":1,\"name\":\"Startseite\",\"item\":\"https:\/\/ratgeber-arzthaftung.de\/de\/\"},{\"@type\":\"ListItem\",\"position\":2,\"name\":\"Kanzlei\",\"item\":\"https:\/\/ratgeber-arzthaftung.de\/de\/kanzlei\/\"},{\"@type\":\"ListItem\",\"position\":3,\"name\":\"Rechtsanw\u00e4ltin Sybille Meier\"}]},{\"@type\":\"WebSite\",\"@id\":\"https:\/\/ratgeber-arzthaftung.de\/de\/#website\",\"url\":\"https:\/\/ratgeber-arzthaftung.de\/de\/\",\"name\":\"DE -Geburtsschaden-Arzthaftung Rechtsanw\u00e4lte Dr. Schultze-Zeu \u2022 Manthei &amp; Kollegen\",\"description\":\"Anw\u00e4lte f\u00fcr Arzthaftung, Geburtssch\u00e4den, Medizinrecht und Medizinprodukthaftung. Wir sind bundesweit t\u00e4tig!\",\"publisher\":{\"@id\":\"https:\/\/ratgeber-arzthaftung.de\/de\/#organization\"},\"potentialAction\":[{\"@type\":\"SearchAction\",\"target\":{\"@type\":\"EntryPoint\",\"urlTemplate\":\"https:\/\/ratgeber-arzthaftung.de\/de\/?s={search_term_string}\"},\"query-input\":{\"@type\":\"PropertyValueSpecification\",\"valueRequired\":true,\"valueName\":\"search_term_string\"}}],\"inLanguage\":\"de\"},{\"@type\":\"Organization\",\"@id\":\"https:\/\/ratgeber-arzthaftung.de\/de\/#organization\",\"name\":\"Anwaltskanzlei Berlin Dr. Schultze-Zeu Manthei & Kollegen\",\"url\":\"https:\/\/ratgeber-arzthaftung.de\/de\/\",\"logo\":{\"@type\":\"ImageObject\",\"inLanguage\":\"de\",\"@id\":\"https:\/\/ratgeber-arzthaftung.de\/de\/#\/schema\/logo\/image\/\",\"url\":\"https:\/\/ratgeber-arzthaftung.de\/de\/wp-content\/uploads\/sites\/2\/2016\/06\/smk-logo_mobile.png\",\"contentUrl\":\"https:\/\/ratgeber-arzthaftung.de\/de\/wp-content\/uploads\/sites\/2\/2016\/06\/smk-logo_mobile.png\",\"width\":206,\"height\":61,\"caption\":\"Anwaltskanzlei Berlin Dr. Schultze-Zeu Manthei & Kollegen\"},\"image\":{\"@id\":\"https:\/\/ratgeber-arzthaftung.de\/de\/#\/schema\/logo\/image\/\"}}]}<\/script>\n<!-- \/ Yoast SEO plugin. -->","yoast_head_json":{"title":"Kanzlei Rechtsanw\u00e4ltin Sybille Meier | Anwaltskanzlei Medizinrecht Dr. Schultze-Zeu Manthei & Kollegen","description":"Fachanw\u00e4lte f\u00fcr Arzthaftung Behandlungsfehler Medizinrecht Geburtssch\u00e4den. Als Patientenanw\u00e4lte vertreten wir bundesweit, gerichtlich und au\u00dfergerichtlich.","robots":{"index":"index","follow":"follow","max-snippet":"max-snippet:-1","max-image-preview":"max-image-preview:large","max-video-preview":"max-video-preview:-1"},"canonical":"https:\/\/ratgeber-arzthaftung.de\/de\/kanzlei\/rain-sybille-meier\/","og_locale":"de_DE","og_type":"article","og_title":"Kanzlei Rechtsanw\u00e4ltin Sybille Meier | Anwaltskanzlei Medizinrecht Dr. Schultze-Zeu Manthei & Kollegen","og_description":"Fachanw\u00e4lte f\u00fcr Arzthaftung Behandlungsfehler Medizinrecht Geburtssch\u00e4den. Als Patientenanw\u00e4lte vertreten wir bundesweit, gerichtlich und au\u00dfergerichtlich.","og_url":"https:\/\/ratgeber-arzthaftung.de\/de\/kanzlei\/rain-sybille-meier\/","og_site_name":"DE - Rechtsanw\u00e4lte Dr. Schultze-Zeu \u2022 Manthei &amp; Kollegen","article_modified_time":"2025-07-29T20:12:18+00:00","og_image":[{"url":"https:\/\/ratgeber-arzthaftung.de\/de\/wp-content\/uploads\/sites\/2\/2020\/02\/rechtsanwalt_arzthaftung_sybille-meier-300x300-1.jpg","type":"","width":"","height":""}],"twitter_card":"summary_large_image","twitter_misc":{"Gesch\u00e4tzte Lesezeit":"2\u00a0Minuten"},"schema":{"@context":"https:\/\/schema.org","@graph":[{"@type":"WebPage","@id":"https:\/\/ratgeber-arzthaftung.de\/de\/kanzlei\/rain-sybille-meier\/","url":"https:\/\/ratgeber-arzthaftung.de\/de\/kanzlei\/rain-sybille-meier\/","name":"Kanzlei Rechtsanw\u00e4ltin Sybille Meier | Anwaltskanzlei Medizinrecht Dr. Schultze-Zeu Manthei & Kollegen","isPartOf":{"@id":"https:\/\/ratgeber-arzthaftung.de\/de\/#website"},"primaryImageOfPage":{"@id":"https:\/\/ratgeber-arzthaftung.de\/de\/kanzlei\/rain-sybille-meier\/#primaryimage"},"image":{"@id":"https:\/\/ratgeber-arzthaftung.de\/de\/kanzlei\/rain-sybille-meier\/#primaryimage"},"thumbnailUrl":"https:\/\/ratgeber-arzthaftung.de\/de\/wp-content\/uploads\/sites\/2\/2020\/02\/rechtsanwalt_arzthaftung_sybille-meier-300x300-1.jpg","datePublished":"2024-08-24T09:34:00+00:00","dateModified":"2025-07-29T20:12:18+00:00","description":"Fachanw\u00e4lte f\u00fcr Arzthaftung Behandlungsfehler Medizinrecht Geburtssch\u00e4den. Als Patientenanw\u00e4lte vertreten wir bundesweit, gerichtlich und au\u00dfergerichtlich.","breadcrumb":{"@id":"https:\/\/ratgeber-arzthaftung.de\/de\/kanzlei\/rain-sybille-meier\/#breadcrumb"},"inLanguage":"de","potentialAction":[{"@type":"ReadAction","target":["https:\/\/ratgeber-arzthaftung.de\/de\/kanzlei\/rain-sybille-meier\/"]}]},{"@type":"ImageObject","inLanguage":"de","@id":"https:\/\/ratgeber-arzthaftung.de\/de\/kanzlei\/rain-sybille-meier\/#primaryimage","url":"https:\/\/ratgeber-arzthaftung.de\/de\/wp-content\/uploads\/sites\/2\/2020\/02\/rechtsanwalt_arzthaftung_sybille-meier-300x300-1.jpg","contentUrl":"https:\/\/ratgeber-arzthaftung.de\/de\/wp-content\/uploads\/sites\/2\/2020\/02\/rechtsanwalt_arzthaftung_sybille-meier-300x300-1.jpg","width":300,"height":300,"caption":"Rechtsanw\u00e4ltin Erbrecht Sozialrecht Sybille Meier"},{"@type":"BreadcrumbList","@id":"https:\/\/ratgeber-arzthaftung.de\/de\/kanzlei\/rain-sybille-meier\/#breadcrumb","itemListElement":[{"@type":"ListItem","position":1,"name":"Startseite","item":"https:\/\/ratgeber-arzthaftung.de\/de\/"},{"@type":"ListItem","position":2,"name":"Kanzlei","item":"https:\/\/ratgeber-arzthaftung.de\/de\/kanzlei\/"},{"@type":"ListItem","position":3,"name":"Rechtsanw\u00e4ltin Sybille Meier"}]},{"@type":"WebSite","@id":"https:\/\/ratgeber-arzthaftung.de\/de\/#website","url":"https:\/\/ratgeber-arzthaftung.de\/de\/","name":"DE -Geburtsschaden-Arzthaftung Rechtsanw\u00e4lte Dr. Schultze-Zeu \u2022 Manthei &amp; Kollegen","description":"Anw\u00e4lte f\u00fcr Arzthaftung, Geburtssch\u00e4den, Medizinrecht und Medizinprodukthaftung. Wir sind bundesweit t\u00e4tig!","publisher":{"@id":"https:\/\/ratgeber-arzthaftung.de\/de\/#organization"},"potentialAction":[{"@type":"SearchAction","target":{"@type":"EntryPoint","urlTemplate":"https:\/\/ratgeber-arzthaftung.de\/de\/?s={search_term_string}"},"query-input":{"@type":"PropertyValueSpecification","valueRequired":true,"valueName":"search_term_string"}}],"inLanguage":"de"},{"@type":"Organization","@id":"https:\/\/ratgeber-arzthaftung.de\/de\/#organization","name":"Anwaltskanzlei Berlin Dr. Schultze-Zeu Manthei & Kollegen","url":"https:\/\/ratgeber-arzthaftung.de\/de\/","logo":{"@type":"ImageObject","inLanguage":"de","@id":"https:\/\/ratgeber-arzthaftung.de\/de\/#\/schema\/logo\/image\/","url":"https:\/\/ratgeber-arzthaftung.de\/de\/wp-content\/uploads\/sites\/2\/2016\/06\/smk-logo_mobile.png","contentUrl":"https:\/\/ratgeber-arzthaftung.de\/de\/wp-content\/uploads\/sites\/2\/2016\/06\/smk-logo_mobile.png","width":206,"height":61,"caption":"Anwaltskanzlei Berlin Dr. Schultze-Zeu Manthei & Kollegen"},"image":{"@id":"https:\/\/ratgeber-arzthaftung.de\/de\/#\/schema\/logo\/image\/"}}]}},"_links":{"self":[{"href":"https:\/\/ratgeber-arzthaftung.de\/de\/wp-json\/wp\/v2\/pages\/2014","targetHints":{"allow":["GET"]}}],"collection":[{"href":"https:\/\/ratgeber-arzthaftung.de\/de\/wp-json\/wp\/v2\/pages"}],"about":[{"href":"https:\/\/ratgeber-arzthaftung.de\/de\/wp-json\/wp\/v2\/types\/page"}],"author":[{"embeddable":true,"href":"https:\/\/ratgeber-arzthaftung.de\/de\/wp-json\/wp\/v2\/users\/1"}],"replies":[{"embeddable":true,"href":"https:\/\/ratgeber-arzthaftung.de\/de\/wp-json\/wp\/v2\/comments?post=2014"}],"version-history":[{"count":0,"href":"https:\/\/ratgeber-arzthaftung.de\/de\/wp-json\/wp\/v2\/pages\/2014\/revisions"}],"up":[{"embeddable":true,"href":"https:\/\/ratgeber-arzthaftung.de\/de\/wp-json\/wp\/v2\/pages\/14"}],"wp:attachment":[{"href":"https:\/\/ratgeber-arzthaftung.de\/de\/wp-json\/wp\/v2\/media?parent=2014"}],"curies":[{"name":"wp","href":"https:\/\/api.w.org\/{rel}","templated":true}]}}