{"id":147,"date":"2024-08-31T10:43:22","date_gmt":"2024-08-31T08:43:22","guid":{"rendered":"https:\/\/ratgeber-arzthaftung.de\/de\/?page_id=147"},"modified":"2025-11-04T09:16:22","modified_gmt":"2025-11-04T08:16:22","slug":"akteneinsichtsrecht-der-krankenkassen-und-pflegekassen-im-regressfall","status":"publish","type":"page","link":"https:\/\/ratgeber-arzthaftung.de\/de\/publikationen-arzthaftung-behandlungsfehler\/akteneinsichtsrecht-der-krankenkassen-und-pflegekassen-im-regressfall\/","title":{"rendered":"Akteneinsichtsrecht der Krankenkassen und Pflegekassen im Regressfall"},"content":{"rendered":"<div id=\"DocView\" class=\"docviewmain\" role=\"region\" aria-label=\"Dokumentinhalt\"><strong>\u00c4rztliche Behandlungsfehler &#8211; die Unterst\u00fctzungspflicht der gesetzlichen Krankenversicherung gem\u00e4\u00df \u00a7 66 SGB V und die Mitwirkungspflichten des Versicherten<br \/>\n<span id=\"zvs\">Dr. Ruth Schultze-Zeu, Rechtsanw\u00e4ltin\/ Hartmut Riehn, Rechtsanwalt, Vorsitzender Richter am Verwaltungsgericht a.D., VersR 2013, 1482-1488<\/span><\/strong><\/p>\n<article class=\"docbody docview__docbody\" data-juris-toc=\"{&quot;level&quot;:0,&quot;label&quot;:&quot;NJLU000823995&quot;}\">\n<div class=\"docLayoutText doktyp-juris-lit dokutyp-uli\">\n<h3 class=\"doc\">Zusammenfassende Darstellung des Aufsatzes<\/h3>\n<div class=\"docLayoutMarginTop\">\n<div>Die Verfasser gehen in ihrem Beitrag auf die konkrete Ausgestaltung der neuen Unterst\u00fctzungspflicht der Krankenkassen bei \u00e4rztlichen Behandlungsfehlern und dem Recht auf Hilfe der Versicherten gem\u00e4\u00df\u00a0<a class=\"doclink docview__doclink\" title=\"\u00a7\u00a066 SGB 5, Bundesnorm, Unterst\u00fctzung der Versicherten bei Behandlungsfehlern, Sozialgesetzbuch (SGB) F\u00fcnftes Buch (V) - Gesetzliche Krankenversicherung - (Artikel\u00a01 des ..., g\u00fcltig ab 26.11.2019\" href=\"https:\/\/www.juris.de\/r3\/document\/BJNR024820988BJNE014903817\/format\/xsl?oi=SwMAuWNXzH&amp;sourceP=%7B%22source%22%3A%22Link%22%7D\" data-juris-gui=\"link\" data-juris-link=\"{&quot;linkMeta&quot;:{&quot;docId&quot;:&quot;BJNR024820988BJNE014903817&quot;,&quot;part&quot;:&quot;S&quot;,&quot;price&quot;:0.0}}\" data-juris-tooltip=\"{&quot;tooltip&quot;:{&quot;item&quot;:[&quot;\u00a7\u00a066 SGB 5&quot;,&quot;Bundesnorm&quot;,&quot;Unterst\u00fctzung der Versicherten bei Behandlungsfehlern&quot;,&quot;Sozialgesetzbuch (SGB) F\u00fcnftes Buch (V) - Gesetzliche Krankenversicherung - (Artikel\u00a01 des ...&quot;,&quot;g\u00fcltig ab 26.11.2019&quot;],&quot;part&quot;:&quot;Einzelnorm&quot;,&quot;price&quot;:0.0,&quot;icon&quot;:{&quot;path&quot;:&quot;\/img\/common\/icontldok\/juris_logo_q1.gif&quot;,&quot;tooltipText&quot;:&quot;Inhaltliche Erschlie\u00dfung durch die Dokumentationsstelle des Bundesamts f\u00fcr Justiz.&quot;}}}\"><span title=\"\">\u00a7\u00a066 SGB V<\/span><\/a>\u00a0(juris: SGB 5) ein. Diese Neufassung des Gesetzes weist den gesetzlichen Krankenversicherungen eine zentrale Rolle zu und soll Patienten unterst\u00fctzend beistehen, die meist uninformiert und hilflos der Komplexit\u00e4t der Medizin, der Vielfalt der Krankheitsbilder, un\u00fcberschaubaren Behandlungsmethoden und manchmal auch \u00e4rztlichem Fehlverhalten ausgesetzt sind. Die Autoren gehen auf diese Verpflichtung der Krankenkassen von Amts wegen t\u00e4tig zu werden n\u00e4her ein, beschreiben Methoden um etwaige Behandlungsfehler aufzudecken und zeigen die wechselseitige Unterst\u00fctzung des Versicherten und der Krankenkasse bei \u00e4rztlichem Fehlverhalten auf, die darauf abzielt den Sachverhalt zu ermitteln und die Schadensersatzanspr\u00fcche durchzusetzen. Dabei wird\u00a0<a class=\"doclink docview__doclink\" title=\"\u00a7\u00a0294a SGB 5, Bundesnorm, Mitteilung von Krankheitsursachen und drittverursachten Gesundheitssch\u00e4den, Sozialgesetzbuch (SGB) F\u00fcnftes Buch (V) - Gesetzliche Krankenversicherung - (Artikel\u00a01 des ..., g\u00fcltig ab 01.01.2025\" href=\"https:\/\/www.juris.de\/r3\/document\/BJNR024820988BJNE050905819\/format\/xsl?oi=SwMAuWNXzH&amp;sourceP=%7B%22source%22%3A%22Link%22%7D\" data-juris-gui=\"link\" data-juris-link=\"{&quot;linkMeta&quot;:{&quot;docId&quot;:&quot;BJNR024820988BJNE050905819&quot;,&quot;part&quot;:&quot;S&quot;,&quot;price&quot;:0.0}}\" data-juris-tooltip=\"{&quot;tooltip&quot;:{&quot;item&quot;:[&quot;\u00a7\u00a0294a SGB 5&quot;,&quot;Bundesnorm&quot;,&quot;Mitteilung von Krankheitsursachen und drittverursachten Gesundheitssch\u00e4den&quot;,&quot;Sozialgesetzbuch (SGB) F\u00fcnftes Buch (V) - Gesetzliche Krankenversicherung - (Artikel\u00a01 des ...&quot;,&quot;g\u00fcltig ab 01.01.2025&quot;],&quot;part&quot;:&quot;Einzelnorm&quot;,&quot;price&quot;:0.0,&quot;icon&quot;:{&quot;path&quot;:&quot;\/img\/common\/icontldok\/juris_logo_q1.gif&quot;,&quot;tooltipText&quot;:&quot;Inhaltliche Erschlie\u00dfung durch die Dokumentationsstelle des Bundesamts f\u00fcr Justiz.&quot;}}}\"><span title=\"\">\u00a7 294a SGB V <\/span><\/a>(juris: SGB 5)\u00a0 mit einbezogen, der den Krankenkassen in Beziehung zu \u00c4rzten und Krankenh\u00e4usern eine origin\u00e4re gesetzliche \u00dcbermittlungs \u2013 und Offenbarungsbefugnis einr\u00e4umt, wenn ein Hinweis auf drittverursachte Gesundheitssch\u00e4den vorliegt. Als Fazit w\u00e4re f\u00fcr die Verfasser der Idealfall wenn Krankenversicherung und Versicherter gemeinsam m\u00f6gliche \u00e4rztliche Behandlungsfehler aufkl\u00e4ren.<\/div>\n<\/div>\n<\/div>\n<\/article>\n<\/div>\n","protected":false},"excerpt":{"rendered":"<p>\u00c4rztliche Behandlungsfehler &#8211; die Unterst\u00fctzungspflicht der gesetzlichen Krankenversicherung gem\u00e4\u00df \u00a7 66 SGB V und die Mitwirkungspflichten des Versicherten Dr. Ruth Schultze-Zeu, Rechtsanw\u00e4ltin\/ Hartmut Riehn, Rechtsanwalt, Vorsitzender Richter am Verwaltungsgericht a.D., VersR 2013, 1482-1488 Zusammenfassende Darstellung des Aufsatzes Die Verfasser gehen in ihrem Beitrag auf die konkrete Ausgestaltung der neuen Unterst\u00fctzungspflicht der Krankenkassen bei \u00e4rztlichen Behandlungsfehlern [&hellip;]<\/p>\n","protected":false},"author":1,"featured_media":0,"parent":142,"menu_order":0,"comment_status":"closed","ping_status":"closed","template":"","meta":{"_acf_changed":false,"footnotes":""},"class_list":["post-147","page","type-page","status-publish","hentry"],"acf":[],"yoast_head":"<!-- This site is optimized with the Yoast SEO plugin v26.2 - https:\/\/yoast.com\/wordpress\/plugins\/seo\/ -->\n<title>Schultze-Zeu \u2022 Manthei &amp; Kollegen | Fachanw\u00e4lte Arzthaftung Medizinrecht | Akteneinsichtsrecht der Pflegekassen im Regressfall<\/title>\n<meta name=\"description\" content=\"Fachanw\u00e4lte f\u00fcr Arzthaftung Behandlungsfehler Medizinrecht Geburtssch\u00e4den. Als Patientenanw\u00e4lte vertreten wir bundesweit, gerichtlich und au\u00dfergerichtlich.\" \/>\n<meta name=\"robots\" content=\"index, follow, max-snippet:-1, max-image-preview:large, max-video-preview:-1\" \/>\n<link rel=\"canonical\" href=\"https:\/\/ratgeber-arzthaftung.de\/de\/publikationen-arzthaftung-behandlungsfehler\/akteneinsichtsrecht-der-krankenkassen-und-pflegekassen-im-regressfall\/\" \/>\n<meta property=\"og:locale\" content=\"de_DE\" \/>\n<meta property=\"og:type\" content=\"article\" \/>\n<meta property=\"og:title\" content=\"Schultze-Zeu \u2022 Manthei &amp; Kollegen | Fachanw\u00e4lte Arzthaftung Medizinrecht | Akteneinsichtsrecht der Pflegekassen im Regressfall\" \/>\n<meta property=\"og:description\" content=\"Fachanw\u00e4lte f\u00fcr Arzthaftung Behandlungsfehler Medizinrecht Geburtssch\u00e4den. Als Patientenanw\u00e4lte vertreten wir bundesweit, gerichtlich und au\u00dfergerichtlich.\" \/>\n<meta property=\"og:url\" content=\"https:\/\/ratgeber-arzthaftung.de\/de\/publikationen-arzthaftung-behandlungsfehler\/akteneinsichtsrecht-der-krankenkassen-und-pflegekassen-im-regressfall\/\" \/>\n<meta property=\"og:site_name\" content=\"DE - Rechtsanw\u00e4lte Dr. Schultze-Zeu \u2022 Manthei &amp; Kollegen\" \/>\n<meta property=\"article:modified_time\" content=\"2025-11-04T08:16:22+00:00\" \/>\n<meta name=\"twitter:card\" content=\"summary_large_image\" \/>\n<meta name=\"twitter:label1\" content=\"Gesch\u00e4tzte Lesezeit\" \/>\n\t<meta name=\"twitter:data1\" content=\"2\u00a0Minuten\" \/>\n<script type=\"application\/ld+json\" class=\"yoast-schema-graph\">{\"@context\":\"https:\/\/schema.org\",\"@graph\":[{\"@type\":\"WebPage\",\"@id\":\"https:\/\/ratgeber-arzthaftung.de\/de\/publikationen-arzthaftung-behandlungsfehler\/akteneinsichtsrecht-der-krankenkassen-und-pflegekassen-im-regressfall\/\",\"url\":\"https:\/\/ratgeber-arzthaftung.de\/de\/publikationen-arzthaftung-behandlungsfehler\/akteneinsichtsrecht-der-krankenkassen-und-pflegekassen-im-regressfall\/\",\"name\":\"Schultze-Zeu \u2022 Manthei & Kollegen | Fachanw\u00e4lte Arzthaftung Medizinrecht | Akteneinsichtsrecht der Pflegekassen im Regressfall\",\"isPartOf\":{\"@id\":\"https:\/\/ratgeber-arzthaftung.de\/de\/#website\"},\"datePublished\":\"2024-08-31T08:43:22+00:00\",\"dateModified\":\"2025-11-04T08:16:22+00:00\",\"description\":\"Fachanw\u00e4lte f\u00fcr Arzthaftung Behandlungsfehler Medizinrecht Geburtssch\u00e4den. Als Patientenanw\u00e4lte vertreten wir bundesweit, gerichtlich und au\u00dfergerichtlich.\",\"breadcrumb\":{\"@id\":\"https:\/\/ratgeber-arzthaftung.de\/de\/publikationen-arzthaftung-behandlungsfehler\/akteneinsichtsrecht-der-krankenkassen-und-pflegekassen-im-regressfall\/#breadcrumb\"},\"inLanguage\":\"de\",\"potentialAction\":[{\"@type\":\"ReadAction\",\"target\":[\"https:\/\/ratgeber-arzthaftung.de\/de\/publikationen-arzthaftung-behandlungsfehler\/akteneinsichtsrecht-der-krankenkassen-und-pflegekassen-im-regressfall\/\"]}]},{\"@type\":\"BreadcrumbList\",\"@id\":\"https:\/\/ratgeber-arzthaftung.de\/de\/publikationen-arzthaftung-behandlungsfehler\/akteneinsichtsrecht-der-krankenkassen-und-pflegekassen-im-regressfall\/#breadcrumb\",\"itemListElement\":[{\"@type\":\"ListItem\",\"position\":1,\"name\":\"Startseite\",\"item\":\"https:\/\/ratgeber-arzthaftung.de\/de\/\"},{\"@type\":\"ListItem\",\"position\":2,\"name\":\"Publikationen\",\"item\":\"https:\/\/ratgeber-arzthaftung.de\/de\/publikationen-arzthaftung-behandlungsfehler\/\"},{\"@type\":\"ListItem\",\"position\":3,\"name\":\"Akteneinsichtsrecht der Krankenkassen und Pflegekassen im Regressfall\"}]},{\"@type\":\"WebSite\",\"@id\":\"https:\/\/ratgeber-arzthaftung.de\/de\/#website\",\"url\":\"https:\/\/ratgeber-arzthaftung.de\/de\/\",\"name\":\"DE -Geburtsschaden-Arzthaftung Rechtsanw\u00e4lte Dr. Schultze-Zeu \u2022 Manthei &amp; Kollegen\",\"description\":\"Anw\u00e4lte f\u00fcr Arzthaftung, Geburtssch\u00e4den, Medizinrecht und Medizinprodukthaftung. Wir sind bundesweit t\u00e4tig!\",\"publisher\":{\"@id\":\"https:\/\/ratgeber-arzthaftung.de\/de\/#organization\"},\"potentialAction\":[{\"@type\":\"SearchAction\",\"target\":{\"@type\":\"EntryPoint\",\"urlTemplate\":\"https:\/\/ratgeber-arzthaftung.de\/de\/?s={search_term_string}\"},\"query-input\":{\"@type\":\"PropertyValueSpecification\",\"valueRequired\":true,\"valueName\":\"search_term_string\"}}],\"inLanguage\":\"de\"},{\"@type\":\"Organization\",\"@id\":\"https:\/\/ratgeber-arzthaftung.de\/de\/#organization\",\"name\":\"Anwaltskanzlei Berlin Dr. Schultze-Zeu Manthei & Kollegen\",\"url\":\"https:\/\/ratgeber-arzthaftung.de\/de\/\",\"logo\":{\"@type\":\"ImageObject\",\"inLanguage\":\"de\",\"@id\":\"https:\/\/ratgeber-arzthaftung.de\/de\/#\/schema\/logo\/image\/\",\"url\":\"https:\/\/ratgeber-arzthaftung.de\/de\/wp-content\/uploads\/sites\/2\/2016\/06\/smk-logo_mobile.png\",\"contentUrl\":\"https:\/\/ratgeber-arzthaftung.de\/de\/wp-content\/uploads\/sites\/2\/2016\/06\/smk-logo_mobile.png\",\"width\":206,\"height\":61,\"caption\":\"Anwaltskanzlei Berlin Dr. Schultze-Zeu Manthei & Kollegen\"},\"image\":{\"@id\":\"https:\/\/ratgeber-arzthaftung.de\/de\/#\/schema\/logo\/image\/\"}}]}<\/script>\n<!-- \/ Yoast SEO plugin. -->","yoast_head_json":{"title":"Schultze-Zeu \u2022 Manthei & Kollegen | Fachanw\u00e4lte Arzthaftung Medizinrecht | Akteneinsichtsrecht der Pflegekassen im Regressfall","description":"Fachanw\u00e4lte f\u00fcr Arzthaftung Behandlungsfehler Medizinrecht Geburtssch\u00e4den. Als Patientenanw\u00e4lte vertreten wir bundesweit, gerichtlich und au\u00dfergerichtlich.","robots":{"index":"index","follow":"follow","max-snippet":"max-snippet:-1","max-image-preview":"max-image-preview:large","max-video-preview":"max-video-preview:-1"},"canonical":"https:\/\/ratgeber-arzthaftung.de\/de\/publikationen-arzthaftung-behandlungsfehler\/akteneinsichtsrecht-der-krankenkassen-und-pflegekassen-im-regressfall\/","og_locale":"de_DE","og_type":"article","og_title":"Schultze-Zeu \u2022 Manthei & Kollegen | Fachanw\u00e4lte Arzthaftung Medizinrecht | Akteneinsichtsrecht der Pflegekassen im Regressfall","og_description":"Fachanw\u00e4lte f\u00fcr Arzthaftung Behandlungsfehler Medizinrecht Geburtssch\u00e4den. Als Patientenanw\u00e4lte vertreten wir bundesweit, gerichtlich und au\u00dfergerichtlich.","og_url":"https:\/\/ratgeber-arzthaftung.de\/de\/publikationen-arzthaftung-behandlungsfehler\/akteneinsichtsrecht-der-krankenkassen-und-pflegekassen-im-regressfall\/","og_site_name":"DE - Rechtsanw\u00e4lte Dr. Schultze-Zeu \u2022 Manthei &amp; Kollegen","article_modified_time":"2025-11-04T08:16:22+00:00","twitter_card":"summary_large_image","twitter_misc":{"Gesch\u00e4tzte Lesezeit":"2\u00a0Minuten"},"schema":{"@context":"https:\/\/schema.org","@graph":[{"@type":"WebPage","@id":"https:\/\/ratgeber-arzthaftung.de\/de\/publikationen-arzthaftung-behandlungsfehler\/akteneinsichtsrecht-der-krankenkassen-und-pflegekassen-im-regressfall\/","url":"https:\/\/ratgeber-arzthaftung.de\/de\/publikationen-arzthaftung-behandlungsfehler\/akteneinsichtsrecht-der-krankenkassen-und-pflegekassen-im-regressfall\/","name":"Schultze-Zeu \u2022 Manthei & Kollegen | Fachanw\u00e4lte Arzthaftung Medizinrecht | Akteneinsichtsrecht der Pflegekassen im Regressfall","isPartOf":{"@id":"https:\/\/ratgeber-arzthaftung.de\/de\/#website"},"datePublished":"2024-08-31T08:43:22+00:00","dateModified":"2025-11-04T08:16:22+00:00","description":"Fachanw\u00e4lte f\u00fcr Arzthaftung Behandlungsfehler Medizinrecht Geburtssch\u00e4den. Als Patientenanw\u00e4lte vertreten wir bundesweit, gerichtlich und au\u00dfergerichtlich.","breadcrumb":{"@id":"https:\/\/ratgeber-arzthaftung.de\/de\/publikationen-arzthaftung-behandlungsfehler\/akteneinsichtsrecht-der-krankenkassen-und-pflegekassen-im-regressfall\/#breadcrumb"},"inLanguage":"de","potentialAction":[{"@type":"ReadAction","target":["https:\/\/ratgeber-arzthaftung.de\/de\/publikationen-arzthaftung-behandlungsfehler\/akteneinsichtsrecht-der-krankenkassen-und-pflegekassen-im-regressfall\/"]}]},{"@type":"BreadcrumbList","@id":"https:\/\/ratgeber-arzthaftung.de\/de\/publikationen-arzthaftung-behandlungsfehler\/akteneinsichtsrecht-der-krankenkassen-und-pflegekassen-im-regressfall\/#breadcrumb","itemListElement":[{"@type":"ListItem","position":1,"name":"Startseite","item":"https:\/\/ratgeber-arzthaftung.de\/de\/"},{"@type":"ListItem","position":2,"name":"Publikationen","item":"https:\/\/ratgeber-arzthaftung.de\/de\/publikationen-arzthaftung-behandlungsfehler\/"},{"@type":"ListItem","position":3,"name":"Akteneinsichtsrecht der Krankenkassen und Pflegekassen im Regressfall"}]},{"@type":"WebSite","@id":"https:\/\/ratgeber-arzthaftung.de\/de\/#website","url":"https:\/\/ratgeber-arzthaftung.de\/de\/","name":"DE -Geburtsschaden-Arzthaftung Rechtsanw\u00e4lte Dr. Schultze-Zeu \u2022 Manthei &amp; Kollegen","description":"Anw\u00e4lte f\u00fcr Arzthaftung, Geburtssch\u00e4den, Medizinrecht und Medizinprodukthaftung. Wir sind bundesweit t\u00e4tig!","publisher":{"@id":"https:\/\/ratgeber-arzthaftung.de\/de\/#organization"},"potentialAction":[{"@type":"SearchAction","target":{"@type":"EntryPoint","urlTemplate":"https:\/\/ratgeber-arzthaftung.de\/de\/?s={search_term_string}"},"query-input":{"@type":"PropertyValueSpecification","valueRequired":true,"valueName":"search_term_string"}}],"inLanguage":"de"},{"@type":"Organization","@id":"https:\/\/ratgeber-arzthaftung.de\/de\/#organization","name":"Anwaltskanzlei Berlin Dr. Schultze-Zeu Manthei & Kollegen","url":"https:\/\/ratgeber-arzthaftung.de\/de\/","logo":{"@type":"ImageObject","inLanguage":"de","@id":"https:\/\/ratgeber-arzthaftung.de\/de\/#\/schema\/logo\/image\/","url":"https:\/\/ratgeber-arzthaftung.de\/de\/wp-content\/uploads\/sites\/2\/2016\/06\/smk-logo_mobile.png","contentUrl":"https:\/\/ratgeber-arzthaftung.de\/de\/wp-content\/uploads\/sites\/2\/2016\/06\/smk-logo_mobile.png","width":206,"height":61,"caption":"Anwaltskanzlei Berlin Dr. Schultze-Zeu Manthei & Kollegen"},"image":{"@id":"https:\/\/ratgeber-arzthaftung.de\/de\/#\/schema\/logo\/image\/"}}]}},"_links":{"self":[{"href":"https:\/\/ratgeber-arzthaftung.de\/de\/wp-json\/wp\/v2\/pages\/147","targetHints":{"allow":["GET"]}}],"collection":[{"href":"https:\/\/ratgeber-arzthaftung.de\/de\/wp-json\/wp\/v2\/pages"}],"about":[{"href":"https:\/\/ratgeber-arzthaftung.de\/de\/wp-json\/wp\/v2\/types\/page"}],"author":[{"embeddable":true,"href":"https:\/\/ratgeber-arzthaftung.de\/de\/wp-json\/wp\/v2\/users\/1"}],"replies":[{"embeddable":true,"href":"https:\/\/ratgeber-arzthaftung.de\/de\/wp-json\/wp\/v2\/comments?post=147"}],"version-history":[{"count":2,"href":"https:\/\/ratgeber-arzthaftung.de\/de\/wp-json\/wp\/v2\/pages\/147\/revisions"}],"predecessor-version":[{"id":2522,"href":"https:\/\/ratgeber-arzthaftung.de\/de\/wp-json\/wp\/v2\/pages\/147\/revisions\/2522"}],"up":[{"embeddable":true,"href":"https:\/\/ratgeber-arzthaftung.de\/de\/wp-json\/wp\/v2\/pages\/142"}],"wp:attachment":[{"href":"https:\/\/ratgeber-arzthaftung.de\/de\/wp-json\/wp\/v2\/media?parent=147"}],"curies":[{"name":"wp","href":"https:\/\/api.w.org\/{rel}","templated":true}]}}