{"id":1415,"date":"2024-06-01T17:30:55","date_gmt":"2024-06-01T15:30:55","guid":{"rendered":"https:\/\/ratgeber-arzthaftung.de\/de\/?page_id=1415"},"modified":"2024-09-19T19:15:48","modified_gmt":"2024-09-19T17:15:48","slug":"anwalt-krankenhausinfektion","status":"publish","type":"page","link":"https:\/\/ratgeber-arzthaftung.de\/de\/rechtsgebiete\/anwalt-krankenhausinfektion\/","title":{"rendered":"Krankenhausinfektion: Wenn Sie das Krankenhaus verklagen wollen"},"content":{"rendered":"<h1>Krankenhausinfektion<\/h1>\n<h2>Ihr Fachanwalt f\u00fcr Arzthaftung bei Infektionen durch mangelnde Hygiene und Behandlungsfehler im Krankenhaus<\/h2>\n<div class=\"contentBox col2-1 white height500\">\n<p>Wenn Sie sich bei einem Aufenthalt im Krankenhaus oder einer ambulanten Arztpraxis mit gef\u00e4hrlichen Keimen infiziert haben (Krankenhauskeime, multiresistente Keime oder MRSA), k\u00f6nnen Sie das Krankenhaus verklagen und Anspruch auf auf Schmerzensgeld oder Schadenersatz geltend machen. Wir vertreten Sie als Anwalt f\u00fcr Arzthaftung und Medizinrecht bei der Durchsetzung Ihrer Rechte und erstreiten f\u00fcr Sie Schmerzensgeld- oder Schadenersatzanspr\u00fcche gegen das Krankenhaus, den Krankenhaustr\u00e4ger oder die Arztpraxis. Dies gilt auch in F\u00e4llen einer zu sp\u00e4t erkannten oder fehlerhaft behandelten Blutvergiftung (Sepsis). Unsere rechtswissenschaftlichen Ausf\u00fchrungen zu diesem Thema hat der Bundesgerichtshof bereits in seine Rechtsprechung <a href=\"https:\/\/ratgeber-arzthaftung.de\/de\/erfolge\/erfolge-in-der-rechtsprechung\/krankenhaushaftung-sekundaere-darlegungslast-des-krankenhaustraegers-bei-behaupteten-hygieneverstoessen\/\">\u00fcbernommen<\/a>. So folgte der 6. Zivilsenat des Bundesgerichtshofes mit Beschluss vom 16.08.2016 (Aktenzeichen VI ZR 634\/15) unseren rechtswissenschaftlichen <a href=\"https:\/\/ratgeber-arzthaftung.de\/de\/erfolge\/erfolge-in-der-rechtsprechung\/krankenhaushaftung-sekundaere-darlegungslast-des-krankenhaustraegers-bei-behaupteten-hygieneverstoessen\/\">Ausf\u00fchrungen<\/a>, nach denen der Patient nicht mehr das Vorliegen von Hygienefehlern nachweisen muss. Vielmehr muss das Krankenhaus darlegen, dass es alle Hygienestandards eingehalten hat. Dadurch hat der Patient viel gr\u00f6\u00dfere Chancen, bei erlittenen Infektionen im Krankenhaus oder in der Arztpraxis seine Anspr\u00fcche durchzusetzen.<\/p>\n<\/div>\n<div class=\"contentBox col2-1 orange height500\">\n<h3>Unsere genauen Leistungen im Medizinrecht:<\/h3>\n<ul>\n<li>Fallspezifische Beratung bei Infektionen im Krankenhaus<\/li>\n<li>Vertretung in F\u00e4llen mangelnder Krankenhaushygiene<\/li>\n<li>MRSA-Infektionen in der Folge von Operationen<\/li>\n<li>Mangelnde oder fehlerhafte Diagnostik<\/li>\n<li>Zu sp\u00e4te oder fehlerhafte Behandlung von Infektionen<\/li>\n<li>Durchsetzung von Schadenersatzforderungen<\/li>\n<li>Durchsetzung von Schmerzensgeldforderungen<\/li>\n<li>Durchsetzung weiterer Rechte und Entsch\u00e4digungen.<\/li>\n<\/ul>\n<\/div>\n<h2>Infektion im Krankenhaus: Rechte gesch\u00e4digter Patienten<\/h2>\n<p>Das Thema einer Infektion im Krankenhaus hat in den vergangenen Jahren stark an Bedeutung gewonnen, auch wenn vielen Betroffenen zun\u00e4chst gar nicht klar ist, was das bedeutet. Die Begriffe \u201cKrankenhausinfektion\u201c oder \u201cKrankenhauskeim\u201c beziehen sich auf die im Krankenhaus erworbene Infektion (zumeist an Operationswunden) mit gesundheitssch\u00e4dlichen,\u00a0multiresistenten Keimen wie etwa \u201cStaphylococcus aureus\u201c. Da antibiotische, antibakterielle Behandlungen in diesen F\u00e4llen oft nicht anschlagen, k\u00f6nnen solche Infektionen mit gravierenden pers\u00f6nlichen und wirtschaftlichen Folgen f\u00fcr die oder den Betroffenen einhergehen. Schnelles, gezieltes Handeln ist deshalb von entscheidender Bedeutung \u2013 sowohl medizinisch als auch rechtlich.<\/p>\n<p>Haben Sie den Verdacht oder die Best\u00e4tigung, sich eine Infektion im Krankenhaus zugezogen zu haben, stehen wir als Anwalt f\u00fcr Arzthaftung und Medizinrecht an Ihrer Seite. Mit jahrelanger Erfahrung und einer soliden Expertise auf den Gebieten der Krankenhaushygiene, der Infektiologie und der Mikrobiologie unterst\u00fctzen wir Sie dabei, diese spezielle rechtliche Situation zu beurteilen und einen gerechten Ausgleich f\u00fcr erlittene Sch\u00e4den zu erstreiten. Dazu pr\u00fcfen wir jeden Einzelfall einer nosokomialen Infektion genau und besprechen gemeinsam mit Ihnen die vorhandenen rechtlichen M\u00f6glichkeiten. Wir arbeiten eng mit einem erfahrenen Krankenhaushygieniker zusammen.<\/p>\n<p>Die Kanzlei Dr. Schultze-Zeu \u2022 Manthei &amp; Kollegen hat bereits zahlreiche Gerichtsverfahren aus den Bereichen der Arzthaftung und des Medizinrechts erfolgreich bestritten und konnte wichtige Erfolge f\u00fcr ihre Mandanten erzielen, wenn es darum ging, ein Krankenhaus zu verklagen. Wir erstreiten regelm\u00e4\u00dfig <a href=\"https:\/\/ratgeber-arzthaftung.de\/de\/erfolge\/aerztefehler-behandlungsfehler-erfolge\/\">hohe Schadenersatz- und Schmerzensgeldzahlungen<\/a> \u2013 und werden <a href=\"https:\/\/ratgeber-arzthaftung.de\/de\/erfolge\/erfolge-in-der-rechtsprechung\/\">vom Bundesgerichtshof und anderen Gerichten mehrfach zitiert<\/a>.<\/p>\n<p><strong>Bei uns profitieren Sie von<\/strong><\/p>\n<ul>\n<li>umfassender Erfahrung im Medizinrecht<\/li>\n<li>Beratungserfolgen bis hin zum Bundesgerichtshof<\/li>\n<li>fast ausschlie\u00dflicher Vertretung der Patientenseite<\/li>\n<li>enge Zusammenarbeit mit einem Krankenhaushygieniker<\/li>\n<\/ul>\n<h2>Neues Urteil des Bundesgerichtshofs zur Herausgabe von Hygieneunterlagen durch das behandelnde Krankenhaus<\/h2>\n<p>Wie der Bundesgerichtshof in einem Beschluss am 25.06.2019 festlegte, k\u00f6nnen die Vorw\u00fcrfe eines Patienten im Falle eines Hygieneversto\u00dfes durch das Krankenhaus ganz allgemein gehalten werden, l\u00f6sen aber dennoch eine Verpflichtung beim Krankenhaus zur umfassenden Vorlage von Unterlagen aus.<\/p>\n<p><a href=\"https:\/\/ratgeber-arzthaftung.de\/de\/neues-urteil-des-bundesgerichtshofes-zum-thema-krankenhaushygiene\/\">Das gesamte Urteil lesen&#8230;<\/a><\/p>\n","protected":false},"excerpt":{"rendered":"<p>Wenn Sie Opfer einer Krankenhausinfektion geworden sind bzw. bei Ihnen ein MRSA diagnostiziert wurde, vertreten wir Sie bei der Durchsetzung von Schadenersatzanspr\u00fcchen gegen\u00fcber dem Krankenhaus &#8211; bundesweit.<\/p>\n","protected":false},"author":1,"featured_media":1433,"parent":16,"menu_order":0,"comment_status":"closed","ping_status":"closed","template":"seite-unterseitenliste_liste_unter_seitenbetraegen.php","meta":{"_acf_changed":false,"footnotes":""},"class_list":["post-1415","page","type-page","status-publish","has-post-thumbnail","hentry"],"acf":[],"yoast_head":"<!-- This site is optimized with the Yoast SEO plugin v26.2 - https:\/\/yoast.com\/wordpress\/plugins\/seo\/ -->\n<title>Krankenhaus verklagen bei Krankenhausinfektion | Kanzlei Berlin<\/title>\n<meta name=\"description\" content=\"Behandlungsfehler Krankenhaus, Infektion durch mangelnde Hygiene &amp; Keime? Anwalt f\u00fcr Patientenrecht Berlin hilft bei Schmerzensgeld Anspruch bundesweit!\" \/>\n<meta name=\"robots\" content=\"index, follow, max-snippet:-1, max-image-preview:large, max-video-preview:-1\" \/>\n<link rel=\"canonical\" href=\"https:\/\/ratgeber-arzthaftung.de\/de\/rechtsgebiete\/anwalt-krankenhausinfektion\/\" \/>\n<meta property=\"og:locale\" content=\"de_DE\" \/>\n<meta property=\"og:type\" content=\"article\" \/>\n<meta property=\"og:title\" content=\"Krankenhaus verklagen bei Krankenhausinfektion | Kanzlei Berlin\" \/>\n<meta property=\"og:description\" content=\"Behandlungsfehler Krankenhaus, Infektion durch mangelnde Hygiene &amp; Keime? Anwalt f\u00fcr Patientenrecht Berlin hilft bei Schmerzensgeld Anspruch bundesweit!\" \/>\n<meta property=\"og:url\" content=\"https:\/\/ratgeber-arzthaftung.de\/de\/rechtsgebiete\/anwalt-krankenhausinfektion\/\" \/>\n<meta property=\"og:site_name\" content=\"DE - Rechtsanw\u00e4lte Dr. Schultze-Zeu \u2022 Manthei &amp; Kollegen\" \/>\n<meta property=\"article:modified_time\" content=\"2024-09-19T17:15:48+00:00\" \/>\n<meta property=\"og:image\" content=\"https:\/\/ratgeber-arzthaftung.de\/de\/wp-content\/uploads\/sites\/2\/2016\/06\/banner_section_krankenhausinfektion.jpg\" \/>\n\t<meta property=\"og:image:width\" content=\"1800\" \/>\n\t<meta property=\"og:image:height\" content=\"300\" \/>\n\t<meta property=\"og:image:type\" content=\"image\/jpeg\" \/>\n<meta name=\"twitter:card\" content=\"summary_large_image\" \/>\n<meta name=\"twitter:label1\" content=\"Gesch\u00e4tzte Lesezeit\" \/>\n\t<meta name=\"twitter:data1\" content=\"4\u00a0Minuten\" \/>\n<script type=\"application\/ld+json\" class=\"yoast-schema-graph\">{\"@context\":\"https:\/\/schema.org\",\"@graph\":[{\"@type\":\"WebPage\",\"@id\":\"https:\/\/ratgeber-arzthaftung.de\/de\/rechtsgebiete\/anwalt-krankenhausinfektion\/\",\"url\":\"https:\/\/ratgeber-arzthaftung.de\/de\/rechtsgebiete\/anwalt-krankenhausinfektion\/\",\"name\":\"Krankenhaus verklagen bei Krankenhausinfektion | Kanzlei Berlin\",\"isPartOf\":{\"@id\":\"https:\/\/ratgeber-arzthaftung.de\/de\/#website\"},\"primaryImageOfPage\":{\"@id\":\"https:\/\/ratgeber-arzthaftung.de\/de\/rechtsgebiete\/anwalt-krankenhausinfektion\/#primaryimage\"},\"image\":{\"@id\":\"https:\/\/ratgeber-arzthaftung.de\/de\/rechtsgebiete\/anwalt-krankenhausinfektion\/#primaryimage\"},\"thumbnailUrl\":\"https:\/\/ratgeber-arzthaftung.de\/de\/wp-content\/uploads\/sites\/2\/2016\/06\/banner_section_krankenhausinfektion.jpg\",\"datePublished\":\"2024-06-01T15:30:55+00:00\",\"dateModified\":\"2024-09-19T17:15:48+00:00\",\"description\":\"Behandlungsfehler Krankenhaus, Infektion durch mangelnde Hygiene & Keime? Anwalt f\u00fcr Patientenrecht Berlin hilft bei Schmerzensgeld Anspruch bundesweit!\",\"breadcrumb\":{\"@id\":\"https:\/\/ratgeber-arzthaftung.de\/de\/rechtsgebiete\/anwalt-krankenhausinfektion\/#breadcrumb\"},\"inLanguage\":\"de\",\"potentialAction\":[{\"@type\":\"ReadAction\",\"target\":[\"https:\/\/ratgeber-arzthaftung.de\/de\/rechtsgebiete\/anwalt-krankenhausinfektion\/\"]}]},{\"@type\":\"ImageObject\",\"inLanguage\":\"de\",\"@id\":\"https:\/\/ratgeber-arzthaftung.de\/de\/rechtsgebiete\/anwalt-krankenhausinfektion\/#primaryimage\",\"url\":\"https:\/\/ratgeber-arzthaftung.de\/de\/wp-content\/uploads\/sites\/2\/2016\/06\/banner_section_krankenhausinfektion.jpg\",\"contentUrl\":\"https:\/\/ratgeber-arzthaftung.de\/de\/wp-content\/uploads\/sites\/2\/2016\/06\/banner_section_krankenhausinfektion.jpg\",\"width\":1800,\"height\":300,\"caption\":\"Anwalt Krankenhausinfektion\"},{\"@type\":\"BreadcrumbList\",\"@id\":\"https:\/\/ratgeber-arzthaftung.de\/de\/rechtsgebiete\/anwalt-krankenhausinfektion\/#breadcrumb\",\"itemListElement\":[{\"@type\":\"ListItem\",\"position\":1,\"name\":\"Startseite\",\"item\":\"https:\/\/ratgeber-arzthaftung.de\/de\/\"},{\"@type\":\"ListItem\",\"position\":2,\"name\":\"Rechtsgebiete\",\"item\":\"https:\/\/ratgeber-arzthaftung.de\/de\/rechtsgebiete\/\"},{\"@type\":\"ListItem\",\"position\":3,\"name\":\"Krankenhausinfektion: Wenn Sie das Krankenhaus verklagen wollen\"}]},{\"@type\":\"WebSite\",\"@id\":\"https:\/\/ratgeber-arzthaftung.de\/de\/#website\",\"url\":\"https:\/\/ratgeber-arzthaftung.de\/de\/\",\"name\":\"DE -Geburtsschaden-Arzthaftung Rechtsanw\u00e4lte Dr. Schultze-Zeu \u2022 Manthei &amp; Kollegen\",\"description\":\"Anw\u00e4lte f\u00fcr Arzthaftung, Geburtssch\u00e4den, Medizinrecht und Medizinprodukthaftung. Wir sind bundesweit t\u00e4tig!\",\"publisher\":{\"@id\":\"https:\/\/ratgeber-arzthaftung.de\/de\/#organization\"},\"potentialAction\":[{\"@type\":\"SearchAction\",\"target\":{\"@type\":\"EntryPoint\",\"urlTemplate\":\"https:\/\/ratgeber-arzthaftung.de\/de\/?s={search_term_string}\"},\"query-input\":{\"@type\":\"PropertyValueSpecification\",\"valueRequired\":true,\"valueName\":\"search_term_string\"}}],\"inLanguage\":\"de\"},{\"@type\":\"Organization\",\"@id\":\"https:\/\/ratgeber-arzthaftung.de\/de\/#organization\",\"name\":\"Anwaltskanzlei Berlin Dr. Schultze-Zeu Manthei & Kollegen\",\"url\":\"https:\/\/ratgeber-arzthaftung.de\/de\/\",\"logo\":{\"@type\":\"ImageObject\",\"inLanguage\":\"de\",\"@id\":\"https:\/\/ratgeber-arzthaftung.de\/de\/#\/schema\/logo\/image\/\",\"url\":\"https:\/\/ratgeber-arzthaftung.de\/de\/wp-content\/uploads\/sites\/2\/2016\/06\/smk-logo_mobile.png\",\"contentUrl\":\"https:\/\/ratgeber-arzthaftung.de\/de\/wp-content\/uploads\/sites\/2\/2016\/06\/smk-logo_mobile.png\",\"width\":206,\"height\":61,\"caption\":\"Anwaltskanzlei Berlin Dr. Schultze-Zeu Manthei & Kollegen\"},\"image\":{\"@id\":\"https:\/\/ratgeber-arzthaftung.de\/de\/#\/schema\/logo\/image\/\"}}]}<\/script>\n<!-- \/ Yoast SEO plugin. -->","yoast_head_json":{"title":"Krankenhaus verklagen bei Krankenhausinfektion | Kanzlei Berlin","description":"Behandlungsfehler Krankenhaus, Infektion durch mangelnde Hygiene & Keime? Anwalt f\u00fcr Patientenrecht Berlin hilft bei Schmerzensgeld Anspruch bundesweit!","robots":{"index":"index","follow":"follow","max-snippet":"max-snippet:-1","max-image-preview":"max-image-preview:large","max-video-preview":"max-video-preview:-1"},"canonical":"https:\/\/ratgeber-arzthaftung.de\/de\/rechtsgebiete\/anwalt-krankenhausinfektion\/","og_locale":"de_DE","og_type":"article","og_title":"Krankenhaus verklagen bei Krankenhausinfektion | Kanzlei Berlin","og_description":"Behandlungsfehler Krankenhaus, Infektion durch mangelnde Hygiene & Keime? Anwalt f\u00fcr Patientenrecht Berlin hilft bei Schmerzensgeld Anspruch bundesweit!","og_url":"https:\/\/ratgeber-arzthaftung.de\/de\/rechtsgebiete\/anwalt-krankenhausinfektion\/","og_site_name":"DE - Rechtsanw\u00e4lte Dr. Schultze-Zeu \u2022 Manthei &amp; Kollegen","article_modified_time":"2024-09-19T17:15:48+00:00","og_image":[{"width":1800,"height":300,"url":"https:\/\/ratgeber-arzthaftung.de\/de\/wp-content\/uploads\/sites\/2\/2016\/06\/banner_section_krankenhausinfektion.jpg","type":"image\/jpeg"}],"twitter_card":"summary_large_image","twitter_misc":{"Gesch\u00e4tzte Lesezeit":"4\u00a0Minuten"},"schema":{"@context":"https:\/\/schema.org","@graph":[{"@type":"WebPage","@id":"https:\/\/ratgeber-arzthaftung.de\/de\/rechtsgebiete\/anwalt-krankenhausinfektion\/","url":"https:\/\/ratgeber-arzthaftung.de\/de\/rechtsgebiete\/anwalt-krankenhausinfektion\/","name":"Krankenhaus verklagen bei Krankenhausinfektion | Kanzlei Berlin","isPartOf":{"@id":"https:\/\/ratgeber-arzthaftung.de\/de\/#website"},"primaryImageOfPage":{"@id":"https:\/\/ratgeber-arzthaftung.de\/de\/rechtsgebiete\/anwalt-krankenhausinfektion\/#primaryimage"},"image":{"@id":"https:\/\/ratgeber-arzthaftung.de\/de\/rechtsgebiete\/anwalt-krankenhausinfektion\/#primaryimage"},"thumbnailUrl":"https:\/\/ratgeber-arzthaftung.de\/de\/wp-content\/uploads\/sites\/2\/2016\/06\/banner_section_krankenhausinfektion.jpg","datePublished":"2024-06-01T15:30:55+00:00","dateModified":"2024-09-19T17:15:48+00:00","description":"Behandlungsfehler Krankenhaus, Infektion durch mangelnde Hygiene & Keime? Anwalt f\u00fcr Patientenrecht Berlin hilft bei Schmerzensgeld Anspruch bundesweit!","breadcrumb":{"@id":"https:\/\/ratgeber-arzthaftung.de\/de\/rechtsgebiete\/anwalt-krankenhausinfektion\/#breadcrumb"},"inLanguage":"de","potentialAction":[{"@type":"ReadAction","target":["https:\/\/ratgeber-arzthaftung.de\/de\/rechtsgebiete\/anwalt-krankenhausinfektion\/"]}]},{"@type":"ImageObject","inLanguage":"de","@id":"https:\/\/ratgeber-arzthaftung.de\/de\/rechtsgebiete\/anwalt-krankenhausinfektion\/#primaryimage","url":"https:\/\/ratgeber-arzthaftung.de\/de\/wp-content\/uploads\/sites\/2\/2016\/06\/banner_section_krankenhausinfektion.jpg","contentUrl":"https:\/\/ratgeber-arzthaftung.de\/de\/wp-content\/uploads\/sites\/2\/2016\/06\/banner_section_krankenhausinfektion.jpg","width":1800,"height":300,"caption":"Anwalt Krankenhausinfektion"},{"@type":"BreadcrumbList","@id":"https:\/\/ratgeber-arzthaftung.de\/de\/rechtsgebiete\/anwalt-krankenhausinfektion\/#breadcrumb","itemListElement":[{"@type":"ListItem","position":1,"name":"Startseite","item":"https:\/\/ratgeber-arzthaftung.de\/de\/"},{"@type":"ListItem","position":2,"name":"Rechtsgebiete","item":"https:\/\/ratgeber-arzthaftung.de\/de\/rechtsgebiete\/"},{"@type":"ListItem","position":3,"name":"Krankenhausinfektion: Wenn Sie das Krankenhaus verklagen wollen"}]},{"@type":"WebSite","@id":"https:\/\/ratgeber-arzthaftung.de\/de\/#website","url":"https:\/\/ratgeber-arzthaftung.de\/de\/","name":"DE -Geburtsschaden-Arzthaftung Rechtsanw\u00e4lte Dr. Schultze-Zeu \u2022 Manthei &amp; Kollegen","description":"Anw\u00e4lte f\u00fcr Arzthaftung, Geburtssch\u00e4den, Medizinrecht und Medizinprodukthaftung. Wir sind bundesweit t\u00e4tig!","publisher":{"@id":"https:\/\/ratgeber-arzthaftung.de\/de\/#organization"},"potentialAction":[{"@type":"SearchAction","target":{"@type":"EntryPoint","urlTemplate":"https:\/\/ratgeber-arzthaftung.de\/de\/?s={search_term_string}"},"query-input":{"@type":"PropertyValueSpecification","valueRequired":true,"valueName":"search_term_string"}}],"inLanguage":"de"},{"@type":"Organization","@id":"https:\/\/ratgeber-arzthaftung.de\/de\/#organization","name":"Anwaltskanzlei Berlin Dr. Schultze-Zeu Manthei & Kollegen","url":"https:\/\/ratgeber-arzthaftung.de\/de\/","logo":{"@type":"ImageObject","inLanguage":"de","@id":"https:\/\/ratgeber-arzthaftung.de\/de\/#\/schema\/logo\/image\/","url":"https:\/\/ratgeber-arzthaftung.de\/de\/wp-content\/uploads\/sites\/2\/2016\/06\/smk-logo_mobile.png","contentUrl":"https:\/\/ratgeber-arzthaftung.de\/de\/wp-content\/uploads\/sites\/2\/2016\/06\/smk-logo_mobile.png","width":206,"height":61,"caption":"Anwaltskanzlei Berlin Dr. Schultze-Zeu Manthei & Kollegen"},"image":{"@id":"https:\/\/ratgeber-arzthaftung.de\/de\/#\/schema\/logo\/image\/"}}]}},"_links":{"self":[{"href":"https:\/\/ratgeber-arzthaftung.de\/de\/wp-json\/wp\/v2\/pages\/1415","targetHints":{"allow":["GET"]}}],"collection":[{"href":"https:\/\/ratgeber-arzthaftung.de\/de\/wp-json\/wp\/v2\/pages"}],"about":[{"href":"https:\/\/ratgeber-arzthaftung.de\/de\/wp-json\/wp\/v2\/types\/page"}],"author":[{"embeddable":true,"href":"https:\/\/ratgeber-arzthaftung.de\/de\/wp-json\/wp\/v2\/users\/1"}],"replies":[{"embeddable":true,"href":"https:\/\/ratgeber-arzthaftung.de\/de\/wp-json\/wp\/v2\/comments?post=1415"}],"version-history":[{"count":0,"href":"https:\/\/ratgeber-arzthaftung.de\/de\/wp-json\/wp\/v2\/pages\/1415\/revisions"}],"up":[{"embeddable":true,"href":"https:\/\/ratgeber-arzthaftung.de\/de\/wp-json\/wp\/v2\/pages\/16"}],"wp:featuredmedia":[{"embeddable":true,"href":"https:\/\/ratgeber-arzthaftung.de\/de\/wp-json\/wp\/v2\/media\/1433"}],"wp:attachment":[{"href":"https:\/\/ratgeber-arzthaftung.de\/de\/wp-json\/wp\/v2\/media?parent=1415"}],"curies":[{"name":"wp","href":"https:\/\/api.w.org\/{rel}","templated":true}]}}