{"id":130,"date":"2016-06-01T04:00:48","date_gmt":"2016-06-01T02:00:48","guid":{"rendered":"https:\/\/ratgeber-arzthaftung.de\/de\/?page_id=130"},"modified":"2020-12-11T12:01:18","modified_gmt":"2020-12-11T11:01:18","slug":"urteile-verkehrsrecht","status":"publish","type":"page","link":"https:\/\/ratgeber-arzthaftung.de\/de\/rechtsprechung\/urteile-verkehrsrecht\/","title":{"rendered":"Urteile Verkehrsrecht"},"content":{"rendered":"<h1>Urteile im Verkehrsrecht<\/h1>\n","protected":false},"excerpt":{"rendered":"<p>Urteile im Verkehrsrecht<\/p>\n","protected":false},"author":1,"featured_media":879,"parent":117,"menu_order":7,"comment_status":"closed","ping_status":"closed","template":"seite-unterseitenliste_liste_ueber_seitenbetraegen.php","meta":{"_acf_changed":false,"footnotes":""},"class_list":["post-130","page","type-page","status-publish","has-post-thumbnail","hentry"],"acf":[],"yoast_head":"<!-- This site is optimized with the Yoast SEO plugin v26.2 - https:\/\/yoast.com\/wordpress\/plugins\/seo\/ -->\n<title>Anwalt Verkehrsrecht &gt; Rechtsprechung und Urteile | Schultze-Zeu \u2022 Manthei &amp; Kollegen<\/title>\n<meta name=\"description\" content=\"Fachanw\u00e4lte f\u00fcr Arzthaftung Behandlungsfehler Medizinrecht Geburtssch\u00e4den. Als Patientenanw\u00e4lte vertreten wir bundesweit, gerichtlich und au\u00dfergerichtlich.\" \/>\n<meta name=\"robots\" content=\"index, follow, max-snippet:-1, max-image-preview:large, max-video-preview:-1\" \/>\n<link rel=\"canonical\" href=\"https:\/\/ratgeber-arzthaftung.de\/de\/rechtsprechung\/urteile-verkehrsrecht\/\" \/>\n<meta property=\"og:locale\" content=\"de_DE\" \/>\n<meta property=\"og:type\" content=\"article\" \/>\n<meta property=\"og:title\" content=\"Anwalt Verkehrsrecht &gt; Rechtsprechung und Urteile | Schultze-Zeu \u2022 Manthei &amp; Kollegen\" \/>\n<meta property=\"og:description\" content=\"Fachanw\u00e4lte f\u00fcr Arzthaftung Behandlungsfehler Medizinrecht Geburtssch\u00e4den. Als Patientenanw\u00e4lte vertreten wir bundesweit, gerichtlich und au\u00dfergerichtlich.\" \/>\n<meta property=\"og:url\" content=\"https:\/\/ratgeber-arzthaftung.de\/de\/rechtsprechung\/urteile-verkehrsrecht\/\" \/>\n<meta property=\"og:site_name\" content=\"DE - Rechtsanw\u00e4lte Dr. Schultze-Zeu \u2022 Manthei &amp; Kollegen\" \/>\n<meta property=\"article:modified_time\" content=\"2020-12-11T11:01:18+00:00\" \/>\n<meta property=\"og:image\" content=\"https:\/\/ratgeber-arzthaftung.de\/de\/wp-content\/uploads\/sites\/2\/2016\/06\/banner_verkehrsrecht_c.jpg\" \/>\n\t<meta property=\"og:image:width\" content=\"1800\" \/>\n\t<meta property=\"og:image:height\" content=\"300\" \/>\n\t<meta property=\"og:image:type\" content=\"image\/jpeg\" \/>\n<meta name=\"twitter:card\" content=\"summary_large_image\" \/>\n<script type=\"application\/ld+json\" class=\"yoast-schema-graph\">{\"@context\":\"https:\/\/schema.org\",\"@graph\":[{\"@type\":\"WebPage\",\"@id\":\"https:\/\/ratgeber-arzthaftung.de\/de\/rechtsprechung\/urteile-verkehrsrecht\/\",\"url\":\"https:\/\/ratgeber-arzthaftung.de\/de\/rechtsprechung\/urteile-verkehrsrecht\/\",\"name\":\"Anwalt Verkehrsrecht > Rechtsprechung und Urteile | Schultze-Zeu \u2022 Manthei & Kollegen\",\"isPartOf\":{\"@id\":\"https:\/\/ratgeber-arzthaftung.de\/de\/#website\"},\"primaryImageOfPage\":{\"@id\":\"https:\/\/ratgeber-arzthaftung.de\/de\/rechtsprechung\/urteile-verkehrsrecht\/#primaryimage\"},\"image\":{\"@id\":\"https:\/\/ratgeber-arzthaftung.de\/de\/rechtsprechung\/urteile-verkehrsrecht\/#primaryimage\"},\"thumbnailUrl\":\"https:\/\/ratgeber-arzthaftung.de\/de\/wp-content\/uploads\/sites\/2\/2016\/06\/banner_verkehrsrecht_c.jpg\",\"datePublished\":\"2016-06-01T02:00:48+00:00\",\"dateModified\":\"2020-12-11T11:01:18+00:00\",\"description\":\"Fachanw\u00e4lte f\u00fcr Arzthaftung Behandlungsfehler Medizinrecht Geburtssch\u00e4den. Als Patientenanw\u00e4lte vertreten wir bundesweit, gerichtlich und au\u00dfergerichtlich.\",\"breadcrumb\":{\"@id\":\"https:\/\/ratgeber-arzthaftung.de\/de\/rechtsprechung\/urteile-verkehrsrecht\/#breadcrumb\"},\"inLanguage\":\"de\",\"potentialAction\":[{\"@type\":\"ReadAction\",\"target\":[\"https:\/\/ratgeber-arzthaftung.de\/de\/rechtsprechung\/urteile-verkehrsrecht\/\"]}]},{\"@type\":\"ImageObject\",\"inLanguage\":\"de\",\"@id\":\"https:\/\/ratgeber-arzthaftung.de\/de\/rechtsprechung\/urteile-verkehrsrecht\/#primaryimage\",\"url\":\"https:\/\/ratgeber-arzthaftung.de\/de\/wp-content\/uploads\/sites\/2\/2016\/06\/banner_verkehrsrecht_c.jpg\",\"contentUrl\":\"https:\/\/ratgeber-arzthaftung.de\/de\/wp-content\/uploads\/sites\/2\/2016\/06\/banner_verkehrsrecht_c.jpg\",\"width\":1800,\"height\":300,\"caption\":\"Anwalt Verkehrsrecht\"},{\"@type\":\"BreadcrumbList\",\"@id\":\"https:\/\/ratgeber-arzthaftung.de\/de\/rechtsprechung\/urteile-verkehrsrecht\/#breadcrumb\",\"itemListElement\":[{\"@type\":\"ListItem\",\"position\":1,\"name\":\"Startseite\",\"item\":\"https:\/\/ratgeber-arzthaftung.de\/de\/\"},{\"@type\":\"ListItem\",\"position\":2,\"name\":\"Rechtsprechung\",\"item\":\"https:\/\/ratgeber-arzthaftung.de\/de\/rechtsprechung\/\"},{\"@type\":\"ListItem\",\"position\":3,\"name\":\"Urteile Verkehrsrecht\"}]},{\"@type\":\"WebSite\",\"@id\":\"https:\/\/ratgeber-arzthaftung.de\/de\/#website\",\"url\":\"https:\/\/ratgeber-arzthaftung.de\/de\/\",\"name\":\"DE -Geburtsschaden-Arzthaftung Rechtsanw\u00e4lte Dr. Schultze-Zeu \u2022 Manthei &amp; Kollegen\",\"description\":\"Anw\u00e4lte f\u00fcr Arzthaftung, Geburtssch\u00e4den, Medizinrecht und Medizinprodukthaftung. Wir sind bundesweit t\u00e4tig!\",\"publisher\":{\"@id\":\"https:\/\/ratgeber-arzthaftung.de\/de\/#organization\"},\"potentialAction\":[{\"@type\":\"SearchAction\",\"target\":{\"@type\":\"EntryPoint\",\"urlTemplate\":\"https:\/\/ratgeber-arzthaftung.de\/de\/?s={search_term_string}\"},\"query-input\":{\"@type\":\"PropertyValueSpecification\",\"valueRequired\":true,\"valueName\":\"search_term_string\"}}],\"inLanguage\":\"de\"},{\"@type\":\"Organization\",\"@id\":\"https:\/\/ratgeber-arzthaftung.de\/de\/#organization\",\"name\":\"Anwaltskanzlei Berlin Dr. Schultze-Zeu Manthei & Kollegen\",\"url\":\"https:\/\/ratgeber-arzthaftung.de\/de\/\",\"logo\":{\"@type\":\"ImageObject\",\"inLanguage\":\"de\",\"@id\":\"https:\/\/ratgeber-arzthaftung.de\/de\/#\/schema\/logo\/image\/\",\"url\":\"https:\/\/ratgeber-arzthaftung.de\/de\/wp-content\/uploads\/sites\/2\/2016\/06\/smk-logo_mobile.png\",\"contentUrl\":\"https:\/\/ratgeber-arzthaftung.de\/de\/wp-content\/uploads\/sites\/2\/2016\/06\/smk-logo_mobile.png\",\"width\":206,\"height\":61,\"caption\":\"Anwaltskanzlei Berlin Dr. Schultze-Zeu Manthei & Kollegen\"},\"image\":{\"@id\":\"https:\/\/ratgeber-arzthaftung.de\/de\/#\/schema\/logo\/image\/\"}}]}<\/script>\n<!-- \/ Yoast SEO plugin. -->","yoast_head_json":{"title":"Anwalt Verkehrsrecht > Rechtsprechung und Urteile | Schultze-Zeu \u2022 Manthei & Kollegen","description":"Fachanw\u00e4lte f\u00fcr Arzthaftung Behandlungsfehler Medizinrecht Geburtssch\u00e4den. Als Patientenanw\u00e4lte vertreten wir bundesweit, gerichtlich und au\u00dfergerichtlich.","robots":{"index":"index","follow":"follow","max-snippet":"max-snippet:-1","max-image-preview":"max-image-preview:large","max-video-preview":"max-video-preview:-1"},"canonical":"https:\/\/ratgeber-arzthaftung.de\/de\/rechtsprechung\/urteile-verkehrsrecht\/","og_locale":"de_DE","og_type":"article","og_title":"Anwalt Verkehrsrecht > Rechtsprechung und Urteile | Schultze-Zeu \u2022 Manthei & Kollegen","og_description":"Fachanw\u00e4lte f\u00fcr Arzthaftung Behandlungsfehler Medizinrecht Geburtssch\u00e4den. Als Patientenanw\u00e4lte vertreten wir bundesweit, gerichtlich und au\u00dfergerichtlich.","og_url":"https:\/\/ratgeber-arzthaftung.de\/de\/rechtsprechung\/urteile-verkehrsrecht\/","og_site_name":"DE - Rechtsanw\u00e4lte Dr. Schultze-Zeu \u2022 Manthei &amp; Kollegen","article_modified_time":"2020-12-11T11:01:18+00:00","og_image":[{"width":1800,"height":300,"url":"https:\/\/ratgeber-arzthaftung.de\/de\/wp-content\/uploads\/sites\/2\/2016\/06\/banner_verkehrsrecht_c.jpg","type":"image\/jpeg"}],"twitter_card":"summary_large_image","schema":{"@context":"https:\/\/schema.org","@graph":[{"@type":"WebPage","@id":"https:\/\/ratgeber-arzthaftung.de\/de\/rechtsprechung\/urteile-verkehrsrecht\/","url":"https:\/\/ratgeber-arzthaftung.de\/de\/rechtsprechung\/urteile-verkehrsrecht\/","name":"Anwalt Verkehrsrecht > Rechtsprechung und Urteile | Schultze-Zeu \u2022 Manthei & Kollegen","isPartOf":{"@id":"https:\/\/ratgeber-arzthaftung.de\/de\/#website"},"primaryImageOfPage":{"@id":"https:\/\/ratgeber-arzthaftung.de\/de\/rechtsprechung\/urteile-verkehrsrecht\/#primaryimage"},"image":{"@id":"https:\/\/ratgeber-arzthaftung.de\/de\/rechtsprechung\/urteile-verkehrsrecht\/#primaryimage"},"thumbnailUrl":"https:\/\/ratgeber-arzthaftung.de\/de\/wp-content\/uploads\/sites\/2\/2016\/06\/banner_verkehrsrecht_c.jpg","datePublished":"2016-06-01T02:00:48+00:00","dateModified":"2020-12-11T11:01:18+00:00","description":"Fachanw\u00e4lte f\u00fcr Arzthaftung Behandlungsfehler Medizinrecht Geburtssch\u00e4den. Als Patientenanw\u00e4lte vertreten wir bundesweit, gerichtlich und au\u00dfergerichtlich.","breadcrumb":{"@id":"https:\/\/ratgeber-arzthaftung.de\/de\/rechtsprechung\/urteile-verkehrsrecht\/#breadcrumb"},"inLanguage":"de","potentialAction":[{"@type":"ReadAction","target":["https:\/\/ratgeber-arzthaftung.de\/de\/rechtsprechung\/urteile-verkehrsrecht\/"]}]},{"@type":"ImageObject","inLanguage":"de","@id":"https:\/\/ratgeber-arzthaftung.de\/de\/rechtsprechung\/urteile-verkehrsrecht\/#primaryimage","url":"https:\/\/ratgeber-arzthaftung.de\/de\/wp-content\/uploads\/sites\/2\/2016\/06\/banner_verkehrsrecht_c.jpg","contentUrl":"https:\/\/ratgeber-arzthaftung.de\/de\/wp-content\/uploads\/sites\/2\/2016\/06\/banner_verkehrsrecht_c.jpg","width":1800,"height":300,"caption":"Anwalt Verkehrsrecht"},{"@type":"BreadcrumbList","@id":"https:\/\/ratgeber-arzthaftung.de\/de\/rechtsprechung\/urteile-verkehrsrecht\/#breadcrumb","itemListElement":[{"@type":"ListItem","position":1,"name":"Startseite","item":"https:\/\/ratgeber-arzthaftung.de\/de\/"},{"@type":"ListItem","position":2,"name":"Rechtsprechung","item":"https:\/\/ratgeber-arzthaftung.de\/de\/rechtsprechung\/"},{"@type":"ListItem","position":3,"name":"Urteile Verkehrsrecht"}]},{"@type":"WebSite","@id":"https:\/\/ratgeber-arzthaftung.de\/de\/#website","url":"https:\/\/ratgeber-arzthaftung.de\/de\/","name":"DE -Geburtsschaden-Arzthaftung Rechtsanw\u00e4lte Dr. Schultze-Zeu \u2022 Manthei &amp; Kollegen","description":"Anw\u00e4lte f\u00fcr Arzthaftung, Geburtssch\u00e4den, Medizinrecht und Medizinprodukthaftung. Wir sind bundesweit t\u00e4tig!","publisher":{"@id":"https:\/\/ratgeber-arzthaftung.de\/de\/#organization"},"potentialAction":[{"@type":"SearchAction","target":{"@type":"EntryPoint","urlTemplate":"https:\/\/ratgeber-arzthaftung.de\/de\/?s={search_term_string}"},"query-input":{"@type":"PropertyValueSpecification","valueRequired":true,"valueName":"search_term_string"}}],"inLanguage":"de"},{"@type":"Organization","@id":"https:\/\/ratgeber-arzthaftung.de\/de\/#organization","name":"Anwaltskanzlei Berlin Dr. Schultze-Zeu Manthei & Kollegen","url":"https:\/\/ratgeber-arzthaftung.de\/de\/","logo":{"@type":"ImageObject","inLanguage":"de","@id":"https:\/\/ratgeber-arzthaftung.de\/de\/#\/schema\/logo\/image\/","url":"https:\/\/ratgeber-arzthaftung.de\/de\/wp-content\/uploads\/sites\/2\/2016\/06\/smk-logo_mobile.png","contentUrl":"https:\/\/ratgeber-arzthaftung.de\/de\/wp-content\/uploads\/sites\/2\/2016\/06\/smk-logo_mobile.png","width":206,"height":61,"caption":"Anwaltskanzlei Berlin Dr. Schultze-Zeu Manthei & Kollegen"},"image":{"@id":"https:\/\/ratgeber-arzthaftung.de\/de\/#\/schema\/logo\/image\/"}}]}},"_links":{"self":[{"href":"https:\/\/ratgeber-arzthaftung.de\/de\/wp-json\/wp\/v2\/pages\/130","targetHints":{"allow":["GET"]}}],"collection":[{"href":"https:\/\/ratgeber-arzthaftung.de\/de\/wp-json\/wp\/v2\/pages"}],"about":[{"href":"https:\/\/ratgeber-arzthaftung.de\/de\/wp-json\/wp\/v2\/types\/page"}],"author":[{"embeddable":true,"href":"https:\/\/ratgeber-arzthaftung.de\/de\/wp-json\/wp\/v2\/users\/1"}],"replies":[{"embeddable":true,"href":"https:\/\/ratgeber-arzthaftung.de\/de\/wp-json\/wp\/v2\/comments?post=130"}],"version-history":[{"count":0,"href":"https:\/\/ratgeber-arzthaftung.de\/de\/wp-json\/wp\/v2\/pages\/130\/revisions"}],"up":[{"embeddable":true,"href":"https:\/\/ratgeber-arzthaftung.de\/de\/wp-json\/wp\/v2\/pages\/117"}],"wp:featuredmedia":[{"embeddable":true,"href":"https:\/\/ratgeber-arzthaftung.de\/de\/wp-json\/wp\/v2\/media\/879"}],"wp:attachment":[{"href":"https:\/\/ratgeber-arzthaftung.de\/de\/wp-json\/wp\/v2\/media?parent=130"}],"curies":[{"name":"wp","href":"https:\/\/api.w.org\/{rel}","templated":true}]}}